{"id":4555,"date":"2016-07-19T21:30:43","date_gmt":"2016-07-19T21:30:43","guid":{"rendered":"http:\/\/equipomedicocentral.com\/wordpress\/product\/sorin-stockert-sc\/"},"modified":"2023-08-23T06:12:36","modified_gmt":"2023-08-23T10:12:36","slug":"sorin-stockert-sc","status":"publish","type":"product","link":"https:\/\/www.somatechnology.com\/spanish\/equipo-medico-usado-remanufacturado\/cardiovascular\/maquinas-de-corazon-y-pulmon\/sorin-stockert-sc\/","title":{"rendered":"Sorin Stockert SC"},"content":{"rendered":"<h2>M\u00e1quina de Coraz\u00f3n y Pulm\u00f3n Sorin Stockert SC<\/h2>\n<h3>Especificaciones<\/h3>\n<ul>\n<li>Altura (sin m\u00e1stiles): 26.4 in (670mm)<\/li>\n<li>Altura (soporte del piso al m\u00e1stil): 6.7 in (170 mm)<\/li>\n<li>Anchura: 29.6 adentro (751mm)<\/li>\n<li>Profundidad: 30.5 en (774mm)<\/li>\n<li>Peso: 286.6 lbs (130kg)<\/li>\n<\/ul>\n<h3>Condiciones operacionales<\/h3>\n<ul>\n<li>Temperatura de funcionamiento: + 10 \u00b0 c&#8230; + 40 \u00b0 c<\/li>\n<li>Temperatura de almacenaje: 0 \u00b0 c&#8230; + 40 \u00b0 c<\/li>\n<li>Humedad relativa (operaci\u00f3n y almacenamiento): 30% \u2026 75%<\/li>\n<\/ul>\n<h3>M\u00e1stil m\u00e1stil telescopio<\/h3>\n<ul>\n<li>Altura (desde el nivel del suelo) 1365 mm m\u00edn. (4,5 ft.)\u00a0 2000 mm m\u00e1x. (6,6 ft.)<\/li>\n<li>Di\u00e1metro (pieza fija) \u00d8 33 mm (1,3 pulg.)<\/li>\n<li>Di\u00e1metro (telescopio) \u00d8 25 mm (aprox. 1 pulg.)<\/li>\n<li>Carga m\u00e1xima 20 kg (44,1 lbs.) (Max. Altura de montaje 1200 mm\/4 ft., Max. cantilever 200 mm\/7.9 in.)<\/li>\n<\/ul>\n<h3>Panel de control<\/h3>\n<ul>\n<li>Altura: 12.6 in (320 mm)<\/li>\n<li>Anchura: 14.6 en (370m)<\/li>\n<li>Profundidad: 4.5 in (115m)<\/li>\n<li>Peso: 8.4 in (3800mm)<\/li>\n<\/ul>\n<p>&nbsp;<\/p>\n","protected":false},"excerpt":{"rendered":"<p>M\u00e1quina de Coraz\u00f3n y Pulm\u00f3n<\/p>\n","protected":false},"featured_media":11181,"template":"","meta":{"_acf_changed":false,"_relevanssi_hide_post":"","_relevanssi_hide_content":"","_relevanssi_pin_for_all":"","_relevanssi_pin_keywords":"","_relevanssi_unpin_keywords":"","_relevanssi_related_keywords":"","_relevanssi_related_include_ids":"","_relevanssi_related_exclude_ids":"","_relevanssi_related_no_append":"","_relevanssi_related_not_related":"","_relevanssi_related_posts":"","_relevanssi_noindex_reason":"","inline_featured_image":false},"pwb-brand":[1112],"product_brand":[],"product_cat":[78],"product_tag":[3299,3327,3326,3328],"class_list":{"0":"post-4555","1":"product","2":"type-product","3":"status-publish","4":"has-post-thumbnail","6":"pwb-brand-maquinas-de-corazon-y-pulmon-sorin","7":"product_cat-maquinas-de-corazon-y-pulmon","8":"product_tag-sorin","9":"product_tag-sorin-stockert","10":"product_tag-sorin-stockert-sc","11":"product_tag-stockert-sc","13":"first","14":"instock","15":"purchasable","16":"product-type-simple"},"acf":[],"brands":[{"id":1112,"name":"Sorin","slug":"maquinas-de-corazon-y-pulmon-sorin"}],"_links":{"self":[{"href":"https:\/\/www.somatechnology.com\/spanish\/wp-json\/wp\/v2\/product\/4555","targetHints":{"allow":["GET"]}}],"collection":[{"href":"https:\/\/www.somatechnology.com\/spanish\/wp-json\/wp\/v2\/product"}],"about":[{"href":"https:\/\/www.somatechnology.com\/spanish\/wp-json\/wp\/v2\/types\/product"}],"wp:featuredmedia":[{"embeddable":true,"href":"https:\/\/www.somatechnology.com\/spanish\/wp-json\/wp\/v2\/media\/11181"}],"wp:attachment":[{"href":"https:\/\/www.somatechnology.com\/spanish\/wp-json\/wp\/v2\/media?parent=4555"}],"wp:term":[{"taxonomy":"pwb-brand","embeddable":true,"href":"https:\/\/www.somatechnology.com\/spanish\/wp-json\/wp\/v2\/pwb-brand?post=4555"},{"taxonomy":"product_brand","embeddable":true,"href":"https:\/\/www.somatechnology.com\/spanish\/wp-json\/wp\/v2\/product_brand?post=4555"},{"taxonomy":"product_cat","embeddable":true,"href":"https:\/\/www.somatechnology.com\/spanish\/wp-json\/wp\/v2\/product_cat?post=4555"},{"taxonomy":"product_tag","embeddable":true,"href":"https:\/\/www.somatechnology.com\/spanish\/wp-json\/wp\/v2\/product_tag?post=4555"}],"curies":[{"name":"wp","href":"https:\/\/api.w.org\/{rel}","templated":true}]}}