{"id":4558,"date":"2016-07-19T21:30:43","date_gmt":"2016-07-19T21:30:43","guid":{"rendered":"http:\/\/equipomedicocentral.com\/wordpress\/product\/maquet-cs-300\/"},"modified":"2025-09-23T12:29:44","modified_gmt":"2025-09-23T16:29:44","slug":"getinge-maquet-datascope-cs300","status":"publish","type":"product","link":"https:\/\/www.somatechnology.com\/spanish\/equipo-medico-usado-remanufacturado\/cardiovascular\/bombas-intra-aorticas\/getinge-maquet-datascope-cs300\/","title":{"rendered":"Getinge Maquet Datascope CS300"},"content":{"rendered":"<h2>Caracter\u00edsticas Getinge Maquet Datascope CS300<\/h2>\n<p>La <strong>bomba intra-a\u00f3rtica Getinge Maquet Datascope CS300<\/strong> con IntelliSense combina la velocidad de fibra \u00f3ptica con la calibraci\u00f3n autom\u00e1tica in vivo. El resultado es un tiempo m\u00e1s r\u00e1pido de terapia, una adquisici\u00f3n m\u00e1s r\u00e1pida de la se\u00f1al, y una adaptaci\u00f3n m\u00e1s r\u00e1pida a los cambios de ritmo. Maquet tiene el \u00fanico sistema de bomba intra-a\u00f3rtica y cat\u00e9ter de fibra \u00f3ptica que autom\u00e1ticamente se calibra despu\u00e9s de la inserci\u00f3n y recalibra autom\u00e1ticamente en vivo cada dos horas o m\u00e1s pronto si un paciente o las condiciones ambientales cambian.<\/p>\n<ul>\n<li>Mayor velocidad de inflado y desinflado<\/li>\n<li>El CS300 cuenta con un verdadero inicio con un solo bot\u00f3n<\/li>\n<li>Calibra autom\u00e1ticamente el sensor de presi\u00f3n de fibra \u00f3ptica en el paciente y lo recalibra cada 2 horas o antes, si cambian las condiciones del paciente o del entorno<\/li>\n<li>Eval\u00faa y selecciona autom\u00e1ticamente la mejor derivaci\u00f3n (lead) y fuente de disparo (trigger)<\/li>\n<li>Ajusta autom\u00e1ticamente la sincronizaci\u00f3n \u00f3ptima<\/li>\n<li>Se adapta autom\u00e1ticamente a los cambios en las condiciones del paciente sin intervenci\u00f3n del m\u00e9dico<\/li>\n<li>Cat\u00e9ter de BIA (bal\u00f3n intraa\u00f3rtico) de fibra \u00f3ptica Maquet<\/li>\n<li>Cat\u00e9teres de BIA convencionales con columna de fluido<\/li>\n<\/ul>\n","protected":false},"excerpt":{"rendered":"<p>El cat\u00e9ter intravascular Getinge Maquet Datascope CS300 con IntelliSense combina la velocidad de la fibra \u00f3ptica con la calibraci\u00f3n autom\u00e1tica in vivo. El resultado es una terapia m\u00e1s r\u00e1pida, una adquisici\u00f3n de se\u00f1al m\u00e1s r\u00e1pida y una adaptaci\u00f3n m\u00e1s r\u00e1pida a los cambios de frecuencia y ritmo. Maquet cuenta con el \u00fanico sistema de cat\u00e9ter intravascular de fibra \u00f3ptica que se calibra autom\u00e1ticamente en el paciente tras la inserci\u00f3n y se recalibra autom\u00e1ticamente in vivo cada dos horas o antes si cambian las condiciones del paciente o del entorno.<\/p>\n","protected":false},"featured_media":30561,"template":"","meta":{"_acf_changed":false,"_relevanssi_hide_post":"","_relevanssi_hide_content":"","_relevanssi_pin_for_all":"","_relevanssi_pin_keywords":"","_relevanssi_unpin_keywords":"","_relevanssi_related_keywords":"","_relevanssi_related_include_ids":"","_relevanssi_related_exclude_ids":"","_relevanssi_related_no_append":"","_relevanssi_related_not_related":"","_relevanssi_related_posts":"","_relevanssi_noindex_reason":"","inline_featured_image":false},"pwb-brand":[1153],"product_brand":[],"product_cat":[96],"product_tag":[3613,3582,3348,10058,507,10051,3358,10055,10050,10056,10046,10044,10052,10045,10053,10059,10057,519,10049,3987,10047,3357,5017,3356,3355,3354,5018,10054,10048],"class_list":{"0":"post-4558","1":"product","2":"type-product","3":"status-publish","4":"has-post-thumbnail","6":"pwb-brand-equipo-medico-getinge","7":"product_cat-bombas-intra-aorticas","8":"product_tag-bomba","9":"product_tag-bombas","10":"product_tag-bombas-intra-aorticas","11":"product_tag-bombas-intra-aortica","12":"product_tag-datascope","13":"product_tag-datascope-bomba-de-balon-intraaortico","14":"product_tag-datascope-cs300","15":"product_tag-datascope-getinge-cs300","16":"product_tag-datascope-iabp","17":"product_tag-datascope-maquet-cs300","18":"product_tag-getinge-bomba-de-balon-intraaortico","19":"product_tag-getinge-cs300","20":"product_tag-getinge-datascope-cs300","21":"product_tag-getinge-iabp","22":"product_tag-getinge-maquet-cs300","23":"product_tag-intra-aortica","24":"product_tag-intra-aorticas","25":"product_tag-maquet","26":"product_tag-maquet-bomba-de-balon-intraaortico","27":"product_tag-maquet-bombas-intra-aorticas","28":"product_tag-maquet-cs300","29":"product_tag-maquet-datascope","30":"product_tag-maquet-datascope-bombas-intra-aorticas-datascope-cs-300-bombas-intra-aorticas","31":"product_tag-maquet-datascope-cs","32":"product_tag-maquet-datascope-cs-300","33":"product_tag-maquet-datascope-cs300","34":"product_tag-maquet-datascope-sc-300-bombas-intra-aorticas","35":"product_tag-maquet-getinge-cs300","36":"product_tag-maquet-iabp","38":"first","39":"instock","40":"purchasable","41":"product-type-simple"},"acf":[],"brands":[{"id":1153,"name":"Getinge","slug":"equipo-medico-getinge"}],"_links":{"self":[{"href":"https:\/\/www.somatechnology.com\/spanish\/wp-json\/wp\/v2\/product\/4558","targetHints":{"allow":["GET"]}}],"collection":[{"href":"https:\/\/www.somatechnology.com\/spanish\/wp-json\/wp\/v2\/product"}],"about":[{"href":"https:\/\/www.somatechnology.com\/spanish\/wp-json\/wp\/v2\/types\/product"}],"wp:featuredmedia":[{"embeddable":true,"href":"https:\/\/www.somatechnology.com\/spanish\/wp-json\/wp\/v2\/media\/30561"}],"wp:attachment":[{"href":"https:\/\/www.somatechnology.com\/spanish\/wp-json\/wp\/v2\/media?parent=4558"}],"wp:term":[{"taxonomy":"pwb-brand","embeddable":true,"href":"https:\/\/www.somatechnology.com\/spanish\/wp-json\/wp\/v2\/pwb-brand?post=4558"},{"taxonomy":"product_brand","embeddable":true,"href":"https:\/\/www.somatechnology.com\/spanish\/wp-json\/wp\/v2\/product_brand?post=4558"},{"taxonomy":"product_cat","embeddable":true,"href":"https:\/\/www.somatechnology.com\/spanish\/wp-json\/wp\/v2\/product_cat?post=4558"},{"taxonomy":"product_tag","embeddable":true,"href":"https:\/\/www.somatechnology.com\/spanish\/wp-json\/wp\/v2\/product_tag?post=4558"}],"curies":[{"name":"wp","href":"https:\/\/api.w.org\/{rel}","templated":true}]}}