{"id":4564,"date":"2016-07-19T21:31:44","date_gmt":"2016-07-19T21:31:44","guid":{"rendered":"http:\/\/equipomedicocentral.com\/wordpress\/product\/ge-datex-ohmeda-s5-avance\/"},"modified":"2025-10-09T15:52:33","modified_gmt":"2025-10-09T19:52:33","slug":"ge-datex-ohmeda-s5-avance","status":"publish","type":"product","link":"https:\/\/www.somatechnology.com\/spanish\/equipo-medico-usado-remanufacturado\/maquinas-de-anestesia\/ge-datex-ohmeda-s5-avance\/","title":{"rendered":"GE Datex Ohmeda S5 Avance"},"content":{"rendered":"<h2>GE Datex Ohmeda Avance S5 Features:<\/h2>\n<p>La <a href=\"https:\/\/www.somatechnology.com\/spanish\/wp-content\/uploads\/sites\/2\/2016\/07\/GE-Datex-Ohmeda-Avance-S5-Anesthesia-Machine-spa.pdf\">GE Datex Ohmeda Avance S5<\/a> es una m\u00e1quina de anestesia compacta que combina la administraci\u00f3n avanzada de anestesia con la monitorizaci\u00f3n del paciente para brindar la mejor atenci\u00f3n. Adem\u00e1s, cuenta con almacenamiento adicional y un espacio de trabajo m\u00e1s amplio; la Advance S5 ofrece una mayor capacidad de ventilaci\u00f3n. La GE Avance S5 utiliza la tecnolog\u00eda SmartVent y el Sistema de Respiraci\u00f3n Avanzado (ABS) para diferenciarse de otros equipos de anestesia. Con el modo de ventilaci\u00f3n 7900, el SmartVent puede mezclar gases anest\u00e9sicos con precisi\u00f3n y rapidez, ofreciendo un alto nivel de control y mejorando la seguridad del paciente. El Avance S5 incluye el Sistema de Respiraci\u00f3n Avanzado de GE, que ayuda a reducir la posibilidad de fugas. El ABS facilita la integraci\u00f3n de un flujo de gas fresco y eficiente, adem\u00e1s de un tiempo de respuesta m\u00e1s r\u00e1pido.<\/p>\n<ul>\n<li>Gases respiratorios.<\/li>\n<li>Hemodin\u00e1mico.<\/li>\n<li>Adecuaci\u00f3n de la anestesia.<\/li>\n<li>Mezclador de gas electr\u00f3nico con control neum\u00e1tico de respaldo.<\/li>\n<li>Cuatro opciones para configurar los casos de pacientes y cuatro p\u00e1ginas para mejorar la usabilidad.<\/li>\n<li>Sistema de respiraci\u00f3n avanzado. (ABS)<\/li>\n<li>N\u00famero m\u00ednimo de piezas y conexiones de tubos.<\/li>\n<li>Facilidad de desmontaje: no requiere herramientas.<\/li>\n<li>Componentes completamente esterilizables en autoclave y sin l\u00e1tex.<\/li>\n<li>Interfaz de usuario intuitiva.<\/li>\n<li>MAC ajustado por edad.<\/li>\n<li>Compatibilidad con vaporizadores TEC 5,6,7<\/li>\n<\/ul>\n","protected":false},"excerpt":{"rendered":"<p>El GE Datex Ohmeda Avance S5 es una m\u00e1quina de anestesia compacta que combina la administraci\u00f3n de anestesia avanzada con la monitorizaci\u00f3n del paciente para brindar la mejor atenci\u00f3n hospitalaria. Junto con el almacenamiento adicional y un espacio de trabajo m\u00e1s grande, el Advance S5 ofrece un mayor nivel de capacidades de ventilaci\u00f3n.<\/p>\n","protected":false},"featured_media":22299,"template":"","meta":{"_acf_changed":false,"_relevanssi_hide_post":"","_relevanssi_hide_content":"","_relevanssi_pin_for_all":"","_relevanssi_pin_keywords":"","_relevanssi_unpin_keywords":"","_relevanssi_related_keywords":"","_relevanssi_related_include_ids":"","_relevanssi_related_exclude_ids":"","_relevanssi_related_no_append":"","_relevanssi_related_not_related":"","_relevanssi_related_posts":"","_relevanssi_noindex_reason":"","inline_featured_image":false},"pwb-brand":[1100],"product_brand":[],"product_cat":[48],"product_tag":[5834,5833,224,225,5835,5830,4629,5836,223,6850,4630],"class_list":{"0":"post-4564","1":"product","2":"type-product","3":"status-publish","4":"has-post-thumbnail","6":"pwb-brand-equipo-medico-ge","7":"product_cat-maquinas-de-anestesia","8":"product_tag-datex-ohmeda-s5-maquinas-de-anestesia","9":"product_tag-datex-omeda-s5","10":"product_tag-ge","11":"product_tag-ge-datex-ohmeda","12":"product_tag-ge-datex-ohmeda-avance-s5-maquinas-de-anestesia","13":"product_tag-ge-datex-ohmeda-maquinas-de-anestesia","14":"product_tag-ge-maquinas-de-anestesia","15":"product_tag-gedatex-ohmeda-avance-s5","16":"product_tag-maquinas-de-anestesia","17":"product_tag-maquinas-de-anestesia-datex-ohmeda","18":"product_tag-maquinas-de-anestesia-ge","20":"first","21":"instock","22":"purchasable","23":"product-type-simple"},"acf":[],"brands":[{"id":1100,"name":"GE","slug":"equipo-medico-ge"}],"_links":{"self":[{"href":"https:\/\/www.somatechnology.com\/spanish\/wp-json\/wp\/v2\/product\/4564","targetHints":{"allow":["GET"]}}],"collection":[{"href":"https:\/\/www.somatechnology.com\/spanish\/wp-json\/wp\/v2\/product"}],"about":[{"href":"https:\/\/www.somatechnology.com\/spanish\/wp-json\/wp\/v2\/types\/product"}],"wp:featuredmedia":[{"embeddable":true,"href":"https:\/\/www.somatechnology.com\/spanish\/wp-json\/wp\/v2\/media\/22299"}],"wp:attachment":[{"href":"https:\/\/www.somatechnology.com\/spanish\/wp-json\/wp\/v2\/media?parent=4564"}],"wp:term":[{"taxonomy":"pwb-brand","embeddable":true,"href":"https:\/\/www.somatechnology.com\/spanish\/wp-json\/wp\/v2\/pwb-brand?post=4564"},{"taxonomy":"product_brand","embeddable":true,"href":"https:\/\/www.somatechnology.com\/spanish\/wp-json\/wp\/v2\/product_brand?post=4564"},{"taxonomy":"product_cat","embeddable":true,"href":"https:\/\/www.somatechnology.com\/spanish\/wp-json\/wp\/v2\/product_cat?post=4564"},{"taxonomy":"product_tag","embeddable":true,"href":"https:\/\/www.somatechnology.com\/spanish\/wp-json\/wp\/v2\/product_tag?post=4564"}],"curies":[{"name":"wp","href":"https:\/\/api.w.org\/{rel}","templated":true}]}}