{"id":4566,"date":"2016-07-19T21:31:44","date_gmt":"2016-07-19T21:31:44","guid":{"rendered":"http:\/\/equipomedicocentral.com\/wordpress\/product\/ethicon-g11\/"},"modified":"2025-12-11T02:33:05","modified_gmt":"2025-12-11T07:33:05","slug":"ethicon-g11","status":"publish","type":"product","link":"https:\/\/www.somatechnology.com\/spanish\/equipo-medico-usado-remanufacturado\/bisturies-armonicos\/ethicon-g11\/","title":{"rendered":"Ethicon G11"},"content":{"rendered":"<div class=\"wpb-content-wrapper\"><p>[vc_row][vc_column][vc_column_text css=\u00bb\u00bb]<\/p>\n<h2>Ethicon Gen 11 Generator<\/h2>\n<p>El Ethicon Endo-Surgery Generator combina tecnolog\u00eda avanzada, multifuncionalidad y simplicidad de pantalla t\u00e1ctil en una unidad elegante y f\u00e1cil de operar. Independientemente del procedimiento o del dispositivo EES que planee utilizar, el generador EES ser\u00e1 la \u00fanica fuente de energ\u00eda que necesitar\u00e1. Compatible con los dispositivos bipolares avanzados HARMONIC\u00ae ultras\u00f3nicos y ENSEAL\u00ae actuales y futuros.<\/p>\n<ul>\n<li>Conector universal y reconocimiento autom\u00e1tico de instrumentos<\/li>\n<li>Pantalla t\u00e1ctil para una f\u00e1cil configuraci\u00f3n, operaci\u00f3n y diagn\u00f3stico en pantalla<\/li>\n<li>Pantalla de alta resoluci\u00f3n con \u00e1ngulos de visi\u00f3n m\u00e1s amplios<\/li>\n<li>Dise\u00f1o compacto, ocupa menos espacio en el quir\u00f3fano<\/li>\n<li>Actualizaciones de software disponibles a trav\u00e9s de una memoria USB<\/li>\n<li>Tecnolog\u00eda HARMONIC\u00ae y ENSEAL\u00ae en un generador:<\/li>\n<\/ul>\n<h3>Dimensiones<\/h3>\n<ul>\n<li>Generador: 13.76 \u00ab(35.0cm) x 13.98\u00bb (35.5cm) x 5.34 \u00ab(13.6cm)<\/li>\n<li>Carrito: 18.88 \u00ab(48.0cm) x 22.11\u00bb (56.2cm) x 37.53 \u00ab(95.3cm)<\/li>\n<li>Interruptor de pedal: 13.45 \u00ab(34.2cm) x 7.50\u00bb (19.0cm) x 4.10 \u00ab(10.4cm)<\/li>\n<\/ul>\n<h3>Peso<\/h3>\n<ul>\n<li>Generador: 13 lbs (5.9 kg)<\/li>\n<li>Carro: 37 lbs (16.8 kg)<\/li>\n<li>Interruptor de pedal: 8 lbs (3.6 kg)<\/li>\n<\/ul>\n<h3>Fusibles Principales<\/h3>\n<ul>\n<li>T5AL 250 V (Tiempo de retardo, 5 A, cuerpo del vidrio, tama\u00f1o del paquete de 5&#215;20 mm, cantidad: 2)<\/li>\n<\/ul>\n<h3>Grado de protecci\u00f3n contra descargas el\u00e9ctricas<\/h3>\n<ul>\n<li>Pieza aplicada tipo CF que consiste en los instrumentos HARMONIC\u00ae o ENSEAL\u00ae<\/li>\n<\/ul>\n<h3>Entrada principal<\/h3>\n<ul>\n<li>100-240 V, 50\/60 Hz, 500 VA<\/li>\n<\/ul>\n<h3>Salida<\/h3>\n<ul>\n<li>Salida HARMONIC\u00ae: 150 VAC RMS m\u00e1ximo 35 vatios continuos, 30-80 kHz (55.5 kHz a menos que se indique lo contrario en el instrumento IFU)<\/li>\n<li>Salida ENSEAL\u00ae: requiere electrodo bipolar sin neutro, 100 VAC RMS m\u00e1ximo, 135 vatios m\u00e1ximo, 300-490 kHz (330 kHz a menos que se indique lo contrario en el instrumento IFU)<\/li>\n<\/ul>\n<h3>Condiciones de funcionamiento ambiente<\/h3>\n<ul>\n<li>Temperatura: 59 \u00b0 F-80.6 \u00b0 F, 15 \u00b0 C-27 \u00b0 C<\/li>\n<li>Humedad: 30% -75% sin condensaci\u00f3n<\/li>\n<li>Rango de presi\u00f3n atmosf\u00e9rica: 700 hPa-1060 hPa<\/li>\n<\/ul>\n<h3>Condiciones de transporte y almacenamiento<\/h3>\n<ul>\n<li>Trans \u2022 Temperatura: -31 \u00b0 F-129.2 \u00b0 F, -35 \u00b0 C- + 54 \u00b0 C<\/li>\n<li>Humedad: 10% -95% sin condensaci\u00f3n<\/li>\n<li>Rango de presi\u00f3n atmosf\u00e9rica: 700 hPa-1060 hPa condiciones de puerto y almacenamiento<\/li>\n<\/ul>\n<p>[\/vc_column_text][\/vc_column][\/vc_row]<\/p>\n<\/div>","protected":false},"excerpt":{"rendered":"<p>Bisturi Arm\u00f3nicos<\/p>\n","protected":false},"featured_media":20180,"template":"","meta":{"_acf_changed":false,"_relevanssi_hide_post":"","_relevanssi_hide_content":"","_relevanssi_pin_for_all":"","_relevanssi_pin_keywords":"","_relevanssi_unpin_keywords":"","_relevanssi_related_keywords":"","_relevanssi_related_include_ids":"","_relevanssi_related_exclude_ids":"","_relevanssi_related_no_append":"","_relevanssi_related_not_related":"","_relevanssi_related_posts":"","_relevanssi_noindex_reason":"","inline_featured_image":false},"pwb-brand":[1161],"product_brand":[],"product_cat":[89],"product_tag":[760,1039,1038],"class_list":{"0":"post-4566","1":"product","2":"type-product","3":"status-publish","4":"has-post-thumbnail","6":"pwb-brand-equipo-medico-ethicon","7":"product_cat-bisturies-armonicos","8":"product_tag-ethicon","9":"product_tag-ethicon-gen","10":"product_tag-ethicon-gen-11","12":"first","13":"instock","14":"purchasable","15":"product-type-simple"},"acf":[],"brands":[{"id":1161,"name":"Ethicon","slug":"equipo-medico-ethicon"}],"_links":{"self":[{"href":"https:\/\/www.somatechnology.com\/spanish\/wp-json\/wp\/v2\/product\/4566","targetHints":{"allow":["GET"]}}],"collection":[{"href":"https:\/\/www.somatechnology.com\/spanish\/wp-json\/wp\/v2\/product"}],"about":[{"href":"https:\/\/www.somatechnology.com\/spanish\/wp-json\/wp\/v2\/types\/product"}],"wp:featuredmedia":[{"embeddable":true,"href":"https:\/\/www.somatechnology.com\/spanish\/wp-json\/wp\/v2\/media\/20180"}],"wp:attachment":[{"href":"https:\/\/www.somatechnology.com\/spanish\/wp-json\/wp\/v2\/media?parent=4566"}],"wp:term":[{"taxonomy":"pwb-brand","embeddable":true,"href":"https:\/\/www.somatechnology.com\/spanish\/wp-json\/wp\/v2\/pwb-brand?post=4566"},{"taxonomy":"product_brand","embeddable":true,"href":"https:\/\/www.somatechnology.com\/spanish\/wp-json\/wp\/v2\/product_brand?post=4566"},{"taxonomy":"product_cat","embeddable":true,"href":"https:\/\/www.somatechnology.com\/spanish\/wp-json\/wp\/v2\/product_cat?post=4566"},{"taxonomy":"product_tag","embeddable":true,"href":"https:\/\/www.somatechnology.com\/spanish\/wp-json\/wp\/v2\/product_tag?post=4566"}],"curies":[{"name":"wp","href":"https:\/\/api.w.org\/{rel}","templated":true}]}}