{"id":4568,"date":"2016-07-19T21:31:44","date_gmt":"2016-07-19T21:31:44","guid":{"rendered":"http:\/\/equipomedicocentral.com\/wordpress\/product\/philips-respironics-v60\/"},"modified":"2025-06-25T16:36:26","modified_gmt":"2025-06-25T20:36:26","slug":"philips-respironics-v60","status":"publish","type":"product","link":"https:\/\/www.somatechnology.com\/spanish\/equipo-medico-usado-remanufacturado\/bipap\/philips-respironics-v60\/","title":{"rendered":"Philips Respironics V60"},"content":{"rendered":"<h2>Philips Respironics V60 Ventilador<\/h2>\n<p>El Philips\u00a0Respironics V60 Ventilador combina la experiencia en ventilaci\u00f3n de Respironics con la de Philips para centrarse en la simplificaci\u00f3n de la atenci\u00f3n sanitaria avanzada. Por lo tanto, la ventilaci\u00f3n no invasiva establece un est\u00e1ndar de oro con una red de seguridad de ventilaci\u00f3n invasiva que ayuda a simplificar el manejo del paciente. As\u00ed como cada respiraci\u00f3n importa y cada respiraci\u00f3n es diferente, los pacientes necesitan un ventilador que siempre siga su patr\u00f3n de respiraci\u00f3n, sea cual sea su agudeza.<\/p>\n<ul>\n<li>Gr\u00e1ficos de alta resoluci\u00f3n que facilitan la interpretaci\u00f3n de las formas de onda.<\/li>\n<li>Tambi\u00e9n se ofrece una bater\u00eda interna de 6 horas para permitir el transporte intrahospitalario (el tiempo real de la bater\u00eda variar\u00e1 seg\u00fan la configuraci\u00f3n del usuario y el nivel de carga de la bater\u00eda). As\u00ed pues, el modo de espera permite la interacci\u00f3n entre el paciente y el m\u00e9dico sin alarmas molestas.<\/li>\n<li>Adem\u00e1s, se ofrecen capacidades de comunicaci\u00f3n de datos para apoyar la conectividad del hospital.<\/li>\n<li>Igualmente importante es el Respi-Link, una herramienta de comunicaci\u00f3n a distancia que permite realizar diagn\u00f3sticos y actualizaciones eficientes del sistema a trav\u00e9s de Internet.<\/li>\n<li>El AVAPS mantiene un volumen corriente objetivo en un modo de presi\u00f3n limitada. Adem\u00e1s, proporciona una seguridad adicional similar a un modo de volumen limitado con la seguridad de un modo de presi\u00f3n limitada.<\/li>\n<li>Adem\u00e1s, la CPAP con C-Flex ofrece tres niveles de alivio de la presi\u00f3n espiratoria basada en el flujo. Como resultado, se mejora la calidad del sue\u00f1o y la comodidad del paciente, a\u00f1adiendo una mayor flexibilidad y una mejor aceptaci\u00f3n del tratamiento.<\/li>\n<li>La PCV ofrece un mayor control del patr\u00f3n respiratorio del paciente cuando es necesario. Adem\u00e1s, la opci\u00f3n de ventilar al paciente de manera invasiva le da al cuidador una mayor flexibilidad en el enfoque del tratamiento.<\/li>\n<li>Igualmente importante es el rendimiento de la VNI en la UCI, que mejora la seguridad y la monitorizaci\u00f3n.<\/li>\n<li>Tratamiento para una amplia gama de severidades cl\u00ednicas y espec\u00edficamente, pacientes desde pedi\u00e1tricos hasta adultos.<\/li>\n<li>Por \u00faltimo, el V60 proporciona flexibilidad para el transporte intrahospitalario con una bater\u00eda interna inteligente de 6 horas.<\/li>\n<\/ul>\n<h3>Tecnolog\u00eda Auto-adaptativa V60<\/h3>\n<p>Philips <a href=\"https:\/\/www.somatechnology.com\/spanish\/2020\/12\/09\/philips-respironics-v60-ventilador\/\" target=\"_blank\" rel=\"noopener\">Respironics V60<\/a> Ventilador utiliza la tecnolog\u00eda Auto-Trak para ayudar a asegurar la sincron\u00eda del paciente y la aceptaci\u00f3n de la terapia. La tecnolog\u00eda Auto-Trak est\u00e1 dise\u00f1ada para abordar los desaf\u00edos espec\u00edficos de la ventilaci\u00f3n no invasiva (VNI). Dado que se proporcionan la compensaci\u00f3n de fugas auto-adaptativa, el disparo inspiratorio y el ciclo espiratorio, Auto-Trak ofrece una sincron\u00eda \u00f3ptima para cada demanda cambiante del paciente.<\/p>\n","protected":false},"excerpt":{"rendered":"<p>El Philips\u00a0Respironics V60 Ventilador combina la experiencia en ventilaci\u00f3n de Respironics con la de Philips para centrarse en la simplificaci\u00f3n de la atenci\u00f3n sanitaria avanzada. Por lo tanto, la ventilaci\u00f3n no invasiva establece un est\u00e1ndar de oro con una red de seguridad de ventilaci\u00f3n invasiva que ayuda a simplificar el manejo del paciente. As\u00ed como cada respiraci\u00f3n importa y cada respiraci\u00f3n es diferente, los pacientes necesitan un ventilador que siempre siga su patr\u00f3n de respiraci\u00f3n, sea cual sea su agudeza.<\/p>\n","protected":false},"featured_media":19219,"template":"","meta":{"_acf_changed":false,"_relevanssi_hide_post":"","_relevanssi_hide_content":"","_relevanssi_pin_for_all":"","_relevanssi_pin_keywords":"","_relevanssi_unpin_keywords":"","_relevanssi_related_keywords":"","_relevanssi_related_include_ids":"","_relevanssi_related_exclude_ids":"","_relevanssi_related_no_append":"","_relevanssi_related_not_related":"","_relevanssi_related_posts":"","_relevanssi_noindex_reason":"","inline_featured_image":false},"pwb-brand":[1102],"product_brand":[],"product_cat":[88,51],"product_tag":[273,1529,1541,1539,1530,1537,1542,1540,1538,1032,1469,1028,6885],"class_list":{"0":"post-4568","1":"product","2":"type-product","3":"status-publish","4":"has-post-thumbnail","6":"pwb-brand-equipo-medico-philips","7":"product_cat-bipap","8":"product_cat-ventiladores","9":"product_tag-philips","10":"product_tag-philips-respironics","11":"product_tag-philips-respironics-v60","12":"product_tag-philips-v60","13":"product_tag-respironics","14":"product_tag-respironics-philips","15":"product_tag-respironics-philips-v60","16":"product_tag-respironics-v60","17":"product_tag-v60","18":"product_tag-ventilador","19":"product_tag-ventiladore","20":"product_tag-ventiladores","21":"product_tag-ventiladores-philips","23":"first","24":"instock","25":"purchasable","26":"product-type-simple"},"acf":[],"brands":[{"id":1102,"name":"Philips","slug":"equipo-medico-philips"}],"_links":{"self":[{"href":"https:\/\/www.somatechnology.com\/spanish\/wp-json\/wp\/v2\/product\/4568","targetHints":{"allow":["GET"]}}],"collection":[{"href":"https:\/\/www.somatechnology.com\/spanish\/wp-json\/wp\/v2\/product"}],"about":[{"href":"https:\/\/www.somatechnology.com\/spanish\/wp-json\/wp\/v2\/types\/product"}],"wp:featuredmedia":[{"embeddable":true,"href":"https:\/\/www.somatechnology.com\/spanish\/wp-json\/wp\/v2\/media\/19219"}],"wp:attachment":[{"href":"https:\/\/www.somatechnology.com\/spanish\/wp-json\/wp\/v2\/media?parent=4568"}],"wp:term":[{"taxonomy":"pwb-brand","embeddable":true,"href":"https:\/\/www.somatechnology.com\/spanish\/wp-json\/wp\/v2\/pwb-brand?post=4568"},{"taxonomy":"product_brand","embeddable":true,"href":"https:\/\/www.somatechnology.com\/spanish\/wp-json\/wp\/v2\/product_brand?post=4568"},{"taxonomy":"product_cat","embeddable":true,"href":"https:\/\/www.somatechnology.com\/spanish\/wp-json\/wp\/v2\/product_cat?post=4568"},{"taxonomy":"product_tag","embeddable":true,"href":"https:\/\/www.somatechnology.com\/spanish\/wp-json\/wp\/v2\/product_tag?post=4568"}],"curies":[{"name":"wp","href":"https:\/\/api.w.org\/{rel}","templated":true}]}}