{"id":4571,"date":"2016-07-19T21:31:44","date_gmt":"2016-07-19T21:31:44","guid":{"rendered":"http:\/\/equipomedicocentral.com\/wordpress\/product\/sonosite-m-turbo-ultrasound\/"},"modified":"2025-12-11T03:29:54","modified_gmt":"2025-12-11T08:29:54","slug":"sonosite-m-turbo","status":"publish","type":"product","link":"https:\/\/www.somatechnology.com\/spanish\/equipo-medico-usado-remanufacturado\/imagenologia-radiologia\/ultrasonidos\/sonosite-m-turbo\/","title":{"rendered":"SonoSite M-Turbo"},"content":{"rendered":"<div class=\"wpb-content-wrapper\"><p>[vc_row][vc_column][vc_column_text css=\u00bb\u00bb]<\/p>\n<h2>SonoSite M-Turbo<\/h2>\n<p>El sistema del ultrasonido de SONOSITE M-Turbo es un dispositivo vers\u00e1til, digital, y software controlado.Este sistema port\u00e1til e innovador tiene numerosas configuraciones y conjuntos de caracter\u00edsticas utilizados para obtener y mostrar en tiempo real, im\u00e1genes de alta resoluci\u00f3n de ultrasonido utilizado para el abdomen, el nervio, superficial, vascular, card\u00edaco, acceso venoso, y las vistas p\u00e9lvicas.<\/p>\n<h3>Modos de imagen y procesamiento<\/h3>\n<ul>\n<li>Banda ancha, im\u00e1genes de m\u00faltiples frecuencias.<\/li>\n<li>2D\/imagen arm\u00f3nica tisular\/M-Mode.<\/li>\n<li>Velocidad Doppler color.<\/li>\n<li>Color Power Doppler.<\/li>\n<li>PW, PW tejido Doppler, y CW.<\/li>\n<li>El \u00e1ngulo de Doppler, corrige despu\u00e9s de helada.<\/li>\n<\/ul>\n<h3>Procesamiento de im\u00e1genes<\/h3>\n<ul>\n<li>Optimizaci\u00f3n de tejidos SonoADAPT \u2122.<\/li>\n<li>Im\u00e1genes SonoHD \u2122.<\/li>\n<li>SonoMB multi-haz de im\u00e1genes.<\/li>\n<li>Visualizaci\u00f3n avanzada de la aguja.<\/li>\n<li>Optimizaci\u00f3n autom\u00e1tica de la imagen auto Gain.<\/li>\n<li>Doble imagen.<\/li>\n<li>Duplex Imagine.<\/li>\n<li>2x cacerola\/capacidad del zumbido.<\/li>\n<\/ul>\n<h3>Transductores<\/h3>\n<ul>\n<li>Banda ancha y multifrecuencia.<\/li>\n<li>Arsenal linear, arsenal curvado, arsenal escalonado, te del multiplano, y micro-convexo.<\/li>\n<\/ul>\n<h3>Frecuencia<\/h3>\n<ul>\n<li>L\u00e1piz card\u00edaco est\u00e1tico.<\/li>\n<\/ul>\n<h3>Formatos de almacenamiento USB<\/h3>\n<ul>\n<li>MPEG-4 (H. 264), JPEG, BMP, HTML.<\/li>\n<li>Compatible con formatos de Mac y PC.<\/li>\n<li><\/li>\n<\/ul>\n<h3>Interfaz de usuario y controles remapeables<\/h3>\n<ul>\n<li>Softkeys para impulsar funciones avanzadas.<\/li>\n<li>Teclas a y B programables: cada uno puede ser asignado por el usuario para una mayor facilidad de uso.<\/li>\n<li>Teclado QWERTY elastom\u00e9rico alfanum\u00e9rico.<\/li>\n<li>Trackpad con llave de selecci\u00f3n para una f\u00e1cil operaci\u00f3n y navegaci\u00f3n.<\/li>\n<li>Controles de Doppler: \u00e1ngulo, buey, escala, l\u00ednea de fondo, aumento y volumen<\/li>\n<li>Llaves de la adquisici\u00f3n de la imagen: revisi\u00f3n, informe, almac\u00e9n del clip, DVD, excepto.<\/li>\n<li>Llaves de autoganancia y examen dedicadas para permitir la activaci\u00f3n r\u00e1pida.<\/li>\n<\/ul>\n<h3>C\u00e1lculos espec\u00edficos de la aplicaci\u00f3n<\/h3>\n<ul>\n<li>Cardiaco: completo de c\u00e1lculos cardiacos, paquete y informe del paciente, incluyendo mediciones ventriculares, a\u00f3rticas y atriales, fracci\u00f3n de eyecci\u00f3n, volumen, regla de Simpson, ecuaci\u00f3n de continuidad, presi\u00f3n media-tiempo, y salida cardiaca.<\/li>\n<li>OB\/GYN\/fertilidad: medidas del di\u00e1metro\/de la elipse, volumen, seis medidas del fol\u00edculo, peso fetal estimado, fecha de vencimiento establecida, edad gestacional, \u00faltimo per\u00edodo menstrual, tablas del crecimiento, tablas usuario-definidas, autores seleccionables por el usuario, cocientes, \u00cdndice del l\u00edquido amni\u00f3tico, informe paciente.<\/li>\n<li>Vascular: medidas de di\u00e1metro\/elipse\/traza, volumen, flujo de volumen, porcentaje de di\u00e1metro y reducci\u00f3n de \u00e1rea, LT\/RT CCA, Ica, ECA, cociente ICA\/CCA, media de tiempo promedio (TAM), traza m\u00e1xima, cociente ICA\/CCA, correcci\u00f3n de \u00e1ngulos, informe del paciente.<\/li>\n<li>IMT (espesor de medios \u00edntimos): software embebido SonoCalc \u00ae IMT \u2013 detecci\u00f3n autom\u00e1tica de bordes con informes de espesor medio y m\u00e1ximo.<\/li>\n<\/ul>\n<h3>Almacenamiento y revisi\u00f3n de im\u00e1genes y clips a bordo<\/h3>\n<ul>\n<li>Capacidad de almacenamiento de memoria Flash interna de 8 GB.<\/li>\n<li>Posibilidad de almacenar 30.000 im\u00e1genes o clips de 960 2 segundos.<\/li>\n<li>Capacidad de almacenamiento de clips. (longitud m\u00e1xima del clip: 60 segundos.)<\/li>\n<li>Capacidad del almac\u00e9n del clip v\u00eda el n\u00famero de ciclos del coraz\u00f3n (usando el ECG) o la base de tiempo.<\/li>\n<li>El almacenamiento m\u00e1ximo en el modo ECG beats es de 10 ciclos card\u00edacos.<\/li>\n<li>El almacenamiento m\u00e1ximo en el modo base de tiempo es de 60 segundos.<\/li>\n<li>Revisi\u00f3n de cine hasta 255 im\u00e1genes fotograma a fotograma.<\/li>\n<\/ul>\n<h3>Fuente de alimentaci\u00f3n<\/h3>\n<ul>\n<li>El sistema funciona a trav\u00e9s de la bater\u00eda o de la corriente alterna<\/li>\n<li>Bater\u00eda recargable de iones de litio.<\/li>\n<li>CA: adaptador universal de la energ\u00eda, 100-240 VAC, entrada 50\/60 Hz, salida 15 VDC.<\/li>\n<\/ul>\n<h3>Herramientas de medici\u00f3n, pictogramas y anotaciones<\/h3>\n<ul>\n<li>\u00a02D: calibradores de distancia, elipses y traza manual.<\/li>\n<li>Doppler: mediciones de velocidad, media hora de presi\u00f3n, rastreo autom\u00e1tico y manual.<\/li>\n<li>Modo M: mediciones de distancia y tiempo, c\u00e1lculo del ritmo card\u00edaco.<\/li>\n<li>Texto y pictogramas seleccionables por el usuario.<\/li>\n<li>Anotaciones espec\u00edficas para aplicaciones definidas por el usuario.<\/li>\n<li>Pautas para la biopsia.<\/li>\n<li>Gesti\u00f3n externa de datos y Wireless<\/li>\n<li>Gesti\u00f3n de im\u00e1genes DICOM. (TCP\/IP)<\/li>\n<li>Imprima y almacene.<\/li>\n<li>Lista de trabajo de modalidad.<\/li>\n<li>Commit de almacenamiento<\/li>\n<li>Modalidad realizada paso de procedimiento.<\/li>\n<li>Funcionalidad de SiteLink Image Manager.<\/li>\n<li>Educaci\u00f3n SonoSite v\u00eddeo clave de formaci\u00f3n compatible.<\/li>\n<li>Soluciones de flujo de trabajo SonoSite.<\/li>\n<li>SonoRemote \u2122 control \u2013 tecnolog\u00eda inal\u00e1mbrica Bluetooth.<\/li>\n<\/ul>\n<h3>V\u00eddeo y audio externo<\/h3>\n<ul>\n<li>S-video (in\/out) a VCR o DVD para grabar y reproducir.<\/li>\n<li>Salida RGB o DVI a la pantalla LCD externa<\/li>\n<li>Salida de v\u00eddeo compuesto (NTSC\/PAL) a VCR o DVD, impresora de v\u00eddeo o pantalla LCD externa.<\/li>\n<li>Salida de audio.<\/li>\n<li>Altavoces integrados.<\/li>\n<\/ul>\n<h3>Dispositivos perif\u00e9ricos soportados<\/h3>\n<ul>\n<li>Impresora de v\u00eddeo de B\/W.<\/li>\n<li>Grabadora de DVD.<\/li>\n<li>Lector de c\u00f3digo de barras<\/li>\n<\/ul>\n<h3>Dimensiones<\/h3>\n<ul>\n<li>Peso: 6.7 lbs (3,04 kg) (sin la bater\u00eda y el transductor)<\/li>\n<li>Dimensiones: 11.9 \u00abl x 10.8\u00bb W x 3.1 \u00abH (30.2 cm L x 27.4 cm W x 7.9 cm H)<\/li>\n<li>Pantalla: 10.4\u201d (26.4 cm) diagonal LCD (NTSC or PAL)<\/li>\n<\/ul>\n<h3>Otros datos<\/h3>\n<ul>\n<li>Arquitectura: Multi-frecuencia de banda ancha digital imaginando.<\/li>\n<li>Rango din\u00e1mico: hasta 165 dB.<\/li>\n<li>Escala de grises: 256 tonos.<\/li>\n<li>Conformidad de HIPAA: sistema de herramienta comprensivo.<\/li>\n<\/ul>\n<div id=\"mttContainer\" class=\"notranslate\" style=\"transform: translate(180px, 89px);\" aria-expanded=\"false\">\n<div id=\"tippy-1\" style=\"z-index: 100000200; visibility: hidden; position: absolute; inset: auto auto 0px 0px; margin: 0px; transform: translate3d(417.333px, -20px, 0px);\" data-tippy-root=\"\">\n<div class=\"tippy-box\" style=\"max-width: 350px; transition-duration: 250ms;\" tabindex=\"-1\" role=\"mtttooltip\" data-state=\"hidden\" data-theme=\"custom\" data-animation=\"fade\" data-placement=\"top\">\n<div class=\"tippy-content\" style=\"transition-duration: 250ms;\" data-state=\"hidden\"><span dir=\"ltr\">SonoSite M-Turbo<\/span><\/div>\n<div class=\"tippy-arrow\" style=\"position: absolute; left: 0px; transform: translate3d(74px, 0px, 0px);\"><\/div>\n<\/div>\n<\/div>\n<\/div>\n<p>[\/vc_column_text][\/vc_column][\/vc_row]<\/p>\n<\/div>","protected":false},"excerpt":{"rendered":"<p>Ultrasonidos<\/p>\n","protected":false},"featured_media":25691,"template":"","meta":{"_acf_changed":false,"_relevanssi_hide_post":"","_relevanssi_hide_content":"","_relevanssi_pin_for_all":"","_relevanssi_pin_keywords":"","_relevanssi_unpin_keywords":"","_relevanssi_related_keywords":"","_relevanssi_related_include_ids":"","_relevanssi_related_exclude_ids":"","_relevanssi_related_no_append":"","_relevanssi_related_not_related":"","_relevanssi_related_posts":"","_relevanssi_noindex_reason":"","inline_featured_image":false},"pwb-brand":[1125],"product_brand":[],"product_cat":[91],"product_tag":[1959,1960,1931,1957,1958,1901],"class_list":{"0":"post-4571","1":"product","2":"type-product","3":"status-publish","4":"has-post-thumbnail","6":"pwb-brand-ultrasonidos-sonosite","7":"product_cat-ultrasonidos","8":"product_tag-m-turbo","9":"product_tag-mturbo-ultrasonidos","10":"product_tag-sonosite","11":"product_tag-sonosite-m-turbo","12":"product_tag-sonosite-mturbo","13":"product_tag-ultrasonido","15":"first","16":"instock","17":"purchasable","18":"product-type-simple"},"acf":[],"brands":[{"id":1125,"name":"SonoSite","slug":"ultrasonidos-sonosite"}],"_links":{"self":[{"href":"https:\/\/www.somatechnology.com\/spanish\/wp-json\/wp\/v2\/product\/4571","targetHints":{"allow":["GET"]}}],"collection":[{"href":"https:\/\/www.somatechnology.com\/spanish\/wp-json\/wp\/v2\/product"}],"about":[{"href":"https:\/\/www.somatechnology.com\/spanish\/wp-json\/wp\/v2\/types\/product"}],"wp:featuredmedia":[{"embeddable":true,"href":"https:\/\/www.somatechnology.com\/spanish\/wp-json\/wp\/v2\/media\/25691"}],"wp:attachment":[{"href":"https:\/\/www.somatechnology.com\/spanish\/wp-json\/wp\/v2\/media?parent=4571"}],"wp:term":[{"taxonomy":"pwb-brand","embeddable":true,"href":"https:\/\/www.somatechnology.com\/spanish\/wp-json\/wp\/v2\/pwb-brand?post=4571"},{"taxonomy":"product_brand","embeddable":true,"href":"https:\/\/www.somatechnology.com\/spanish\/wp-json\/wp\/v2\/product_brand?post=4571"},{"taxonomy":"product_cat","embeddable":true,"href":"https:\/\/www.somatechnology.com\/spanish\/wp-json\/wp\/v2\/product_cat?post=4571"},{"taxonomy":"product_tag","embeddable":true,"href":"https:\/\/www.somatechnology.com\/spanish\/wp-json\/wp\/v2\/product_tag?post=4571"}],"curies":[{"name":"wp","href":"https:\/\/api.w.org\/{rel}","templated":true}]}}