{"id":4573,"date":"2016-07-19T21:31:44","date_gmt":"2016-07-19T21:31:44","guid":{"rendered":"http:\/\/equipomedicocentral.com\/wordpress\/product\/drager-isolette-c2000\/"},"modified":"2024-05-14T14:25:01","modified_gmt":"2024-05-14T18:25:01","slug":"drager-isolette-c2000","status":"publish","type":"product","link":"https:\/\/www.somatechnology.com\/spanish\/equipo-medico-usado-remanufacturado\/ucii-nicu-unidades-neonatales-cuidado-intensivo\/incubadoras\/drager-isolette-c2000\/","title":{"rendered":"Drager Isolette C2000"},"content":{"rendered":"<h2>Caracter\u00edsticas del\u00a0Drager Isolette C2000<\/h2>\n<p>El Dr\u00e4ger isoletto C2000 proporciona un sistema ideal del microambiente para los beb\u00e9s prematuros y los ni\u00f1os enfermos proporcionando un ambiente controlado del calor y de la humedad. Esta incubadora de alto rendimiento combina la termorregulaci\u00f3n excelente, el dise\u00f1o ergon\u00f3mico, y la confiabilidad. Un sistema de termorregulaci\u00f3n avanzado, controlado por el algoritmo de Dr\u00e4ger&#8217;s PID, mantiene al beb\u00e9 en un ambiente estable. La velocidad del aire muy baja sobre el \u00e1rea del colch\u00f3n crea una zona tranquila que rodea al neonato para inhibir la p\u00e9rdida de calor convectiva, mientras que las cortinas de aire duales y los mecanismos de regulaci\u00f3n preventiva mantienen condiciones pr\u00e1cticamente estables durante el acceso al beb\u00e9.<\/p>\n<ul>\n<li>Funcionamiento termal<\/li>\n<li>Colch\u00f3n grande y puntas de prueba duales<\/li>\n<li>Puertas de acceso doble<\/li>\n<li>Tendencias de datos de 24 horas<\/li>\n<\/ul>\n","protected":false},"excerpt":{"rendered":"<p>Incubadora<\/p>\n","protected":false},"featured_media":20676,"template":"","meta":{"_acf_changed":false,"_relevanssi_hide_post":"","_relevanssi_hide_content":"","_relevanssi_pin_for_all":"","_relevanssi_pin_keywords":"","_relevanssi_unpin_keywords":"","_relevanssi_related_keywords":"","_relevanssi_related_include_ids":"","_relevanssi_related_exclude_ids":"","_relevanssi_related_no_append":"","_relevanssi_related_not_related":"","_relevanssi_related_posts":"","_relevanssi_noindex_reason":"","inline_featured_image":false},"pwb-brand":[1122],"product_brand":[],"product_cat":[55],"product_tag":[217,3217,3909,3215,3214,4144,3910,3216],"class_list":{"0":"post-4573","1":"product","2":"type-product","3":"status-publish","4":"has-post-thumbnail","6":"pwb-brand-equipo-medico-drager","7":"product_cat-incubadoras","8":"product_tag-drager","9":"product_tag-drager-c2000","10":"product_tag-drager-incubadoras","11":"product_tag-drager-isolette","12":"product_tag-drager-isolette-c2000","13":"product_tag-drager-isolette-c2000-incubadoras","14":"product_tag-incubadoras","15":"product_tag-isolette-c2000","17":"first","18":"instock","19":"purchasable","20":"product-type-simple"},"acf":[],"brands":[{"id":1122,"name":"Drager","slug":"equipo-medico-drager"}],"_links":{"self":[{"href":"https:\/\/www.somatechnology.com\/spanish\/wp-json\/wp\/v2\/product\/4573","targetHints":{"allow":["GET"]}}],"collection":[{"href":"https:\/\/www.somatechnology.com\/spanish\/wp-json\/wp\/v2\/product"}],"about":[{"href":"https:\/\/www.somatechnology.com\/spanish\/wp-json\/wp\/v2\/types\/product"}],"wp:featuredmedia":[{"embeddable":true,"href":"https:\/\/www.somatechnology.com\/spanish\/wp-json\/wp\/v2\/media\/20676"}],"wp:attachment":[{"href":"https:\/\/www.somatechnology.com\/spanish\/wp-json\/wp\/v2\/media?parent=4573"}],"wp:term":[{"taxonomy":"pwb-brand","embeddable":true,"href":"https:\/\/www.somatechnology.com\/spanish\/wp-json\/wp\/v2\/pwb-brand?post=4573"},{"taxonomy":"product_brand","embeddable":true,"href":"https:\/\/www.somatechnology.com\/spanish\/wp-json\/wp\/v2\/product_brand?post=4573"},{"taxonomy":"product_cat","embeddable":true,"href":"https:\/\/www.somatechnology.com\/spanish\/wp-json\/wp\/v2\/product_cat?post=4573"},{"taxonomy":"product_tag","embeddable":true,"href":"https:\/\/www.somatechnology.com\/spanish\/wp-json\/wp\/v2\/product_tag?post=4573"}],"curies":[{"name":"wp","href":"https:\/\/api.w.org\/{rel}","templated":true}]}}