{"id":4576,"date":"2016-07-19T21:31:44","date_gmt":"2016-07-19T21:31:44","guid":{"rendered":"http:\/\/equipomedicocentral.com\/wordpress\/product\/ge-datex-ohmeda-tec-7-isoflurane\/"},"modified":"2025-09-29T16:16:32","modified_gmt":"2025-09-29T20:16:32","slug":"ge-datex-ohmeda-tec-7-isoflurane","status":"publish","type":"product","link":"https:\/\/www.somatechnology.com\/spanish\/equipo-medico-usado-remanufacturado\/vaporizadores-de-anestesia\/ge-datex-ohmeda-tec-7-isoflurane\/","title":{"rendered":"GE Datex Ohmeda Tec 7 &#8211; Isoflurane"},"content":{"rendered":"<h2>Caracter\u00edsticas de GE Datex Ohmeda Tec 7 Isoflurano<\/h2>\n<ul>\n<li>Los vaporizadores Tec 7 est\u00e1n dise\u00f1ados para proporcionar una salida consistente en todo el rango de flujo cl\u00ednico de 200 ml\/min a 15 L\/min.<\/li>\n<li>Los modelos est\u00e1n disponibles para isoflurano, Sevoflurane, enflurano y halothane.<\/li>\n<li>Los vaporizadores Tec 7 est\u00e1n equipados con un dial de control de gran di\u00e1metro, que incorpora graduaciones finas de 0,2% entre 0 y 1%, y 0,5% de 1% a 8%. El dial para Sevoflurane est\u00e1 marcado en pasos de 0,2% hasta 1% v\/v y en pasos de 1% entre 1% y 8%.<\/li>\n<li>Los diales de f\u00e1cil-torneado y las peque\u00f1as graduaciones en el vaporizador del Tec 7 le ayudan a afinar la entrega anest\u00e9sica sobre la gama de ajustes del dial y de velocidades de flujo.<\/li>\n<li>Para ayudar a minimizar la frecuencia de llenado, el vaporizador Tec 7 tiene capacidad para 225 ml de agente anest\u00e9sico.<\/li>\n<li>El vaporizador Tec 7 se puede montar en sistemas de administraci\u00f3n de anestesia GE Healthcare equipados con el colector Selectatec * sin herramientas y sin quitar el sistema de anestesia.<\/li>\n<li>Un innovador sistema sin derrames en el vaporizador Tec 7 limita el movimiento del agente l\u00edquido si el vaporizador est\u00e1 inclinado o invertido, ayudando a proteger los componentes internos.<\/li>\n<\/ul>\n<p>&nbsp;<\/p>\n","protected":false},"excerpt":{"rendered":"<p>Vaporizer de Anestesia<\/p>\n","protected":false},"featured_media":32620,"template":"","meta":{"_acf_changed":false,"_relevanssi_hide_post":"","_relevanssi_hide_content":"","_relevanssi_pin_for_all":"","_relevanssi_pin_keywords":"","_relevanssi_unpin_keywords":"","_relevanssi_related_keywords":"","_relevanssi_related_include_ids":"","_relevanssi_related_exclude_ids":"","_relevanssi_related_no_append":"","_relevanssi_related_not_related":"","_relevanssi_related_posts":"","_relevanssi_noindex_reason":"","inline_featured_image":false},"pwb-brand":[1100],"product_brand":[],"product_cat":[62],"product_tag":[226,5609,224,5637,5638,5606,5635,5636,5593],"class_list":{"0":"post-4576","1":"product","2":"type-product","3":"status-publish","4":"has-post-thumbnail","6":"pwb-brand-equipo-medico-ge","7":"product_cat-vaporizadores-de-anestesia","8":"product_tag-datex-ohmeda","9":"product_tag-datex-ohmeda-vaporizadores-de-anestesia","10":"product_tag-ge","11":"product_tag-ge-datex-ohmeda-tec-7-isoflurane","12":"product_tag-ge-datex-ohmeda-tec-7isoflurane-vaporizadores-de-anestesia","13":"product_tag-ge-vaporizadores-de-anestesia","14":"product_tag-tec-7-isoflurane","15":"product_tag-tec-7-isoflurane-vaporizadores-de-anestesia","16":"product_tag-vaporizadores-de-anestesia","18":"first","19":"instock","20":"purchasable","21":"product-type-simple"},"acf":[],"brands":[{"id":1100,"name":"GE","slug":"equipo-medico-ge"}],"_links":{"self":[{"href":"https:\/\/www.somatechnology.com\/spanish\/wp-json\/wp\/v2\/product\/4576","targetHints":{"allow":["GET"]}}],"collection":[{"href":"https:\/\/www.somatechnology.com\/spanish\/wp-json\/wp\/v2\/product"}],"about":[{"href":"https:\/\/www.somatechnology.com\/spanish\/wp-json\/wp\/v2\/types\/product"}],"wp:featuredmedia":[{"embeddable":true,"href":"https:\/\/www.somatechnology.com\/spanish\/wp-json\/wp\/v2\/media\/32620"}],"wp:attachment":[{"href":"https:\/\/www.somatechnology.com\/spanish\/wp-json\/wp\/v2\/media?parent=4576"}],"wp:term":[{"taxonomy":"pwb-brand","embeddable":true,"href":"https:\/\/www.somatechnology.com\/spanish\/wp-json\/wp\/v2\/pwb-brand?post=4576"},{"taxonomy":"product_brand","embeddable":true,"href":"https:\/\/www.somatechnology.com\/spanish\/wp-json\/wp\/v2\/product_brand?post=4576"},{"taxonomy":"product_cat","embeddable":true,"href":"https:\/\/www.somatechnology.com\/spanish\/wp-json\/wp\/v2\/product_cat?post=4576"},{"taxonomy":"product_tag","embeddable":true,"href":"https:\/\/www.somatechnology.com\/spanish\/wp-json\/wp\/v2\/product_tag?post=4576"}],"curies":[{"name":"wp","href":"https:\/\/api.w.org\/{rel}","templated":true}]}}