{"id":4595,"date":"2016-07-19T21:32:42","date_gmt":"2016-07-19T21:32:42","guid":{"rendered":"http:\/\/equipomedicocentral.com\/wordpress\/product\/maquet-cs-100\/"},"modified":"2023-08-23T06:13:03","modified_gmt":"2023-08-23T10:13:03","slug":"maquet-cs-100","status":"publish","type":"product","link":"https:\/\/www.somatechnology.com\/spanish\/equipo-medico-usado-remanufacturado\/cardiovascular\/bombas-intra-aorticas\/maquet-cs-100\/","title":{"rendered":"Maquet CS-100"},"content":{"rendered":"<h2>Caracter\u00edsticas Maquet CS100 IABP:<\/h2>\n<ul>\n<li>MAQUET CS100 IABP viene con Intellisync ofrece el arranque del uno-bot\u00f3n, adapt\u00e1ndose autom\u00e1ticamente a las condiciones cambiantes, haci\u00e9ndole la opci\u00f3n correcta para cualquier condici\u00f3n del paciente.<\/li>\n<li>Eval\u00faa y selecciona autom\u00e1ticamente la fuente y el plomo \u00f3ptimos del disparador<\/li>\n<li>Fija la inflaci\u00f3n en la muesca dicrotic y desinfla el IAB al inicio de la s\u00edstole<\/li>\n<li>Responde a los cambios en la calidad de la se\u00f1al mediante la selecci\u00f3n de la nueva fuente de disparo automatizada fuente de disparo y gesti\u00f3n de temporizaci\u00f3n para proporcionar un apoyo continuo y consistente para su paciente.<\/li>\n<\/ul>\n<h2>Especificaciones Maquet CS100 IABP:<\/h2>\n<ul>\n<li>Monitor a color: 8.3 \u00ab(los 21cm) W x 6.2\u00bb (15.8 cm) H; encima de 45 \u00b0, abajo 55 \u00b0, derecho 70 \u00b0, \u00e1ngulo de visi\u00f3n izquierdo 70 \u00b0; Gira 330 \u00b0; Inclina 180 \u00b0; Desmontable Cierre como Laptop para almacenamiento y protecci\u00f3n.<\/li>\n<li>Men\u00fa de preferencias: el usuario puede seleccionar la velocidad de barrido de la pantalla (25 o 50mm\/seg), brillo (bajo, Med., alto); forma de onda de globo (encendido\/apagado); Marcadores de inflaci\u00f3n ECG (ON\/OFF); alarmas intermitentes (encendido\/apagado).<\/li>\n<li>Modos de operaci\u00f3n: auto, semi-auto, manual<\/li>\n<li>Disparador de ECG: umbral ajustado din\u00e1micamente por el sistema para la alta sensibilidad y la selectividad de la detecci\u00f3n de la R-onda; M\u00ednimo = 120 \u00b5v \u00b1 20 \u00b5v a una ganancia normal; 40 \u00b5v en Max. Ganar.<\/li>\n<li>Gatillo de presi\u00f3n: el umbral de disparo predeterminado se ajusta autom\u00e1ticamente al 38% de la diferencia entre el pico sist\u00f3lico y los extremos diast\u00f3licos (AVG. over ciclos m\u00faltiples); En modo variable: usuario ajustable entre 7 y 30 mmHg \u00b1 3 mmHg<\/li>\n<li>Marcapasos un gatillo: las detecciones R-Wave (como se indica arriba) excepto el esconder Pacer se extiende a 100 ms<\/li>\n<li>Marcador Pacer v\/a-v: v Pacer: fijado a una velocidad de hasta 185 BPM (sin estimulaci\u00f3n de la demanda) pacer a-v: fijado a una velocidad de hasta 125 BPM (sin demanda de estimulaci\u00f3n) con intervalos de a-v entre 80-224 MS<\/li>\n<li>Disparador interno: modo variable: 40-120 BPM; Modo normal: 80 \u00b1 1 BPM<\/li>\n<li>Alto rechazo de onda t (modo ECG y Pacer A): rechaza todas las ondas t donde un intervalo de Q-t es &lt; 300 ms y la amplitud es &lt; 70% de la amplitud de entrada de QRS<\/li>\n<li>Rechazo de Pacer (modo ECG y pacer a): rechaza todos los pulsos de amplitud \u00b1 2,0 mV a \u00b1 700 mV (ECG y duraciones entre 0,1 MS a 2,0 MS con: 1) sin cola; 2) 100 ms Time Constant tail &lt; 1 mV; 3) 25 ms tiempo cola constante &lt; 1 mV; 4) 4 ms tiempo cola constante &lt; 2 mV<\/li>\n<li>Plomos de ECG: en modo auto de la operaci\u00f3n: i, II, III, external en modo semi-auto: i, II, III, AVR, AVL, AVF, V, External (compatibilidad de 12 plomos)<\/li>\n<li>Aumento de ECG (defecto): 1 salida de V por el \u00b1 5% de la entrada de 1 milivoltio (la forma de onda escal\u00f3 autom\u00e1ticamente para ocupar la exhibici\u00f3n w de ECG<\/li>\n<li>Respuesta de frecuencia: 0.5-12 hertzios (exhibici\u00f3n); 0.5-135 hertzios (salida a supervisar)<\/li>\n<li>Protecci\u00f3n de desfibrilador: niveles de descarga 360 J (traza vuelve a la pantalla en 5 seg. m\u00e1x.)<\/li>\n<li>ESIS: supresi\u00f3n autom\u00e1tica con el amplificador interno de ECG<\/li>\n<li>Selecci\u00f3n de fuente del AP: transductor\/External (men\u00fa basado)<\/li>\n<li>Sensibilidad de la entrada del AP: 5.0 \u00b5v\/V\/mmHg<\/li>\n<li>Excitaci\u00f3n: + 5 VDC \u00b1 5% @ 130 mA (m\u00e1x.)<\/li>\n<li>Respuesta de frecuencia: c.c. a 12 hertzios (exhibici\u00f3n)<\/li>\n<li>Entradas externas de Mon.: ECG: 1 V\/MV (nominal); AP: 1 V\/100 mmHg (nominal)<\/li>\n<li>ECG\/BP hecho salir: gato del tel\u00e9fono: ECG 1V\/MV, BP 1V\/100 mmHg<\/li>\n<li>Tensi\u00f3n de red: 100-120 VAC \u00b1 10% o 220-240 VAC \u00b1 10%<\/li>\n<li>Frecuencia de la red: 50\/60 Hz \u00b1 3 Hz<\/li>\n<li>Bater\u00eda interna: 24 VDC (nominal), 17,2 amp-hora, 3 hrs. (aprox. @ 90 BPM)<\/li>\n<li>Tipo de bater\u00eda: sin mantenimiento; Plomo-\u00e1cido sellado<\/li>\n<li>Compresor del sistema: bomba de diafragma principal dual con el motor sin cepillo de la c.c.<\/li>\n<li>IAB helio (he +): grado m\u00e9dico; 0,5 l (2900 PSI) o 0,69 l (2200 PSI)<\/li>\n<li>He + Endurance: 1,8 Mo. (. 5 L); 2 Mo. (0,69 L): operaci\u00f3n continua-(nominal): 24 hrs.\/d\u00eda<\/li>\n<li>Eliminaci\u00f3n de condensados: eliminaci\u00f3n y eliminaci\u00f3n de condensados completamente autom\u00e1ticos<\/li>\n<li>Win-IABP (opcional): software para asistencia cl\u00ednica y capacitaci\u00f3n remota<\/li>\n<li>Diagn\u00f3stico del servicio: software incorporado para el an\u00e1lisis y la localizaci\u00f3n de aver\u00edas del sistema<\/li>\n<li>Velocidad de datos del m\u00f3dem: hasta 9.600 baudios<\/li>\n<li>Tama\u00f1o en el carro: 16.2 \u00abH x 17.6\u00bb W x 23.4 \u00abD (114,8 cm x 44,7 cm x 59,4 cm) m\u00e1x.<\/li>\n<li>Tama\u00f1o del carro: 28.2 \u00abH x 11.3\u00bb W x 21.5 \u00abD (71,6 cm x 28,7 cm x 54,6 cm) m\u00e1x.<\/li>\n<li>Peso de la consola: 76,8 libras (34,8 kg) nominal<\/li>\n<li>Monitor: 9,5 libras (4,3 kg) nominal<\/li>\n<li>Peso del carro del hospital: 64,0 libras (29,1 kilogramos) nominal<\/li>\n<li>Bater\u00eda interna: 34 lbs. (15,4 kg) nominal<\/li>\n<li>Versi\u00f3n UTS: base robusta que se conecta a una estaci\u00f3n de acoplamiento (DS)<\/li>\n<li>Dimensiones: 30.0 \u00abH x 22.5\u00bb W x 13.2 \u00abD (76,2 cm x 57,2 cm x 33,5 cm)<\/li>\n<li>Peso de la consola: 133,2 libras (60,4 kg)<\/li>\n<li>Peso ligero DS *: 17,8 \u00ab(45,1 cm) x 20,0\u00bb (50,8 cm)<\/li>\n<li>Op. Temp: 10 \u00b0 c \u2013 40 \u00b0 c<\/li>\n<li>Op. humedad: 5 \u2013 95% (h.r.) sin condensaci\u00f3n<\/li>\n<li>Altitud operativa: 0 \u2013 12.000 pies (3.657 m); correcci\u00f3n autom\u00e1tica de altitud<\/li>\n<\/ul>\n<p>&nbsp;<\/p>\n","protected":false},"excerpt":{"rendered":"<p>Bombas intra-aorticas<\/p>\n","protected":false},"featured_media":27292,"template":"","meta":{"_acf_changed":false,"_relevanssi_hide_post":"","_relevanssi_hide_content":"","_relevanssi_pin_for_all":"","_relevanssi_pin_keywords":"","_relevanssi_unpin_keywords":"","_relevanssi_related_keywords":"","_relevanssi_related_include_ids":"","_relevanssi_related_exclude_ids":"","_relevanssi_related_no_append":"","_relevanssi_related_not_related":"","_relevanssi_related_posts":"","_relevanssi_noindex_reason":"","inline_featured_image":false},"pwb-brand":[1109],"product_brand":[],"product_cat":[96],"product_tag":[3353,519,3352,3351,3350],"class_list":{"0":"post-4595","1":"product","2":"type-product","3":"status-publish","4":"has-post-thumbnail","6":"pwb-brand-equipo-medico-maquet","7":"product_cat-bombas-intra-aorticas","8":"product_tag-cs100-iabp","9":"product_tag-maquet","10":"product_tag-maquet-cs","11":"product_tag-maquet-cs100","12":"product_tag-maquet-cs100-iabp","14":"first","15":"instock","16":"purchasable","17":"product-type-simple"},"acf":[],"brands":[{"id":1109,"name":"Maquet","slug":"equipo-medico-maquet"}],"_links":{"self":[{"href":"https:\/\/www.somatechnology.com\/spanish\/wp-json\/wp\/v2\/product\/4595","targetHints":{"allow":["GET"]}}],"collection":[{"href":"https:\/\/www.somatechnology.com\/spanish\/wp-json\/wp\/v2\/product"}],"about":[{"href":"https:\/\/www.somatechnology.com\/spanish\/wp-json\/wp\/v2\/types\/product"}],"wp:featuredmedia":[{"embeddable":true,"href":"https:\/\/www.somatechnology.com\/spanish\/wp-json\/wp\/v2\/media\/27292"}],"wp:attachment":[{"href":"https:\/\/www.somatechnology.com\/spanish\/wp-json\/wp\/v2\/media?parent=4595"}],"wp:term":[{"taxonomy":"pwb-brand","embeddable":true,"href":"https:\/\/www.somatechnology.com\/spanish\/wp-json\/wp\/v2\/pwb-brand?post=4595"},{"taxonomy":"product_brand","embeddable":true,"href":"https:\/\/www.somatechnology.com\/spanish\/wp-json\/wp\/v2\/product_brand?post=4595"},{"taxonomy":"product_cat","embeddable":true,"href":"https:\/\/www.somatechnology.com\/spanish\/wp-json\/wp\/v2\/product_cat?post=4595"},{"taxonomy":"product_tag","embeddable":true,"href":"https:\/\/www.somatechnology.com\/spanish\/wp-json\/wp\/v2\/product_tag?post=4595"}],"curies":[{"name":"wp","href":"https:\/\/api.w.org\/{rel}","templated":true}]}}