{"id":4597,"date":"2016-07-19T21:32:42","date_gmt":"2016-07-19T21:32:42","guid":{"rendered":"http:\/\/equipomedicocentral.com\/wordpress\/product\/maquet-jostra-hcu30\/"},"modified":"2025-10-03T14:53:02","modified_gmt":"2025-10-03T18:53:02","slug":"maquet-jostra-hcu30","status":"publish","type":"product","link":"https:\/\/www.somatechnology.com\/spanish\/equipo-medico-usado-remanufacturado\/cardiovascular\/calentador-enfriador\/maquet-jostra-hcu30\/","title":{"rendered":"Maquet Jostra HCU30"},"content":{"rendered":"<h2>Caracter\u00edsticas del sistema de <strong>calentamiento\/enfriamiento<\/strong> MAQUET Jostra HCU 30<\/h2>\n<p>El sistema de <strong>calentamiento\/enfriamiento Maquet HCU 30<\/strong> est\u00e1 dise\u00f1ado para circular agua a trav\u00e9s de circuitos de intercambio t\u00e9rmico, proporcionando un calentamiento o enfriamiento preciso para pacientes que se someten a procedimientos de derivaci\u00f3n cardiopulmonar de hasta 6 horas. La unidad <strong>HCU 30<\/strong> suministra agua con temperatura regulada para su uso con intercambiadores de calor o mantas de hiper-hipotermia, con un rango de temperatura del agua ajustable de 1\u00b0C a 40.5\u00b0C. Incluye un tanque de 26 litros y cuenta con un sistema de seguridad interno que monitorea y regula la temperatura del agua, asegurando que no supere los 41.3\u00b0C.<\/p>\n<ul>\n<li>Alta capacidad de enfriamiento<\/li>\n<li><span style=\"font-weight: 400;\">Alta capacidad de calentamiento<\/span><\/li>\n<li>Cebado r\u00e1pido y eliminaci\u00f3n de aire autom\u00e1tica<\/li>\n<\/ul>\n","protected":false},"excerpt":{"rendered":"<p>Calentador\/Enfriador Digital<\/p>\n","protected":false},"featured_media":32699,"template":"","meta":{"_acf_changed":false,"_relevanssi_hide_post":"","_relevanssi_hide_content":"","_relevanssi_pin_for_all":"","_relevanssi_pin_keywords":"","_relevanssi_unpin_keywords":"","_relevanssi_related_keywords":"","_relevanssi_related_include_ids":"","_relevanssi_related_exclude_ids":"","_relevanssi_related_no_append":"","_relevanssi_related_not_related":"","_relevanssi_related_posts":"","_relevanssi_noindex_reason":"","inline_featured_image":false},"pwb-brand":[1109],"product_brand":[],"product_cat":[82],"product_tag":[3932,521,520,4758,522,4759,519,523,517],"class_list":{"0":"post-4597","1":"product","2":"type-product","3":"status-publish","4":"has-post-thumbnail","6":"pwb-brand-equipo-medico-maquet","7":"product_cat-calentador-enfriador","8":"product_tag-calentador-enfriador","9":"product_tag-hcu-30","10":"product_tag-jostra","11":"product_tag-maquest-calentador-enfriador","12":"product_tag-maquest-jostra","13":"product_tag-maquest-jostra-calentador-enfriador","14":"product_tag-maquet","15":"product_tag-maquet-hcu-30","16":"product_tag-maquet-jostra-hcu30","18":"first","19":"instock","20":"purchasable","21":"product-type-simple"},"acf":[],"brands":[{"id":1109,"name":"Maquet","slug":"equipo-medico-maquet"}],"_links":{"self":[{"href":"https:\/\/www.somatechnology.com\/spanish\/wp-json\/wp\/v2\/product\/4597","targetHints":{"allow":["GET"]}}],"collection":[{"href":"https:\/\/www.somatechnology.com\/spanish\/wp-json\/wp\/v2\/product"}],"about":[{"href":"https:\/\/www.somatechnology.com\/spanish\/wp-json\/wp\/v2\/types\/product"}],"wp:featuredmedia":[{"embeddable":true,"href":"https:\/\/www.somatechnology.com\/spanish\/wp-json\/wp\/v2\/media\/32699"}],"wp:attachment":[{"href":"https:\/\/www.somatechnology.com\/spanish\/wp-json\/wp\/v2\/media?parent=4597"}],"wp:term":[{"taxonomy":"pwb-brand","embeddable":true,"href":"https:\/\/www.somatechnology.com\/spanish\/wp-json\/wp\/v2\/pwb-brand?post=4597"},{"taxonomy":"product_brand","embeddable":true,"href":"https:\/\/www.somatechnology.com\/spanish\/wp-json\/wp\/v2\/product_brand?post=4597"},{"taxonomy":"product_cat","embeddable":true,"href":"https:\/\/www.somatechnology.com\/spanish\/wp-json\/wp\/v2\/product_cat?post=4597"},{"taxonomy":"product_tag","embeddable":true,"href":"https:\/\/www.somatechnology.com\/spanish\/wp-json\/wp\/v2\/product_tag?post=4597"}],"curies":[{"name":"wp","href":"https:\/\/api.w.org\/{rel}","templated":true}]}}