{"id":4600,"date":"2016-07-19T21:32:42","date_gmt":"2016-07-19T21:32:42","guid":{"rendered":"http:\/\/equipomedicocentral.com\/wordpress\/product\/olympus-evis-cv-180-system\/"},"modified":"2025-12-11T03:49:42","modified_gmt":"2025-12-11T08:49:42","slug":"olympus-evis-cv-180-system","status":"publish","type":"product","link":"https:\/\/www.somatechnology.com\/spanish\/equipo-medico-usado-remanufacturado\/sistema-de-video-endoscopia\/procesadores-de-video\/olympus-evis-cv-180-system\/","title":{"rendered":"Olympus Evis CV 180 System"},"content":{"rendered":"<div class=\"wpb-content-wrapper\"><p>[vc_row][vc_column][vc_column_text css=\u00bb\u00bb]<\/p>\n<h2><strong>Olympus Evis CV-180 Processors<\/strong><\/h2>\n<p>Olympus 180 Video Proceesor ofrece una visualizaci\u00f3n de imagen en imagen para cualquier combinaci\u00f3n de endoscopia, fluoroscopia, ultrasonido, laparoscop\u00eda e im\u00e1genes de la unidad de detecci\u00f3n de posici\u00f3n del endoscopio. La funci\u00f3n Scope IDTM para una f\u00e1cil administraci\u00f3n de la suite de endoscopia y para la expansi\u00f3n del sistema de pr\u00f3xima generaci\u00f3n. Tiene la Iris autom\u00e1tica que elimina la necesidad de cambiar entre el pico y el promedio requerido en el ajuste manual convencional.<\/p>\n<ul>\n<li>Equipado con capacidad de imagen HDTV de alta resoluci\u00f3n para asegurar la mejor calidad de imagen posible para endoscopia y laparoscopia.<\/li>\n<li>Compatible con los endoscopios de broncoscopio y endoscopios quir\u00fargicos de la serie EVIS 100\/130\/40 y de EVIS EXERA 160 SeriesNarrow Band ImagingTM (NBI) to enhance the visibility of fine capillaries and the mucosal tissues in the GI tract.<\/li>\n<li>Se encuentran disponibles dos tipos de mejora de la estructura: el tipo A original para la observaci\u00f3n de tejidos mucosos m\u00e1s grandes con alto contraste y el nuevo tipo B para la observaci\u00f3n de tejidos m\u00e1s peque\u00f1os, como los capilares.<\/li>\n<li>La ampliaci\u00f3n electr\u00f3nica ampl\u00eda las im\u00e1genes en movimiento o fijas con solo pulsar un bot\u00f3n en 1.2x o 1.5x sin p\u00e9rdida de calidad.<\/li>\n<\/ul>\n<h3>Dimensiones<\/h3>\n<ul>\n<li>Tama\u00f1o: 370 (W) x 91 (H) x 462 (D) mm<\/li>\n<li>Peso: 10.5kg<\/li>\n<\/ul>\n<h3>Voltaje<\/h3>\n<ul>\n<li>Voltaje (fluctuaci\u00f3n de voltaje): 100 ~ 120V, 220 ~ 240 AC (Dentro de +\/- 1%)<\/li>\n<li>Frecuencia (fluctuaci\u00f3n de frecuencia): 50\/60 Hz (dentro de +\/- 1%)<\/li>\n<li>Consumo actual: 150 VA<\/li>\n<li>Capacidad del fusible: 5A, 250V<\/li>\n<li>Tama\u00f1o del fusible: 5, 20 mm<\/li>\n<\/ul>\n<h3>Iris<\/h3>\n<ul>\n<li>Los modos de iris autom\u00e1tico se pueden seleccionar utilizando el interruptor \u00abmodo iris\u00bb en el panel frontal. <strong><em>Peak<\/em><\/strong>: para usar al observar enfocando en un \u00e1rea peque\u00f1a y brillante. <strong><em>Auto<\/em><\/strong>: para usar al observar enfocando en el centro de la imagen.<\/li>\n<\/ul>\n<h3>Media<\/h3>\n<ul>\n<li>Tarjeta XD-Picture (512\/256\/128\/64\/32\/16 MB), especificada por Olympus. MAPC-10 se puede usar como adaptador de tarjeta de PC.<\/li>\n<\/ul>\n<h3>Formato de grabaci\u00f3n<\/h3>\n<ul>\n<li>TIFF: sin compresi\u00f3n, SHQ: aprox. 1\/3, HQ: aprox. 1\/5, SQ: aprox. 1\/10.<\/li>\n<\/ul>\n<h3>N\u00famero de im\u00e1genes de grabaci\u00f3n<\/h3>\n<p>En 16 MB, NTSC \/ PAL, TIFF: aprox. 17\/14 im\u00e1genes, SHQ: aprox. 80\/60 im\u00e1genes, HQ: aprox. 200\/150 im\u00e1genes, SQ: aprox. ** \/ ** images.<\/p>\n<h3>Salida de se\u00f1al HDTV<\/h3>\n<ul>\n<li>Se puede seleccionar la salida RGB o YpbPr<\/li>\n<\/ul>\n<h3>Salida de se\u00f1al SDTV<\/h3>\n<p>Compuesto VBS (NTSC \/ PAL), Y \/ C y RGB; salida simult\u00e1nea posible.<\/p>\n<h3>Ajuste del balance de blancos<\/h3>\n<ul>\n<li>El ajuste autom\u00e1tico del balance de blancos es posible utilizando el interruptor de balance de blancos en el panel frontal.<\/li>\n<\/ul>\n<h3>Salida de carta de colores est\u00e1ndar<\/h3>\n<ul>\n<li>Se puede visualizar un gr\u00e1fico de barras de color presionando las teclas \u00abSHIFT\u00bb + \u00abF7\u00bb y las teclas \u00abflecha\u00bb en el teclado.<\/li>\n<\/ul>\n<h3>Automatic gain control (AGC)<\/h3>\n<p>La imagen se puede amplificar el\u00e9ctricamente cuando la luz es inadecuada debido a que el extremo distal del endoscopio est\u00e1 demasiado lejos del objeto.<\/p>\n<p>&nbsp;<\/p>\n<div id=\"mttContainer\" class=\"notranslate\" style=\"transform: translate(166px, 105px);\" aria-expanded=\"false\"><\/div>\n<p>[\/vc_column_text][\/vc_column][\/vc_row]<\/p>\n<\/div>","protected":false},"excerpt":{"rendered":"<p>Sistema de Endoscopia<\/p>\n","protected":false},"featured_media":12574,"template":"","meta":{"_acf_changed":false,"_relevanssi_hide_post":"","_relevanssi_hide_content":"","_relevanssi_pin_for_all":"","_relevanssi_pin_keywords":"","_relevanssi_unpin_keywords":"","_relevanssi_related_keywords":"","_relevanssi_related_include_ids":"","_relevanssi_related_exclude_ids":"","_relevanssi_related_no_append":"","_relevanssi_related_not_related":"","_relevanssi_related_posts":"","_relevanssi_noindex_reason":"","inline_featured_image":false},"pwb-brand":[1080],"product_brand":[],"product_cat":[7016,84],"product_tag":[1037,1035,1034,1033,1036],"class_list":{"0":"post-4600","1":"product","2":"type-product","3":"status-publish","4":"has-post-thumbnail","6":"pwb-brand-equipo-medico-olympus","7":"product_cat-procesadores-de-video","8":"product_cat-sistema-de-video-endoscopia","9":"product_tag-evis-cv-180","10":"product_tag-olympus-evis","11":"product_tag-olympus-evis-cv","12":"product_tag-olympus-evis-cv-180","13":"product_tag-olympus-olympus-evis-cv-180","15":"first","16":"instock","17":"purchasable","18":"product-type-simple"},"acf":[],"brands":[{"id":1080,"name":"Olympus","slug":"equipo-medico-olympus"}],"_links":{"self":[{"href":"https:\/\/www.somatechnology.com\/spanish\/wp-json\/wp\/v2\/product\/4600","targetHints":{"allow":["GET"]}}],"collection":[{"href":"https:\/\/www.somatechnology.com\/spanish\/wp-json\/wp\/v2\/product"}],"about":[{"href":"https:\/\/www.somatechnology.com\/spanish\/wp-json\/wp\/v2\/types\/product"}],"wp:featuredmedia":[{"embeddable":true,"href":"https:\/\/www.somatechnology.com\/spanish\/wp-json\/wp\/v2\/media\/12574"}],"wp:attachment":[{"href":"https:\/\/www.somatechnology.com\/spanish\/wp-json\/wp\/v2\/media?parent=4600"}],"wp:term":[{"taxonomy":"pwb-brand","embeddable":true,"href":"https:\/\/www.somatechnology.com\/spanish\/wp-json\/wp\/v2\/pwb-brand?post=4600"},{"taxonomy":"product_brand","embeddable":true,"href":"https:\/\/www.somatechnology.com\/spanish\/wp-json\/wp\/v2\/product_brand?post=4600"},{"taxonomy":"product_cat","embeddable":true,"href":"https:\/\/www.somatechnology.com\/spanish\/wp-json\/wp\/v2\/product_cat?post=4600"},{"taxonomy":"product_tag","embeddable":true,"href":"https:\/\/www.somatechnology.com\/spanish\/wp-json\/wp\/v2\/product_tag?post=4600"}],"curies":[{"name":"wp","href":"https:\/\/api.w.org\/{rel}","templated":true}]}}