{"id":4607,"date":"2016-07-19T21:32:42","date_gmt":"2016-07-19T21:32:42","guid":{"rendered":"http:\/\/equipomedicocentral.com\/wordpress\/product\/drager-caleo\/"},"modified":"2025-10-03T12:10:51","modified_gmt":"2025-10-03T16:10:51","slug":"drager-caleo","status":"publish","type":"product","link":"https:\/\/www.somatechnology.com\/spanish\/equipo-medico-usado-remanufacturado\/ucii-nicu-unidades-neonatales-cuidado-intensivo\/incubadoras\/drager-caleo\/","title":{"rendered":"Drager Caleo"},"content":{"rendered":"<h2>Caracter\u00edsticas del Incubadora Drager Caleo<\/h2>\n<p>Dise\u00f1ado para alinearse con las pautas de cuidado del desarrollo, <strong>Drager Caleo<\/strong> tiene en cuenta la importancia cr\u00edtica de los niveles de sonido y luz en la incubadora, as\u00ed como el posicionamiento para envolver al beb\u00e9 en una zona de crianza segura y estable. Caleo tambi\u00e9n ofrece el modo canguro que le permite monitorear la temperatura del beb\u00e9 durante el cuidado de la piel a la piel. La atenci\u00f3n centrada en la familia puede proporcionar beneficios significativos para el lactante, incluido el mejoramiento del bienestar, mejores resultados de salud mental, disminuci\u00f3n de la duraci\u00f3n de la estancia y mayor vinculaci\u00f3n entre los padres y los lactantes. La termorregulaci\u00f3n verdadera significa que la temperatura y la humedad permanecen estables en el compartimiento del beb\u00e9-incluso cuando las puertas est\u00e1n abiertas para los procedimientos. Debido a que Caleo proporciona una zona termo-neutra segura, permite a los neonatos prematuros dedicar su energ\u00eda al crecimiento y al desarrollo, en lugar de reaccionar a un entorno inestable.<\/p>\n<h4>Opciones para enfermer\u00eda y terapia<\/h4>\n<ul>\n<li>Terapia de calor convectiva mediante el control de la temperatura del aire de la incubadora o la temperatura de la piel<\/li>\n<li>Humidificaci\u00f3n del aire de la incubadora<\/li>\n<li>Terapia de O2 mediante elevaci\u00f3n controlada de la concentraci\u00f3n de O2 en el entorno del paciente<\/li>\n<li>Guarder\u00eda y cuidados intensivos a trav\u00e9s de puertos de mano o dos puertas de acceso grandes<\/li>\n<li>Cama giratoria para elevar y bajar la cabeza del beb\u00e9 (posici\u00f3n Trendelenburg y anti-Trendelenburg)<\/li>\n<li>Con monitoreo para&#8230;<\/li>\n<li>Temperatura del aire<\/li>\n<li>Temperatura de la piel<\/li>\n<li>Humedad relativa<\/li>\n<li>Concentraci\u00f3n de O2<\/li>\n<li>Peso<\/li>\n<\/ul>\n<h2 dir=\"ltr\" data-placeholder=\"Translation\"><span lang=\"es\">Especificaciones del<\/span> Incubadora Drager Caleo<\/h2>\n<h3>Dimensiones<\/h3>\n<ul>\n<li>Incubadora (anchura x profundidad) 1167 mm x 687 mm (45,9 \u00abx 27,0\u00bb)<\/li>\n<li>Altura total con columna ajustable de altura 1220 mm a 1520 mm (48,0 \u00abx 59,8\u00bb)<\/li>\n<li>Altura total con columna fija 1270 mm\/1370 mm\/1470 mm (50 \u00ab\/53,9&#8243;\/57,9 \u00ab)<\/li>\n<li>Altura de la superficie del colch\u00f3n (altura variable) 800 mm (31,5 \u00ab) a 1100 mm (43,3\u00bb)<\/li>\n<li>Altura de la superficie del colch\u00f3n (altura fija) 875 mm (34,4 \u00ab)\/950 mm (37,4\u00bb)\/1050 mm (41,3 \u00ab), dependiendo de la columna de altura fija instalada<\/li>\n<li>Cama (anchura x profundidad) 645 mm x 500 mm (25,4 \u00abx 19,7\u201d)<\/li>\n<\/ul>\n<h3>Peso<\/h3>\n<ul>\n<li>Peso total m\u00e1x. 230 kg (507 lbs)<\/li>\n<li>Configuraci\u00f3n b\u00e1sica 130 kg (286,6 lbs)<\/li>\n<li>Capacidad total de la carga 66 kilogramos (142,5 libras)<\/li>\n<\/ul>\n<p>&nbsp;<\/p>\n","protected":false},"excerpt":{"rendered":"<p>Incubadoras<\/p>\n","protected":false},"featured_media":32694,"template":"","meta":{"_acf_changed":false,"_relevanssi_hide_post":"","_relevanssi_hide_content":"","_relevanssi_pin_for_all":"","_relevanssi_pin_keywords":"","_relevanssi_unpin_keywords":"","_relevanssi_related_keywords":"","_relevanssi_related_include_ids":"","_relevanssi_related_exclude_ids":"","_relevanssi_related_no_append":"","_relevanssi_related_not_related":"","_relevanssi_related_posts":"","_relevanssi_noindex_reason":"","inline_featured_image":false},"pwb-brand":[1122],"product_brand":[],"product_cat":[55],"product_tag":[3229,217,3228,3909,3910,4267,3914,4266],"class_list":{"0":"post-4607","1":"product","2":"type-product","3":"status-publish","4":"has-post-thumbnail","6":"pwb-brand-equipo-medico-drager","7":"product_cat-incubadoras","8":"product_tag-caleo","9":"product_tag-drager","10":"product_tag-drager-caleo","11":"product_tag-drager-incubadoras","12":"product_tag-incubadoras","13":"product_tag-incubadoras-caleo","14":"product_tag-incubadoras-drager","15":"product_tag-incubadoras-drager-caleo","17":"first","18":"instock","19":"purchasable","20":"product-type-simple"},"acf":[],"brands":[{"id":1122,"name":"Drager","slug":"equipo-medico-drager"}],"_links":{"self":[{"href":"https:\/\/www.somatechnology.com\/spanish\/wp-json\/wp\/v2\/product\/4607","targetHints":{"allow":["GET"]}}],"collection":[{"href":"https:\/\/www.somatechnology.com\/spanish\/wp-json\/wp\/v2\/product"}],"about":[{"href":"https:\/\/www.somatechnology.com\/spanish\/wp-json\/wp\/v2\/types\/product"}],"wp:featuredmedia":[{"embeddable":true,"href":"https:\/\/www.somatechnology.com\/spanish\/wp-json\/wp\/v2\/media\/32694"}],"wp:attachment":[{"href":"https:\/\/www.somatechnology.com\/spanish\/wp-json\/wp\/v2\/media?parent=4607"}],"wp:term":[{"taxonomy":"pwb-brand","embeddable":true,"href":"https:\/\/www.somatechnology.com\/spanish\/wp-json\/wp\/v2\/pwb-brand?post=4607"},{"taxonomy":"product_brand","embeddable":true,"href":"https:\/\/www.somatechnology.com\/spanish\/wp-json\/wp\/v2\/product_brand?post=4607"},{"taxonomy":"product_cat","embeddable":true,"href":"https:\/\/www.somatechnology.com\/spanish\/wp-json\/wp\/v2\/product_cat?post=4607"},{"taxonomy":"product_tag","embeddable":true,"href":"https:\/\/www.somatechnology.com\/spanish\/wp-json\/wp\/v2\/product_tag?post=4607"}],"curies":[{"name":"wp","href":"https:\/\/api.w.org\/{rel}","templated":true}]}}