{"id":4609,"date":"2016-07-19T21:32:42","date_gmt":"2016-07-19T21:32:42","guid":{"rendered":"http:\/\/equipomedicocentral.com\/wordpress\/product\/drager-tiro-m\/"},"modified":"2023-08-23T06:13:23","modified_gmt":"2023-08-23T10:13:23","slug":"drager-tiro-m","status":"publish","type":"product","link":"https:\/\/www.somatechnology.com\/spanish\/equipo-medico-usado-remanufacturado\/maquinas-de-anestesia\/drager-tiro-m\/","title":{"rendered":"Drager Tiro M"},"content":{"rendered":"<h2>CARACTER\u00cdSTICAS DE DRAGER FABIUS TIRO M<\/h2>\n<p>El Fabius Tiro M es un sistema de anestesia compacto que ofrece todo el espectro de ventilaci\u00f3n anest\u00e9sica a los anestesistas militares\/ARNC en el campo de operaciones. El Tiro M puede utilizarse en una variedad de aplicaciones militares m\u00f3viles y estacionarias en las que se requiere anestesia general. El dise\u00f1o modular permite almacenar todos los componentes est\u00e1ndar del sistema en un \u00fanico contenedor, de modo que el montaje y desmontaje de la unidad se realiza f\u00e1cilmente.<\/p>\n<ul>\n<li>Sistema de anestesia compacto que ofrece todo el espectro de ventilaci\u00f3n de anestesia a los anestesistas militares.<\/li>\n<li>La unidad puede utilizarse en una variedad de aplicaciones militares m\u00f3viles y estacionarias en las que se requiere anestesia general.<\/li>\n<li>El dise\u00f1o modular permite almacenar todos los componentes est\u00e1ndar del sistema en un \u00fanico contenedor, de modo que el montaje y desmontaje de la unidad se realiza f\u00e1cilmente.<\/li>\n<li>Todo el sistema se embala y se env\u00eda en un solo contenedor, lo que garantiza la entrega de una m\u00e1quina de anestesia completa en el campo.<\/li>\n<li>El dise\u00f1o sencillo y modular permite una configuraci\u00f3n completa en 15 minutos, sin necesidad de utilizar herramientas.<\/li>\n<li>El ventilador accionado por pist\u00f3n y controlado electr\u00f3nicamente no utiliza gas de impulsi\u00f3n, lo que reduce el uso de gas fresco en general.<\/li>\n<li>La interfaz f\u00e1cil de usar reduce el tiempo necesario para que los m\u00e9dicos se familiaricen con el sistema.<\/li>\n<\/ul>\n<h2>ESPECIFICACIONES DE DRAGER FABIUS TIRO M<\/h2>\n<h3>Peso<\/h3>\n<ul>\n<li>Contenedor vac\u00edo: 75.4 lbs. \/ 34.2 kg<\/li>\n<li>Contenedor cargado o configurado: 198 lbs. \/ 91 kg<\/li>\n<\/ul>\n<h3>Dimensiones W x H x D<\/h3>\n<ul>\n<li>Contenedor: (ancho) 30,11 pulg. x (alto) 30,16 pulg. x (fondo) 30,11 pulg.<\/li>\n<li>Instalaci\u00f3n de Fabius Tiro M en el contenedor: (ancho) 49,8 pulg. x (alto) 47,2 pulg. x (fondo) 31,9 pulg.<\/li>\n<\/ul>\n<h3>CONDICIONES AMBIENTALES<\/h3>\n<ul>\n<li>Temperatura de funcionamiento: 50 a 95 \u00b0F (10 a 35 \u00b0C)<\/li>\n<li>Temperatura de almacenamiento: 14 a 140 \u00b0F (-10 a 60 \u00b0C)<\/li>\n<li>Fuente de alimentaci\u00f3n (clasificaci\u00f3n no configurable): 100 a 240 VAC, 50\/60 Hz, 70 VA<\/li>\n<li>Bater\u00eda (soporta el ventilador y el monitor integrado): 45 min.<\/li>\n<li>Modos de funcionamiento: Est\u00e1ndar: Manual \/ Espont\u00e1neo; Control de Volumen (VC); Control de Presi\u00f3n (PC); Presi\u00f3n; Soporte (PS); Control de Volumen Sincronizado; Ventilaci\u00f3n c\/PS (SIMV\/PS)<\/li>\n<li>Frecuencia respiratoria: de 4 a 60 lpm<\/li>\n<li>Presi\u00f3n positiva al final de la espiraci\u00f3n (PEEP): 0 a 20 cmH2O<\/li>\n<li>Relaci\u00f3n inspiraci\u00f3n\/espiraci\u00f3n (Ti:Te): 4 : 1 a 1 : 4<\/li>\n<li>Presi\u00f3n l\u00edmite (Pmax): 15 a 70 cmH2O<\/li>\n<li>Volumen corriente\/tidal (VT): 20 a 1400 mL en control de volumen; 20 \u2013a 1100 mL en SIMV\/PS<\/li>\n<li>Pausa inspiratoria (Tip:Ti): 0 a 50 %.<\/li>\n<li>Tiempo inspiratorio SIMV (Tinsp): 0,3 a 4,0 seg.<\/li>\n<li>Presi\u00f3n inspiratoria (Pinsp): (PEEP + 5) a 65 cmH2O<\/li>\n<li>Flujo inspiratorio (InspFlow): de 10 a 75 L\/min en Volumen; y Control de Presi\u00f3n; de 10 a 85 L\/min en Presi\u00f3n de Soporte<\/li>\n<li>Nivel de presi\u00f3n de soporte (\u0394PPS): PEEP +3 a 20 cmH2O<\/li>\n<li>Frecuencia m\u00ednima de apnea-ventilaci\u00f3n (Freq. Min.): de 3 a 20 lpm y \u00abOFF\u00bb<\/li>\n<li>Disparo: de 2 a 15 L\/min<\/li>\n<li>Funciones de seguridad integradas: Controlador de relaci\u00f3n de ox\u00edgeno sensible (S-ORC) que garantiza una concentraci\u00f3n m\u00ednima de O2 del 23% en una mezcla de O2 \/N2O. Corte de N2O si la v\u00e1lvula de gas fresco de O2 est\u00e1 cerrada o si el flujo de O2 es inferior a 0,2 L\/min. Indicaci\u00f3n audible y visual (LED rojo parpadeante) en caso de que la presi\u00f3n de O2 caiga por debajo de 20 psi (1,38 bar) \u00b1 4 psi (0,27 bar). En caso de fallo de la electricidad y de la bater\u00eda, es posible la ventilaci\u00f3n manual, el suministro de gas y el suministro de agente. La v\u00e1lvula de alivio de presi\u00f3n positiva se abre a 75 \u00b1 5 cmH2O. La v\u00e1lvula de alivio de presi\u00f3n negativa se abre a -7,5 a -9 cmH2O.<\/li>\n<li>Rango de indicadores de flujo de gas limpio: 0,00 a 12,0 L\/min<\/li>\n<li>Medidor de flujo total de gas limpio: 0 a 10 L\/min, calibrado con una mezcla de 50% de O2 y 50% de N2O<\/li>\n<li>Flujo de O2 (bypass): a 55 psi (3,8 kPa x 100): m\u00e1x. 50 L\/min; a 50 psi (3,4 kPa x 100): m\u00e1x. 35 L\/min<\/li>\n<li>Montaje del vaporizador: Montaje Dr\u00e4ger de 1 posici\u00f3n<\/li>\n<li>Monitorizaci\u00f3n: Monitorizaci\u00f3n continua de la concentraci\u00f3n inspiratoria de O2, la frecuencia respiratoria, el volumen tidal, el volumen minuto, la presi\u00f3n media o de meseta, la presi\u00f3n m\u00e1xima de las v\u00edas respiratorias, as\u00ed como la PEEP. Adem\u00e1s, toda la informaci\u00f3n sobre el flujo de gas fresco se muestra como tubos de flujo virtuales.<\/li>\n<li>Interfaz en serie: 1 x RS 232 (est\u00e1ndar)<\/li>\n<li>Protocolos: Vitalink y Medibus<\/li>\n<li>Datos disponibles para la exportaci\u00f3n: Todos los datos de flujo de gas fresco, ventilaci\u00f3n y O2, curvas de flujo y de presi\u00f3n<\/li>\n<li>Volumen del absorbedor de CO2: 1,5 litros, opci\u00f3n: Absorbedor CLIC precargado de Dr\u00e4ger Medical<\/li>\n<li>Volumen de todo el sistema respiratorio compacto: 2,8 litros + bolsa<\/li>\n<\/ul>\n<h2>M\u00c1S INFORMACI\u00d3N SOBRE EL DRAGER FABIUS TIRO M<\/h2>\n<h3>F\u00e1cil de usar<\/h3>\n<p>El dise\u00f1o modular permite almacenar todos los componentes est\u00e1ndar del sistema en un \u00fanico contenedor, de modo que el montaje y desmontaje de la unidad se realiza f\u00e1cilmente. La funcionalidad y la interfaz de usuario son id\u00e9nticas a las de los equipos de anestesia de la familia Dr\u00e4ger Fabius actualmente comercializados y utilizados en los quir\u00f3fanos civiles de alta gravedad.<\/p>\n<h3>Ventilador electr\u00f3nico<\/h3>\n<p>El ventilador de pist\u00f3n, controlado electr\u00f3nicamente, no utiliza gas de impulsi\u00f3n, lo que reduce el uso de gas fresco en general. La capacidad de arrastre de aire permite que el ventilador siga funcionando en ausencia de flujo de gas fresco, lo cual es importante en \u00e1reas donde no existe un suministro central y la disponibilidad de cilindros es espor\u00e1dica.<\/p>\n<h3>Filosof\u00eda de funcionamiento est\u00e1ndar<\/h3>\n<p>Fabius Tiro M ofrece el mismo rendimiento y utiliza la misma tecnolog\u00eda e interfaz de usuario que los equipos de anestesia comerciales de Dr\u00e4ger, incluidos los modos de ventilaci\u00f3n de cuidados cr\u00edticos de calidad.<\/p>\n<h3>Desplegable sobre el terreno<\/h3>\n<p>El Fabius Tiro M se dise\u00f1\u00f3 para ofrecer un equipo de anestesia con todas las funciones en un paquete compacto y f\u00e1cil de montar para su uso en instalaciones m\u00e9dicas militares sobre el terreno.<\/p>\n<h3>Fuente de gas flexible<\/h3>\n<p>Como alternativa en zonas en las que no se dispone de un suministro central de gas, Fabius\u00ae Tiro M tambi\u00e9n puede utilizar un generador de ox\u00edgeno definido.<\/p>\n<h3>Especialmente para operaciones militares sobre el terreno<\/h3>\n<ul>\n<li>El robusto sistema puede soportar el transporte y seguir proporcionando una funcionalidad de alto nivel en las operaciones de campo<\/li>\n<li>Su dise\u00f1o sencillo y modular permite una configuraci\u00f3n completa en 15 minutos, sin necesidad de utilizar herramientas<\/li>\n<li>Todo el sistema se embala y se env\u00eda en un solo contenedor, lo que garantiza la entrega de un equipo de anestesia completo sobre el terreno<\/li>\n<li>La interfaz f\u00e1cil de usar reduce el tiempo necesario para que los m\u00e9dicos se familiaricen con el sistema<\/li>\n<\/ul>\n<h3>Drager Fabius Tiro M Reconstruido<\/h3>\n<p>Soma Tech Intl ofrece el Drager Fabius Tiro M m\u00e1quina de anestesia hasta un 50% por debajo de los precios originales con el mismo servicios y garant\u00eda que nuevo. El Drager Fabius no s\u00f3lo est\u00e1 t\u00e9cnicamente reconstruido, sino tambi\u00e9n cosm\u00e9ticamente renovado para que funcione y parezca nuevo. Cuando se inicia el proceso de reacondicionamiento de la m\u00e1quina de anestesia, \u00e9sta cuidadosamente inspeccionado y probadp por nuestros propios ingenieros biom\u00e9dicos, altamente cualificados y certificados para trabajar en m\u00e1quinas de anestesia. Si es necesario, se sustituyen las piezas para asegurarse de que todos los aspectos de la m\u00e1quina de anestesia funcionan con eficaz. Una vez que todo funciona correctamente, la unidad se calibra de acuerdo con las especificaciones originales. Esto garantiza que la unidad funcione de la misma manera que sali\u00f3 originalmente del fabricante. Despu\u00e9s de que la m\u00e1quina de anestesia funcione como nuevo, se somete a un proceso especial de restauraci\u00f3n cosm\u00e9tica. El Drager Fabius Trio M se limpia, se reparan los peque\u00f1os ara\u00f1azos y abolladuras, se pinta y se sustituyen las calcoman\u00edas si es necesario. Despu\u00e9s de este proceso de restauraci\u00f3n extenuante, la unidad funciona y se ve como nuevo. Soma Tech Intl cuenta con la certificaci\u00f3n ISO 13485 y se asegura de que se d\u00e9 la mejor calidad a todos los equipos m\u00e9dicos de alta calidad que se venden. Antes de que el Drager Fabius Trio M sea etiquetado como listo para el paciente y empaquetado para su env\u00edo, pasa por una \u00faltima prueba de control de calidad que asegura que todos los aspectos funcionan de nuevo como deber\u00edan. Si est\u00e1 buscando comprar m\u00e1quinas de anestesia Drager Fabius Tiro M reconstruido, p\u00f3ngase en contacto con nosotros al\u00a0<a href=\"mailto:Soma@SomaTechnology.com\" target=\"_blank\" rel=\"noopener\">Soma@SomaTechnology.com<\/a>\u00a0o ll\u00e1menos al 1-800-GET-SOMA.\u00a0 Soma Tech Intl tambi\u00e9n est\u00e1 buscando activamente para comprar un Drager Fabius Tiro M. Si usted o su instalaci\u00f3n est\u00e1 buscando vender su m\u00e1quina de anestesia, aseg\u00farese de ponerse en contacto con Soma Tech Intl. Soma tiene un departamento de compras dedicado en ayudar a trav\u00e9s de todo el proceso. La venta de su Drager Fabius Tiro M usado o de segunda mano a Soma Tech Intl elimina al intermediario de la ecuaci\u00f3n. Esto tambi\u00e9n asegura que su centro m\u00e9dico obtiene el mejor precio por su equipo. Soma cumple al 100% con la normativa HIPPA y se asegura de que su equipo llegue a nuestras instalaciones en las mismas condiciones en las que sali\u00f3 del suyo. Soma Tech Intl tambi\u00e9n da la opci\u00f3n de cr\u00e9dito de intercambio en su equipo m\u00e9dico. Si usted o su instalaci\u00f3n est\u00e1 buscando recuperar espacio para nuevos equipos, o si usted est\u00e1 buscando para actualizar su equipo actual, p\u00f3ngase en contacto con el departamento de compras de Soma Techn Intl en\u00a0<a href=\"mailto:Buyer@SomaTechnology.com\" target=\"_blank\" rel=\"noopener\">Buyer@SomaTechnology.com<\/a>.<\/p>\n","protected":false},"excerpt":{"rendered":"<p>M\u00e1quina de Anestesia<\/p>\n","protected":false},"featured_media":20353,"template":"","meta":{"_acf_changed":false,"_relevanssi_hide_post":"","_relevanssi_hide_content":"","_relevanssi_pin_for_all":"","_relevanssi_pin_keywords":"","_relevanssi_unpin_keywords":"","_relevanssi_related_keywords":"","_relevanssi_related_include_ids":"","_relevanssi_related_exclude_ids":"","_relevanssi_related_no_append":"","_relevanssi_related_not_related":"","_relevanssi_related_posts":"","_relevanssi_noindex_reason":"","inline_featured_image":false},"pwb-brand":[1122],"product_brand":[],"product_cat":[48],"product_tag":[217,5841,5842,5844,5845,5843,223,6845,6702],"class_list":{"0":"post-4609","1":"product","2":"type-product","3":"status-publish","4":"has-post-thumbnail","6":"pwb-brand-equipo-medico-drager","7":"product_cat-maquinas-de-anestesia","8":"product_tag-drager","9":"product_tag-drager-maquinas-de-anestesia","10":"product_tag-drager-tiro","11":"product_tag-drager-tiro-m","12":"product_tag-drager-tiro-m-maquinas-de-anestesia","13":"product_tag-drager-tiro-maquinas-de-anestesia","14":"product_tag-maquinas-de-anestesia","15":"product_tag-maquinas-de-anestesia-drager","16":"product_tag-sistema-de-anestesia-compacto","18":"first","19":"instock","20":"purchasable","21":"product-type-simple"},"acf":[],"brands":[{"id":1122,"name":"Drager","slug":"equipo-medico-drager"}],"_links":{"self":[{"href":"https:\/\/www.somatechnology.com\/spanish\/wp-json\/wp\/v2\/product\/4609","targetHints":{"allow":["GET"]}}],"collection":[{"href":"https:\/\/www.somatechnology.com\/spanish\/wp-json\/wp\/v2\/product"}],"about":[{"href":"https:\/\/www.somatechnology.com\/spanish\/wp-json\/wp\/v2\/types\/product"}],"wp:featuredmedia":[{"embeddable":true,"href":"https:\/\/www.somatechnology.com\/spanish\/wp-json\/wp\/v2\/media\/20353"}],"wp:attachment":[{"href":"https:\/\/www.somatechnology.com\/spanish\/wp-json\/wp\/v2\/media?parent=4609"}],"wp:term":[{"taxonomy":"pwb-brand","embeddable":true,"href":"https:\/\/www.somatechnology.com\/spanish\/wp-json\/wp\/v2\/pwb-brand?post=4609"},{"taxonomy":"product_brand","embeddable":true,"href":"https:\/\/www.somatechnology.com\/spanish\/wp-json\/wp\/v2\/product_brand?post=4609"},{"taxonomy":"product_cat","embeddable":true,"href":"https:\/\/www.somatechnology.com\/spanish\/wp-json\/wp\/v2\/product_cat?post=4609"},{"taxonomy":"product_tag","embeddable":true,"href":"https:\/\/www.somatechnology.com\/spanish\/wp-json\/wp\/v2\/product_tag?post=4609"}],"curies":[{"name":"wp","href":"https:\/\/api.w.org\/{rel}","templated":true}]}}