{"id":4611,"date":"2016-07-19T21:33:41","date_gmt":"2016-07-19T21:33:41","guid":{"rendered":"http:\/\/equipomedicocentral.com\/wordpress\/product\/ge-datex-ohmeda-s5-aespire\/"},"modified":"2025-09-23T12:24:25","modified_gmt":"2025-09-23T16:24:25","slug":"ge-datex-ohmeda-s5-aespire","status":"publish","type":"product","link":"https:\/\/www.somatechnology.com\/spanish\/equipo-medico-usado-remanufacturado\/maquinas-de-anestesia\/ge-datex-ohmeda-s5-aespire\/","title":{"rendered":"GE Datex Ohmeda S\/5 Aespire"},"content":{"rendered":"<h2>CARACTER\u00cdSTICAS DE GE DATEX OHMEDA S\/5 AESPIRE<\/h2>\n<p>El <strong>S\/5 Aespire<\/strong> marca la introducci\u00f3n del nuevo sistema de respiraci\u00f3n avanzada, el ABS. Su dise\u00f1o, basado en sus necesidades, est\u00e1 totalmente integrado en la estaci\u00f3n de trabajo. Un menor n\u00famero de piezas y conexiones reduce la posibilidad de fugas y desconexiones, proporcionando una mayor seguridad al paciente. El recipiente Multi Absorber* facilita una extracci\u00f3n y sustituci\u00f3n r\u00e1pidas y sencillas. El sistema electr\u00f3nico integrado, totalmente autoclavable, detecta la conexi\u00f3n o desconexi\u00f3n completa del ABS. El interruptor mec\u00e1nico de la bolsa a la ventilaci\u00f3n, de un solo paso, no requiere ning\u00fan sistema electr\u00f3nico.<\/p>\n<p>Soma Tech Intl ofrece dos opciones diferentes de ventilador en la m\u00e1quina de anestesia GE Datex Ohmeda S\/5. El GE Aespire puede tener un ventilador 7100 o un ventilador 7900. Ambos ventiladores est\u00e1n basados en un microprocesador, controlados electr\u00f3nicamente y accionados neum\u00e1ticamente. Los ventiladores del S\/5 Aespire llevan incorporada la monitorizaci\u00f3n del ox\u00edgeno inspirado, la presi\u00f3n de las v\u00edas respiratorias y el volumen exhalado. Estos ventiladores est\u00e1n dise\u00f1ados para ayudar en la administraci\u00f3n de anestesia y forman parte de la m\u00e1quina de anestesia S\/5 Aespire.<\/p>\n<h3>Caracter\u00edsticas de Seguridad de los Ventiladores 7900 y 7100<\/h3>\n<ul>\n<li>Doble protecci\u00f3n redundante contra la sobrepresi\u00f3n en las v\u00edas respiratorias.<\/li>\n<li>L\u00edmites y protecci\u00f3n de sobredosis de volumen.<\/li>\n<li>Conexiones de manguera propias y colectores fijos.<\/li>\n<li>Limitaci\u00f3n de potencia el\u00e9ctrica de 10 VA para un posible entorno enriquecido con ox\u00edgeno.<\/li>\n<li>Protecci\u00f3n contra la sobrepresi\u00f3n por estallido de 150 psi.<\/li>\n<\/ul>\n<h3>Tarjetas de Monitorizaci\u00f3n del Ventilador<\/h3>\n<p>El ventilador 7100 va acompa\u00f1ado de una tarjeta de monitorizaci\u00f3n del ventilador (VMB) que sirve de interfaz entre la tarjeta de control del ventilador y los sensores e interruptores del sistema respiratorio. Transmite diferentes funciones de los interruptores al m\u00f3dulo de control del ventilador y proporciona energ\u00eda a la luz de trabajo. El flujo de gas respiratorio, hacia y desde el paciente, se monitoriza midiendo la presi\u00f3n diferencial a trav\u00e9s de un orificio variable en cada sensor de flujo. Los transductores de presi\u00f3n miden la presi\u00f3n diferencial en el VMB.<\/p>\n<p>El ventilador 7900 est\u00e1 equipado con una placa de interfaz de sensor mejorada (ESIB) que se encuentra debajo del tablero. La ESIB sirve de interfaz entre la placa de la CPU del ventilador y los sensores del circuito respiratorio y varios interruptores de la m\u00e1quina. Pasa a trav\u00e9s de varias posiciones de interruptor a la placa de la CPU del ventilador y proporciona una interfaz para el interruptor ACGO, el interruptor de bolsa\/ventilaci\u00f3n, el interruptor de liberaci\u00f3n del bote, el interruptor de la cubierta del panel de control, el interruptor de derivaci\u00f3n de CO2 y los interruptores de identificaci\u00f3n del circuito respiratorio.<\/p>\n<h3>Bater\u00edas del Ventilador<\/h3>\n<p>Tanto el ventilador 7100 como el 7900 del S\/5 Aespire tienen una bater\u00eda de plomo-\u00e1cido sellada que s\u00f3lo se utiliza como energ\u00eda de reserva en caso de fallo de la red el\u00e9ctrica. Las bater\u00edas alimentan cada unidad durante unos 30 minutos.<\/p>\n<p>Caracter\u00edsticas del equipo de anestesia Ohmeda S\/5 Aespire de GE Datex<\/p>\n<ul>\n<li>El encendido es r\u00e1pido y f\u00e1cil en su entorno de ritmo r\u00e1pido.<\/li>\n<li>El flujo m\u00ednimo 02 de 50 mL disponible con tubos de flujo dual, asegura la precisi\u00f3n en situaciones de bajo flujo.<\/li>\n<li>La gesti\u00f3n mejorada de mangueras y cables reduce las desconexiones y el desorden.<\/li>\n<li>Ligero y compacto para una f\u00e1cil maniobrabilidad.<\/li>\n<li>Superficie de trabajo m\u00e1s grande para los suministros y el gr\u00e1fico.<\/li>\n<li>Dos grandes cajones proporcionan m\u00e1s espacio de almacenamiento.<\/li>\n<li>El caj\u00f3n extra\u00edble almacena c\u00f3modamente los objetos peque\u00f1os.<\/li>\n<li>Superficies lisas y duraderas para facilitar la limpieza.<\/li>\n<\/ul>\n<p>&nbsp;<\/p>\n","protected":false},"excerpt":{"rendered":"<p>El S\/5 Aespire marca la introducci\u00f3n del nuevo sistema de respiraci\u00f3n avanzada, el ABS. Su dise\u00f1o, basado en sus necesidades, est\u00e1 totalmente integrado en la estaci\u00f3n de trabajo. Un menor n\u00famero de piezas y conexiones reduce la posibilidad de fugas y desconexiones, proporcionando una mayor seguridad al paciente.<\/p>\n","protected":false},"featured_media":27876,"template":"","meta":{"_acf_changed":false,"_relevanssi_hide_post":"","_relevanssi_hide_content":"","_relevanssi_pin_for_all":"","_relevanssi_pin_keywords":"","_relevanssi_unpin_keywords":"","_relevanssi_related_keywords":"","_relevanssi_related_include_ids":"","_relevanssi_related_exclude_ids":"","_relevanssi_related_no_append":"","_relevanssi_related_not_related":"","_relevanssi_related_posts":"","_relevanssi_noindex_reason":"","inline_featured_image":false},"pwb-brand":[1100],"product_brand":[],"product_cat":[48],"product_tag":[435,4088,501,226,4085,4084,4087,4083,4086,224,432,259,225,500,4080,4081,4082,2257,223,6850,4630,502],"class_list":{"0":"post-4611","1":"product","2":"type-product","3":"status-publish","4":"has-post-thumbnail","6":"pwb-brand-equipo-medico-ge","7":"product_cat-maquinas-de-anestesia","8":"product_tag-aespire","9":"product_tag-anestesia","10":"product_tag-datex","11":"product_tag-datex-ohmeda","12":"product_tag-datex-ohmeda-aespire","13":"product_tag-datex-ohmeda-s-5","14":"product_tag-datex-ohmeda-s-5-aespire","15":"product_tag-datex-ohmeda-s5","16":"product_tag-datex-ohmeda-s5-aespire","17":"product_tag-ge","18":"product_tag-ge-aespire","19":"product_tag-ge-datex","20":"product_tag-ge-datex-ohmeda","21":"product_tag-ge-datex-ohmeda-s5","22":"product_tag-ge-datex-ohmeda-s-5-aespire","23":"product_tag-ge-datex-ohmeda-s5-aespire","24":"product_tag-ge-s-5","25":"product_tag-ge-s5","26":"product_tag-maquinas-de-anestesia","27":"product_tag-maquinas-de-anestesia-datex-ohmeda","28":"product_tag-maquinas-de-anestesia-ge","29":"product_tag-ohmeda","31":"first","32":"instock","33":"purchasable","34":"product-type-simple"},"acf":[],"brands":[{"id":1100,"name":"GE","slug":"equipo-medico-ge"}],"_links":{"self":[{"href":"https:\/\/www.somatechnology.com\/spanish\/wp-json\/wp\/v2\/product\/4611","targetHints":{"allow":["GET"]}}],"collection":[{"href":"https:\/\/www.somatechnology.com\/spanish\/wp-json\/wp\/v2\/product"}],"about":[{"href":"https:\/\/www.somatechnology.com\/spanish\/wp-json\/wp\/v2\/types\/product"}],"wp:featuredmedia":[{"embeddable":true,"href":"https:\/\/www.somatechnology.com\/spanish\/wp-json\/wp\/v2\/media\/27876"}],"wp:attachment":[{"href":"https:\/\/www.somatechnology.com\/spanish\/wp-json\/wp\/v2\/media?parent=4611"}],"wp:term":[{"taxonomy":"pwb-brand","embeddable":true,"href":"https:\/\/www.somatechnology.com\/spanish\/wp-json\/wp\/v2\/pwb-brand?post=4611"},{"taxonomy":"product_brand","embeddable":true,"href":"https:\/\/www.somatechnology.com\/spanish\/wp-json\/wp\/v2\/product_brand?post=4611"},{"taxonomy":"product_cat","embeddable":true,"href":"https:\/\/www.somatechnology.com\/spanish\/wp-json\/wp\/v2\/product_cat?post=4611"},{"taxonomy":"product_tag","embeddable":true,"href":"https:\/\/www.somatechnology.com\/spanish\/wp-json\/wp\/v2\/product_tag?post=4611"}],"curies":[{"name":"wp","href":"https:\/\/api.w.org\/{rel}","templated":true}]}}