{"id":4625,"date":"2016-07-19T21:33:41","date_gmt":"2016-07-19T21:33:41","guid":{"rendered":"http:\/\/equipomedicocentral.com\/wordpress\/product\/steris-amsco-century-v116\/"},"modified":"2026-04-13T12:49:15","modified_gmt":"2026-04-13T16:49:15","slug":"steris-amsco-century-v116","status":"publish","type":"product","link":"https:\/\/www.somatechnology.com\/spanish\/equipo-medico-usado-remanufacturado\/autoclaves-esterilizadores\/steris-amsco-century-v116\/","title":{"rendered":"Steris Amsco Century V116"},"content":{"rendered":"<h2>CARACTER\u00cdSTICAS DE STERIS AMSCO CENTURY V116<\/h2>\n<p>Los esterilizadores de vapor Steris Amsco Century V116 est\u00e1n dise\u00f1ados para la esterilizaci\u00f3n r\u00e1pida y eficiente de materiales resistentes al calor y al agua con las mismas capacidades que un esterilizador de gravedad. El esterilizador de pre-vac\u00edo V116 est\u00e1 equipado con ciclos de pre-vac, gravedad, flash, express, prueba de fugas y prueba de eliminaci\u00f3n de aire diaria. Con una c\u00e1mara de 16&#8243; x 16&#8243; x 26&#8243;, el esterilizador V116 ofrece suficiente espacio para que quepa todo su equipo y esterilice con rapidez y una calidad acreditada.<\/p>\n<ul>\n<li>Montado en un gabinete con una caja de acero inoxidable<\/li>\n<li>Puerta accionada por pedal<\/li>\n<li>Un (1) estante<\/li>\n<li>Generador de vapor Reimers<\/li>\n<li>Pantalla t\u00e1ctil<\/li>\n<li>Dos (2) estantes<\/li>\n<li>Puerta vertical: Autom\u00e1tica<\/li>\n<\/ul>\n","protected":false},"excerpt":{"rendered":"<p>Los esterilizadores de vapor Steris Amsco Century V116 est\u00e1n dise\u00f1ados para la esterilizaci\u00f3n r\u00e1pida y eficiente de materiales resistentes al calor y al agua con las mismas capacidades que un esterilizador de gravedad. El esterilizador de pre-vac\u00edo V116 est\u00e1 equipado con ciclos de pre-vac, gravedad, flash, express, prueba de fugas y prueba de eliminaci\u00f3n de aire diaria. Con una c\u00e1mara de 16&#8243; x 16&#8243; x 26&#8243;, el esterilizador V116 ofrece suficiente espacio para que quepa todo su equipo y esterilice con rapidez y una calidad acreditada.<\/p>\n","protected":false},"featured_media":20473,"template":"","meta":{"_acf_changed":false,"_relevanssi_hide_post":"","_relevanssi_hide_content":"","_relevanssi_pin_for_all":"","_relevanssi_pin_keywords":"","_relevanssi_unpin_keywords":"","_relevanssi_related_keywords":"","_relevanssi_related_include_ids":"","_relevanssi_related_exclude_ids":"","_relevanssi_related_no_append":"","_relevanssi_related_not_related":"","_relevanssi_related_posts":"","_relevanssi_noindex_reason":"","inline_featured_image":false},"pwb-brand":[1149],"product_brand":[],"product_cat":[61],"product_tag":[544,6754,6748,2383,6291,6751,6749,2384,543,6752,6753,6750],"class_list":{"0":"post-4625","1":"product","2":"type-product","3":"status-publish","4":"has-post-thumbnail","6":"pwb-brand-equipo-medico-steris","7":"product_cat-autoclaves-esterilizadores","8":"product_tag-amsco","9":"product_tag-amsco-v116","10":"product_tag-autoclave","11":"product_tag-autoclaves","12":"product_tag-century","13":"product_tag-century-v116","14":"product_tag-esterilizador","15":"product_tag-esterilizadores","16":"product_tag-steris","17":"product_tag-steris-amsco-century-v116","18":"product_tag-steris-v116","19":"product_tag-v116","21":"first","22":"instock","23":"featured","24":"purchasable","25":"product-type-simple"},"acf":[],"brands":[{"id":1149,"name":"Steris","slug":"equipo-medico-steris"}],"_links":{"self":[{"href":"https:\/\/www.somatechnology.com\/spanish\/wp-json\/wp\/v2\/product\/4625","targetHints":{"allow":["GET"]}}],"collection":[{"href":"https:\/\/www.somatechnology.com\/spanish\/wp-json\/wp\/v2\/product"}],"about":[{"href":"https:\/\/www.somatechnology.com\/spanish\/wp-json\/wp\/v2\/types\/product"}],"wp:featuredmedia":[{"embeddable":true,"href":"https:\/\/www.somatechnology.com\/spanish\/wp-json\/wp\/v2\/media\/20473"}],"wp:attachment":[{"href":"https:\/\/www.somatechnology.com\/spanish\/wp-json\/wp\/v2\/media?parent=4625"}],"wp:term":[{"taxonomy":"pwb-brand","embeddable":true,"href":"https:\/\/www.somatechnology.com\/spanish\/wp-json\/wp\/v2\/pwb-brand?post=4625"},{"taxonomy":"product_brand","embeddable":true,"href":"https:\/\/www.somatechnology.com\/spanish\/wp-json\/wp\/v2\/product_brand?post=4625"},{"taxonomy":"product_cat","embeddable":true,"href":"https:\/\/www.somatechnology.com\/spanish\/wp-json\/wp\/v2\/product_cat?post=4625"},{"taxonomy":"product_tag","embeddable":true,"href":"https:\/\/www.somatechnology.com\/spanish\/wp-json\/wp\/v2\/product_tag?post=4625"}],"curies":[{"name":"wp","href":"https:\/\/api.w.org\/{rel}","templated":true}]}}