{"id":4626,"date":"2016-07-19T21:33:41","date_gmt":"2016-07-19T21:33:41","guid":{"rendered":"http:\/\/equipomedicocentral.com\/wordpress\/product\/tuttnauer-2340m\/"},"modified":"2025-06-26T10:41:40","modified_gmt":"2025-06-26T14:41:40","slug":"tuttnauer-2340m","status":"publish","type":"product","link":"https:\/\/www.somatechnology.com\/spanish\/equipo-medico-usado-remanufacturado\/autoclaves-esterilizadores\/tuttnauer-2340m\/","title":{"rendered":"Tuttnauer 2340M"},"content":{"rendered":"<h2>Caracter\u00edsticas del Tuttnauer 2340M<\/h2>\n<p>El Tuttnauer 2340M es un esterilizador manual dise\u00f1ado para satisfacer todas las necesidades de esterilizaci\u00f3n a un precio asequible, garantizando calidad, seguridad y confiabilidad. Este autoclave manual cuenta con diversas caracter\u00edsticas enfocadas tanto en la seguridad como en la comodidad del usuario. Su funcionamiento es silencioso y cuenta con aislamiento t\u00e9rmico para mantener un ambiente c\u00f3modo durante su uso.<\/p>\n<ul>\n<li>Apagado autom\u00e1tico al final de los ciclos de esterilizaci\u00f3n y secado<\/li>\n<li>C\u00e1mara y puerta electropulidas duraderas para uso prolongado<\/li>\n<li>Doble bloqueo de seguridad para evitar la apertura de la puerta bajo presi\u00f3n<\/li>\n<li>Protecci\u00f3n contra sobrecalentamiento para evitar quemaduras en el elemento de calentamiento si los niveles de agua son bajos<\/li>\n<li>V\u00e1lvula de drenaje en la parte frontal para un vaciado f\u00e1cil y r\u00e1pido del dep\u00f3sito de agua<\/li>\n<li>Termostato de doble seguridad para evitar sobrecalentamientos<\/li>\n<li>Cuenta con certificaciones internacionales de calidad y est\u00e1ndares de seguridad<\/li>\n<\/ul>\n","protected":false},"excerpt":{"rendered":"<p>El Tuttnauer 2340M es un esterilizador manual dise\u00f1ado para satisfacer todas las necesidades de esterilizaci\u00f3n a un precio asequible, garantizando calidad, seguridad y confiabilidad. Este autoclave manual cuenta con diversas caracter\u00edsticas enfocadas tanto en la seguridad como en la comodidad del usuario. Su funcionamiento es silencioso y cuenta con aislamiento t\u00e9rmico para mantener un ambiente c\u00f3modo durante su uso.<\/p>\n","protected":false},"featured_media":31276,"template":"","meta":{"_acf_changed":false,"_relevanssi_hide_post":"","_relevanssi_hide_content":"","_relevanssi_pin_for_all":"","_relevanssi_pin_keywords":"","_relevanssi_unpin_keywords":"","_relevanssi_related_keywords":"","_relevanssi_related_include_ids":"","_relevanssi_related_exclude_ids":"","_relevanssi_related_no_append":"","_relevanssi_related_not_related":"","_relevanssi_related_posts":"","_relevanssi_noindex_reason":"","inline_featured_image":false},"pwb-brand":[1155],"product_brand":[],"product_cat":[61],"product_tag":[],"class_list":{"0":"post-4626","1":"product","2":"type-product","3":"status-publish","4":"has-post-thumbnail","6":"pwb-brand-autoclaves-esterilizadores-tuttnauer","7":"product_cat-autoclaves-esterilizadores","9":"first","10":"instock","11":"purchasable","12":"product-type-simple"},"acf":[],"brands":[{"id":1155,"name":"Tuttnauer","slug":"autoclaves-esterilizadores-tuttnauer"}],"_links":{"self":[{"href":"https:\/\/www.somatechnology.com\/spanish\/wp-json\/wp\/v2\/product\/4626","targetHints":{"allow":["GET"]}}],"collection":[{"href":"https:\/\/www.somatechnology.com\/spanish\/wp-json\/wp\/v2\/product"}],"about":[{"href":"https:\/\/www.somatechnology.com\/spanish\/wp-json\/wp\/v2\/types\/product"}],"wp:featuredmedia":[{"embeddable":true,"href":"https:\/\/www.somatechnology.com\/spanish\/wp-json\/wp\/v2\/media\/31276"}],"wp:attachment":[{"href":"https:\/\/www.somatechnology.com\/spanish\/wp-json\/wp\/v2\/media?parent=4626"}],"wp:term":[{"taxonomy":"pwb-brand","embeddable":true,"href":"https:\/\/www.somatechnology.com\/spanish\/wp-json\/wp\/v2\/pwb-brand?post=4626"},{"taxonomy":"product_brand","embeddable":true,"href":"https:\/\/www.somatechnology.com\/spanish\/wp-json\/wp\/v2\/product_brand?post=4626"},{"taxonomy":"product_cat","embeddable":true,"href":"https:\/\/www.somatechnology.com\/spanish\/wp-json\/wp\/v2\/product_cat?post=4626"},{"taxonomy":"product_tag","embeddable":true,"href":"https:\/\/www.somatechnology.com\/spanish\/wp-json\/wp\/v2\/product_tag?post=4626"}],"curies":[{"name":"wp","href":"https:\/\/api.w.org\/{rel}","templated":true}]}}