{"id":4630,"date":"2016-07-19T21:33:41","date_gmt":"2016-07-19T21:33:41","guid":{"rendered":"http:\/\/equipomedicocentral.com\/wordpress\/product\/tuttnauer-3870ea\/"},"modified":"2025-06-26T10:42:10","modified_gmt":"2025-06-26T14:42:10","slug":"tuttnauer-3870ea","status":"publish","type":"product","link":"https:\/\/www.somatechnology.com\/spanish\/equipo-medico-usado-remanufacturado\/autoclaves-esterilizadores\/tuttnauer-3870ea\/","title":{"rendered":"Tuttnauer 3870EA"},"content":{"rendered":"<h2>CARACTER\u00cdSTICAS DE TUTTNAUER 3870EA<\/h2>\n<p>Con un autoclave de vapor de gran volumen, el <strong>Tuttnauer 3870EA<\/strong> cuenta con una c\u00e1mara de 15&#8243; y es la unidad de autoclave m\u00e1s grande producida por Tuttnauer. Este autoclave cuenta con un sistema de secado activo de puerta cerrada. Es perfecto para consultorios de varios m\u00e9dicos, cl\u00ednicas o centros quir\u00fargicos. La c\u00e1mara de 15 \u00abx30\u00bb acomoda instrumentos m\u00e1s largos o un gran n\u00famero de instrumentos peque\u00f1os.<\/p>\n<ul>\n<li>C\u00e1mara y puerta electropulidas de larga duraci\u00f3n.<\/li>\n<li>El doble dispositivo de seguridad evita que la puerta se abra mientras la c\u00e1mara est\u00e1 presurizada.<\/li>\n<li>El corte por sobrecalentamiento evita que se quemen los elementos calefactores en caso de que no haya suficiente agua en la c\u00e1mara.<\/li>\n<li>V\u00e1lvula de vaciado situada en la parte delantera, que permite un vaciado r\u00e1pido y f\u00e1cil del dep\u00f3sito de agua.<\/li>\n<li>Termostato de seguridad doble para proteger contra el sobrecalentamiento.<\/li>\n<li>Certificaciones internacionales.<\/li>\n<li>Ciclo de secado a puerta cerrada<\/li>\n<li>Impresora integrada para la documentaci\u00f3n del ciclo (opcional)<\/li>\n<li>Dimensiones de la c\u00e1mara: 15.1&#8243; x 29.9&#8243;<\/li>\n<li>Dimensiones totales: 34.5&#8243; x 26&#8243; x 20.6&#8243;<\/li>\n<li>Tiempo de ciclo &#8211; 55 min (en fr\u00edo), 40 min (en caliente)<\/li>\n<\/ul>\n","protected":false},"excerpt":{"rendered":"<p>Con un autoclave de vapor de gran volumen, el Tuttnauer 3870EA cuenta con una c\u00e1mara de 15&#8243; y es la unidad de autoclave m\u00e1s grande producida por Tuttnauer. Este autoclave cuenta con un sistema de secado activo de puerta cerrada. Es perfecto para consultorios de varios m\u00e9dicos, cl\u00ednicas o centros quir\u00fargicos. La c\u00e1mara de 15 \u00abx30\u00bb acomoda instrumentos m\u00e1s largos o un gran n\u00famero de instrumentos peque\u00f1os.<\/p>\n","protected":false},"featured_media":20477,"template":"","meta":{"_acf_changed":false,"_relevanssi_hide_post":"","_relevanssi_hide_content":"","_relevanssi_pin_for_all":"","_relevanssi_pin_keywords":"","_relevanssi_unpin_keywords":"","_relevanssi_related_keywords":"","_relevanssi_related_include_ids":"","_relevanssi_related_exclude_ids":"","_relevanssi_related_no_append":"","_relevanssi_related_not_related":"","_relevanssi_related_posts":"","_relevanssi_noindex_reason":"","inline_featured_image":false},"pwb-brand":[1155],"product_brand":[],"product_cat":[61],"product_tag":[6761,6762,6748,2384,5709,6760,6763],"class_list":{"0":"post-4630","1":"product","2":"type-product","3":"status-publish","4":"has-post-thumbnail","6":"pwb-brand-autoclaves-esterilizadores-tuttnauer","7":"product_cat-autoclaves-esterilizadores","8":"product_tag-6761","9":"product_tag-3870ea","10":"product_tag-autoclave","11":"product_tag-esterilizadores","12":"product_tag-tuttnauer","13":"product_tag-tuttnauer-3870","14":"product_tag-tuttnauer-3870ea","16":"first","17":"instock","18":"purchasable","19":"product-type-simple"},"acf":[],"brands":[{"id":1155,"name":"Tuttnauer","slug":"autoclaves-esterilizadores-tuttnauer"}],"_links":{"self":[{"href":"https:\/\/www.somatechnology.com\/spanish\/wp-json\/wp\/v2\/product\/4630","targetHints":{"allow":["GET"]}}],"collection":[{"href":"https:\/\/www.somatechnology.com\/spanish\/wp-json\/wp\/v2\/product"}],"about":[{"href":"https:\/\/www.somatechnology.com\/spanish\/wp-json\/wp\/v2\/types\/product"}],"wp:featuredmedia":[{"embeddable":true,"href":"https:\/\/www.somatechnology.com\/spanish\/wp-json\/wp\/v2\/media\/20477"}],"wp:attachment":[{"href":"https:\/\/www.somatechnology.com\/spanish\/wp-json\/wp\/v2\/media?parent=4630"}],"wp:term":[{"taxonomy":"pwb-brand","embeddable":true,"href":"https:\/\/www.somatechnology.com\/spanish\/wp-json\/wp\/v2\/pwb-brand?post=4630"},{"taxonomy":"product_brand","embeddable":true,"href":"https:\/\/www.somatechnology.com\/spanish\/wp-json\/wp\/v2\/product_brand?post=4630"},{"taxonomy":"product_cat","embeddable":true,"href":"https:\/\/www.somatechnology.com\/spanish\/wp-json\/wp\/v2\/product_cat?post=4630"},{"taxonomy":"product_tag","embeddable":true,"href":"https:\/\/www.somatechnology.com\/spanish\/wp-json\/wp\/v2\/product_tag?post=4630"}],"curies":[{"name":"wp","href":"https:\/\/api.w.org\/{rel}","templated":true}]}}