{"id":4635,"date":"2016-07-19T21:34:32","date_gmt":"2016-07-19T21:34:32","guid":{"rendered":"http:\/\/equipomedicocentral.com\/wordpress\/product\/drager-babylog-800-plus\/"},"modified":"2025-06-25T16:33:39","modified_gmt":"2025-06-25T20:33:39","slug":"drager-babylog-8000-plus","status":"publish","type":"product","link":"https:\/\/www.somatechnology.com\/spanish\/equipo-medico-usado-remanufacturado\/ventiladores\/drager-babylog-8000-plus\/","title":{"rendered":"Drager Babylog 800 Plus"},"content":{"rendered":"<h2>Dr\u00e4ger Babylog 8000 Plus<\/h2>\n<p>El ventilador Drager Babylog 8000 Plus est\u00e1 dise\u00f1ado para la ventilaci\u00f3n de beb\u00e9s prematuros, reci\u00e9n nacidos y beb\u00e9s con un peso corporal de hasta 20 kg. La sincronizaci\u00f3n sensible, exacta y las caracter\u00edsticas continuas de la adaptaci\u00f3n trabajan juntas para proporcionar el soporte necesario del ventilador. La funci\u00f3n de garant\u00eda de volumen (VG) combina las ventajas de la ventilaci\u00f3n controlada por presi\u00f3n y volumen. El volumen de marea constante, prefijado se mantiene sin importar la fuerza de la respiraci\u00f3n espont\u00e1nea o los cambios en condiciones respiratorias del pulm\u00f3n. La garant\u00eda del volumen asegura la suficiente ventilaci\u00f3n mientras que evita el riesgo de volutrauma.<\/p>\n<ul>\n<li>Permite niveles \u00f3ptimos de respiraci\u00f3n espont\u00e1nea<\/li>\n<li>Facilita el proceso de destete y protege al beb\u00e9 de los efectos adversos como la volutrauma o la atelectasia.<\/li>\n<\/ul>\n<h3>Dimensiones<\/h3>\n<ul>\n<li>Altura: 12.5 pulg (31.8 cm)<\/li>\n<li>Ancho: 8.4 pulg (21.5 cm)<\/li>\n<li>Profundidad: 15.2 pulg (38.5 cm)<\/li>\n<li>Peso: 32 lbs<\/li>\n<\/ul>\n<h3>Controles<\/h3>\n<ul>\n<li>Principio de control flujo continuo, presi\u00f3n-limitado, tiempo-ciclado<\/li>\n<li>Ventilaci\u00f3n convencional IMV\/VPPI, CPAP<\/li>\n<li>Ventilaci\u00f3n accionada IMV, SIPPV, PSV1), escape adaptado<\/li>\n<li>Gatillo flujo\/volumen disparador, fuga adaptado<\/li>\n<li>Demora de gatillo aprox. 30 ms<\/li>\n<li>Ventilation1 de alta frecuencia) 3) CPAP + HFV, IMV + HFV<\/li>\n<li>Frecuencia 5 a 20 Hz<\/li>\n<li>Ventilation1 de la garant\u00eda del volumen) SIMV + VG, SIPPV + VG, PSV + VG<\/li>\n<li>P\u00e9rdida del mezclador del ox\u00edgeno (flujo de corrimiento) 0 (cero) L\/min<\/li>\n<\/ul>\n<h3>Configuraci\u00f3n<\/h3>\n<ul>\n<li>Ox\u00edgeno inspiratorio concentraci\u00f3n 21 -100 vol.% ox\u00edgeno<\/li>\n<li>Presi\u00f3n inspiratoria m\u00e1xima 10 a 80 mbar<\/li>\n<li>PEEP\/CPAP de 0 a 25 mbar<\/li>\n<li>Frecuencia m\u00e1xima 200 BPM2)<\/li>\n<li>Tiempo inspiratorio 0,1 a 2 segundos<\/li>\n<li>Tiempo expiratorio 0.2 a 30 segundos<\/li>\n<li>Flujo inspiratorio 1 a 30 L\/min<\/li>\n<li>Flujo bajo (vive) 1 a 30 L\/min<\/li>\n<\/ul>\n<h3>Monitoreo<\/h3>\n<ul>\n<li>Control de flujo en la pieza y, integrada<\/li>\n<li>Monitorizaci\u00f3n de volumen en la pieza y, integrada<\/li>\n<li>Funci\u00f3n del pulm\u00f3n que supervisa la conformidad, resistencia C20\/C, constante de tiempo<\/li>\n<li>FiO2 de monitoreo integrado<\/li>\n<li>Flujo y presi\u00f3n en tiempo real de las curvas, integrados<\/li>\n<li>Ox\u00edgeno inspiratorio concentraci\u00f3n 21 -100 vol.% ox\u00edgeno<\/li>\n<li>Presi\u00f3n m\u00e1xima a 99 mbar<\/li>\n<li>Presi\u00f3n media de la v\u00eda a\u00e9rea a 99 mbar<\/li>\n<li>Tendencias gr\u00e1ficas 6 par\u00e1metros integrados<\/li>\n<li>Registro diario de las \u00faltimas 100 alarmas<\/li>\n<\/ul>\n","protected":false},"excerpt":{"rendered":"<p>El ventilador Drager Babylog 8000 Plus est\u00e1 dise\u00f1ado para la ventilaci\u00f3n de beb\u00e9s prematuros, reci\u00e9n nacidos y beb\u00e9s con un peso corporal de hasta 20 kg. La sincronizaci\u00f3n sensible, exacta y las caracter\u00edsticas continuas de la adaptaci\u00f3n trabajan juntas para proporcionar el soporte necesario del ventilador. La funci\u00f3n de garant\u00eda de volumen (VG) combina las ventajas de la ventilaci\u00f3n controlada por presi\u00f3n y volumen. El volumen de marea constante, prefijado se mantiene sin importar la fuerza de la respiraci\u00f3n espont\u00e1nea o los cambios en condiciones respiratorias del pulm\u00f3n. La garant\u00eda del volumen asegura la suficiente ventilaci\u00f3n mientras que evita el riesgo de volutrauma.<\/p>\n","protected":false},"featured_media":21573,"template":"","meta":{"_acf_changed":false,"_relevanssi_hide_post":"","_relevanssi_hide_content":"","_relevanssi_pin_for_all":"","_relevanssi_pin_keywords":"","_relevanssi_unpin_keywords":"","_relevanssi_related_keywords":"","_relevanssi_related_include_ids":"","_relevanssi_related_exclude_ids":"","_relevanssi_related_no_append":"","_relevanssi_related_not_related":"","_relevanssi_related_posts":"","_relevanssi_noindex_reason":"","inline_featured_image":false},"pwb-brand":[1122],"product_brand":[],"product_cat":[51],"product_tag":[1470,1471,1472,218,217,1473,1032,1469,1028,6884],"class_list":{"0":"post-4635","1":"product","2":"type-product","3":"status-publish","4":"has-post-thumbnail","6":"pwb-brand-equipo-medico-drager","7":"product_cat-ventiladores","8":"product_tag-babgylog","9":"product_tag-babylog-8000","10":"product_tag-babylog-8000-plus","11":"product_tag-draeger","12":"product_tag-drager","13":"product_tag-plus","14":"product_tag-ventilador","15":"product_tag-ventiladore","16":"product_tag-ventiladores","17":"product_tag-ventiladores-drager","19":"first","20":"instock","21":"purchasable","22":"product-type-simple"},"acf":[],"brands":[{"id":1122,"name":"Drager","slug":"equipo-medico-drager"}],"_links":{"self":[{"href":"https:\/\/www.somatechnology.com\/spanish\/wp-json\/wp\/v2\/product\/4635","targetHints":{"allow":["GET"]}}],"collection":[{"href":"https:\/\/www.somatechnology.com\/spanish\/wp-json\/wp\/v2\/product"}],"about":[{"href":"https:\/\/www.somatechnology.com\/spanish\/wp-json\/wp\/v2\/types\/product"}],"wp:featuredmedia":[{"embeddable":true,"href":"https:\/\/www.somatechnology.com\/spanish\/wp-json\/wp\/v2\/media\/21573"}],"wp:attachment":[{"href":"https:\/\/www.somatechnology.com\/spanish\/wp-json\/wp\/v2\/media?parent=4635"}],"wp:term":[{"taxonomy":"pwb-brand","embeddable":true,"href":"https:\/\/www.somatechnology.com\/spanish\/wp-json\/wp\/v2\/pwb-brand?post=4635"},{"taxonomy":"product_brand","embeddable":true,"href":"https:\/\/www.somatechnology.com\/spanish\/wp-json\/wp\/v2\/product_brand?post=4635"},{"taxonomy":"product_cat","embeddable":true,"href":"https:\/\/www.somatechnology.com\/spanish\/wp-json\/wp\/v2\/product_cat?post=4635"},{"taxonomy":"product_tag","embeddable":true,"href":"https:\/\/www.somatechnology.com\/spanish\/wp-json\/wp\/v2\/product_tag?post=4635"}],"curies":[{"name":"wp","href":"https:\/\/api.w.org\/{rel}","templated":true}]}}