{"id":4637,"date":"2016-07-19T21:34:32","date_gmt":"2016-07-19T21:34:32","guid":{"rendered":"http:\/\/equipomedicocentral.com\/wordpress\/product\/stryker-flosteady\/"},"modified":"2025-12-11T03:36:05","modified_gmt":"2025-12-11T08:36:05","slug":"stryker-flosteady","status":"publish","type":"product","link":"https:\/\/www.somatechnology.com\/spanish\/equipo-medico-usado-remanufacturado\/razuradores-artroscopicos\/stryker-flosteady\/","title":{"rendered":"Stryker FloSteady"},"content":{"rendered":"<div class=\"wpb-content-wrapper\"><p>[vc_row][vc_column][vc_column_text css=\u00bb\u00bb]<\/p>\n<h2>Stryker FloSteady<\/h2>\n<p>La bomba de la artroscopia de FloSteady de Stryker ofrece el funcionamiento m\u00e1ximo y un dise\u00f1o compacto, ahorro de espacio. Esta bomba ergon\u00f3mica, de uso f\u00e1cil se equipa de una opci\u00f3n especial del \u00abTurbo\u00bb para los procedimientos del alto-l\u00edquido.<\/p>\n<p>La bomba de artroscopia FloSteady ofrece numerosas caracter\u00edsticas para un rendimiento \u00f3ptimo y facilidad de uso.<\/p>\n<ul>\n<li>Flujo constante<\/li>\n<li>Opci\u00f3n de Turbo<\/li>\n<li>F\u00e1cil de usar<\/li>\n<li>Portable<\/li>\n<li>Carga larga de la bater\u00eda<\/li>\n<\/ul>\n<p>[\/vc_column_text][\/vc_column][\/vc_row]<\/p>\n<\/div>","protected":false},"excerpt":{"rendered":"<p>Bomba de irrigaci\u00f3n para artroscopia<\/p>\n","protected":false},"featured_media":9524,"template":"","meta":{"_acf_changed":false,"_relevanssi_hide_post":"","_relevanssi_hide_content":"","_relevanssi_pin_for_all":"","_relevanssi_pin_keywords":"","_relevanssi_unpin_keywords":"","_relevanssi_related_keywords":"","_relevanssi_related_include_ids":"","_relevanssi_related_exclude_ids":"","_relevanssi_related_no_append":"","_relevanssi_related_not_related":"","_relevanssi_related_posts":"","_relevanssi_noindex_reason":"","inline_featured_image":false},"pwb-brand":[1079],"product_brand":[],"product_cat":[100,84],"product_tag":[2481,178,2480],"class_list":{"0":"post-4637","1":"product","2":"type-product","3":"status-publish","4":"has-post-thumbnail","6":"pwb-brand-equipo-medico-stryker","7":"product_cat-razuradores-artroscopicos","8":"product_cat-sistema-de-video-endoscopia","9":"product_tag-razuradores-artroscopicos","10":"product_tag-stryker","11":"product_tag-stryker-flosteady","13":"first","14":"instock","15":"purchasable","16":"product-type-simple"},"acf":[],"brands":[{"id":1079,"name":"Stryker","slug":"equipo-medico-stryker"}],"_links":{"self":[{"href":"https:\/\/www.somatechnology.com\/spanish\/wp-json\/wp\/v2\/product\/4637","targetHints":{"allow":["GET"]}}],"collection":[{"href":"https:\/\/www.somatechnology.com\/spanish\/wp-json\/wp\/v2\/product"}],"about":[{"href":"https:\/\/www.somatechnology.com\/spanish\/wp-json\/wp\/v2\/types\/product"}],"wp:featuredmedia":[{"embeddable":true,"href":"https:\/\/www.somatechnology.com\/spanish\/wp-json\/wp\/v2\/media\/9524"}],"wp:attachment":[{"href":"https:\/\/www.somatechnology.com\/spanish\/wp-json\/wp\/v2\/media?parent=4637"}],"wp:term":[{"taxonomy":"pwb-brand","embeddable":true,"href":"https:\/\/www.somatechnology.com\/spanish\/wp-json\/wp\/v2\/pwb-brand?post=4637"},{"taxonomy":"product_brand","embeddable":true,"href":"https:\/\/www.somatechnology.com\/spanish\/wp-json\/wp\/v2\/product_brand?post=4637"},{"taxonomy":"product_cat","embeddable":true,"href":"https:\/\/www.somatechnology.com\/spanish\/wp-json\/wp\/v2\/product_cat?post=4637"},{"taxonomy":"product_tag","embeddable":true,"href":"https:\/\/www.somatechnology.com\/spanish\/wp-json\/wp\/v2\/product_tag?post=4637"}],"curies":[{"name":"wp","href":"https:\/\/api.w.org\/{rel}","templated":true}]}}