{"id":4642,"date":"2016-07-19T21:34:32","date_gmt":"2016-07-19T21:34:32","guid":{"rendered":"http:\/\/equipomedicocentral.com\/wordpress\/product\/ge-oec-9900-elite\/"},"modified":"2024-12-18T16:19:35","modified_gmt":"2024-12-18T21:19:35","slug":"ge-oec-9900-elite","status":"publish","type":"product","link":"https:\/\/www.somatechnology.com\/spanish\/equipo-medico-usado-remanufacturado\/imagenologia-radiologia\/arcos-en-c\/ge-oec-9900-elite\/","title":{"rendered":"GE OEC 9900 Elite"},"content":{"rendered":"<h2>Caracter\u00edsticas de GE OEC 9900 Elite<\/h2>\n<p>El arco en C <a href=\"https:\/\/www.somatechnology.com\/wp-content\/uploads\/sites\/2\/2016\/07\/Arco-en-C-GE-OEC-9900-Elite-1.pdf\"><strong>GE OEC 9900 Elite<\/strong><\/a> ofrece una calidad de imagen mejorada y capacidades avanzadas de monitoreo, respaldando procedimientos como la angiograf\u00eda por sustracci\u00f3n digital (DSA) con movimiento del paciente o del Arco en C. Con una interfaz intuitiva y un arco m\u00e1s profundo, permite un mejor acceso al paciente para procedimientos especializados como intervenciones cardiovasculares y manejo del dolor. Los algoritmos avanzados y los anchos de banda preprogramados del sistema aseguran una precisi\u00f3n y definici\u00f3n superiores en las im\u00e1genes. Equipado con pantallas t\u00e1ctiles dobles de panel plano, el 9900 Elite ofrece \u00e1ngulos de visualizaci\u00f3n flexibles para mejorar la usabilidad.<\/p>\n<ul>\n<li>Cadena de im\u00e1genes de alta resoluci\u00f3n 1k2 con c\u00e1mara CCD de 1k x 1k y captura de fotograma completo AutoTrak<\/li>\n<li>Gesti\u00f3n de rango din\u00e1mico (DRM) y rotaci\u00f3n digital de im\u00e1genes<\/li>\n<li>Intensificador de imagen Tri-Mode de 9 o 12 pulgadas para una optimizaci\u00f3n de im\u00e1genes<\/li>\n<li>Preajuste Bolus Chase con hasta 30 pulsos por segundo y reproducci\u00f3n de grabaciones a 30 FPS<\/li>\n<li>Pantallas t\u00e1ctiles dobles de panel plano de 18 pulgadas con revestimiento antirreflejo en un brazo articulado<\/li>\n<li>Generador de energ\u00eda de 15 kW con tubo de rayos X de \u00e1nodo rotatorio para hasta 120Vp a una frecuencia alta de 60kHz<\/li>\n<li>M\u00faltiples modos fluorosc\u00f3picos y radiogr\u00e1ficos: Fluoroscop\u00eda, Fluoroscop\u00eda pulsada, Fluoroscop\u00eda pulsada de alto nivel, Modo de punto digital y Modo radiogr\u00e1fico<\/li>\n<li>\u00c1nodo pulsado de alta potencia para estudios din\u00e1micos con hasta 30 pps sin artefactos de movimiento<\/li>\n<li>Compatibilidad con DICOM 3.0 para archivado, documentaci\u00f3n e impresi\u00f3n de manera sencilla<\/li>\n<li>Interruptor de pie e interruptor manual controlados por el m\u00e9dico para facilidad operativa<\/li>\n<\/ul>\n","protected":false},"excerpt":{"rendered":"<p>Arco en C M\u00f3vil<\/p>\n","protected":false},"featured_media":30549,"template":"","meta":{"_acf_changed":false,"_relevanssi_hide_post":"","_relevanssi_hide_content":"","_relevanssi_pin_for_all":"","_relevanssi_pin_keywords":"","_relevanssi_unpin_keywords":"","_relevanssi_related_keywords":"","_relevanssi_related_include_ids":"","_relevanssi_related_exclude_ids":"","_relevanssi_related_no_append":"","_relevanssi_related_not_related":"","_relevanssi_related_posts":"","_relevanssi_noindex_reason":"","inline_featured_image":false},"pwb-brand":[1100],"product_brand":[],"product_cat":[66],"product_tag":[10041,10042,245,4008,4523,3121,224,690,10040,4524,650,689,688,4538,655,649,10043],"class_list":{"0":"post-4642","1":"product","2":"type-product","3":"status-publish","4":"has-post-thumbnail","6":"pwb-brand-equipo-medico-ge","7":"product_cat-arcos-en-c","8":"product_tag-10041","9":"product_tag-9900-elite","10":"product_tag-arco-en-c","11":"product_tag-arcos-en-c","12":"product_tag-arcos-en-c-ge","13":"product_tag-elite","14":"product_tag-ge","15":"product_tag-ge-9900-elite","16":"product_tag-ge-arco-en-c","17":"product_tag-ge-arcos-en-c","18":"product_tag-ge-oec","19":"product_tag-ge-oec-9900","20":"product_tag-ge-oec-9900-elite","21":"product_tag-ge-oec-9900-elite-arcos-en-c","22":"product_tag-ge-oec-elite","23":"product_tag-oec","24":"product_tag-oec-900-elite","26":"first","27":"instock","28":"featured","29":"purchasable","30":"product-type-simple"},"acf":[],"brands":[{"id":1100,"name":"GE","slug":"equipo-medico-ge"}],"_links":{"self":[{"href":"https:\/\/www.somatechnology.com\/spanish\/wp-json\/wp\/v2\/product\/4642","targetHints":{"allow":["GET"]}}],"collection":[{"href":"https:\/\/www.somatechnology.com\/spanish\/wp-json\/wp\/v2\/product"}],"about":[{"href":"https:\/\/www.somatechnology.com\/spanish\/wp-json\/wp\/v2\/types\/product"}],"wp:featuredmedia":[{"embeddable":true,"href":"https:\/\/www.somatechnology.com\/spanish\/wp-json\/wp\/v2\/media\/30549"}],"wp:attachment":[{"href":"https:\/\/www.somatechnology.com\/spanish\/wp-json\/wp\/v2\/media?parent=4642"}],"wp:term":[{"taxonomy":"pwb-brand","embeddable":true,"href":"https:\/\/www.somatechnology.com\/spanish\/wp-json\/wp\/v2\/pwb-brand?post=4642"},{"taxonomy":"product_brand","embeddable":true,"href":"https:\/\/www.somatechnology.com\/spanish\/wp-json\/wp\/v2\/product_brand?post=4642"},{"taxonomy":"product_cat","embeddable":true,"href":"https:\/\/www.somatechnology.com\/spanish\/wp-json\/wp\/v2\/product_cat?post=4642"},{"taxonomy":"product_tag","embeddable":true,"href":"https:\/\/www.somatechnology.com\/spanish\/wp-json\/wp\/v2\/product_tag?post=4642"}],"curies":[{"name":"wp","href":"https:\/\/api.w.org\/{rel}","templated":true}]}}