{"id":4669,"date":"2016-07-19T21:35:30","date_gmt":"2016-07-19T21:35:30","guid":{"rendered":"http:\/\/equipomedicocentral.com\/wordpress\/product\/zoll-d-900\/"},"modified":"2023-08-23T06:14:37","modified_gmt":"2023-08-23T10:14:37","slug":"zoll-d-900","status":"publish","type":"product","link":"https:\/\/www.somatechnology.com\/spanish\/equipo-medico-usado-remanufacturado\/desfibriladores-medicos\/desfibriladores\/zoll-d-900\/","title":{"rendered":"Zoll D 900"},"content":{"rendered":"<h2>Caracter\u00edsticas del desfribilador Zoll D900<\/h2>\n<p>El <strong>defibrillator de Zoll D900<\/strong> ofrece tecnolog\u00eda avanzada de la desfibrilaci\u00f3n en una unidad f\u00e1cil de utilizar, ideal para las ACL-respuestas. Proporciona la supervisi\u00f3n de ECG con un monitor grande, f\u00e1cil-a-le\u00eddo y una impresora. Opera en una l\u00ednea de CA y la energ\u00eda de la bater\u00eda.<\/p>\n<h2>\u00a0Especificaciones del desfribilador Zoll D900<\/h2>\n<h3>Dimensiones<\/h3>\n<ul>\n<li>Altura: 10 en<\/li>\n<li>Profundidad: 20 en<\/li>\n<li>Anchura: 14 en<\/li>\n<\/ul>\n<p>&nbsp;<\/p>\n","protected":false},"excerpt":{"rendered":"<p>Desfibrilador<\/p>\n","protected":false},"featured_media":12696,"template":"","meta":{"_acf_changed":false,"_relevanssi_hide_post":"","_relevanssi_hide_content":"","_relevanssi_pin_for_all":"","_relevanssi_pin_keywords":"","_relevanssi_unpin_keywords":"","_relevanssi_related_keywords":"","_relevanssi_related_include_ids":"","_relevanssi_related_exclude_ids":"","_relevanssi_related_no_append":"","_relevanssi_related_not_related":"","_relevanssi_related_posts":"","_relevanssi_noindex_reason":"","inline_featured_image":false},"pwb-brand":[1117],"product_brand":[],"product_cat":[97,4765],"product_tag":[5350,268,5584,5585,1017],"class_list":{"0":"post-4669","1":"product","2":"type-product","3":"status-publish","4":"has-post-thumbnail","6":"pwb-brand-desfibriladores-zoll","7":"product_cat-desfibriladores","8":"product_cat-desfibriladores-portatiles","9":"product_tag-desfibriladores","10":"product_tag-zoll","11":"product_tag-zoll-d900","12":"product_tag-zoll-d900-desfibriladores","13":"product_tag-zoll-desfibriladores","15":"first","16":"instock","17":"purchasable","18":"product-type-simple"},"acf":[],"brands":[{"id":1117,"name":"Zoll","slug":"desfibriladores-zoll"}],"_links":{"self":[{"href":"https:\/\/www.somatechnology.com\/spanish\/wp-json\/wp\/v2\/product\/4669","targetHints":{"allow":["GET"]}}],"collection":[{"href":"https:\/\/www.somatechnology.com\/spanish\/wp-json\/wp\/v2\/product"}],"about":[{"href":"https:\/\/www.somatechnology.com\/spanish\/wp-json\/wp\/v2\/types\/product"}],"wp:featuredmedia":[{"embeddable":true,"href":"https:\/\/www.somatechnology.com\/spanish\/wp-json\/wp\/v2\/media\/12696"}],"wp:attachment":[{"href":"https:\/\/www.somatechnology.com\/spanish\/wp-json\/wp\/v2\/media?parent=4669"}],"wp:term":[{"taxonomy":"pwb-brand","embeddable":true,"href":"https:\/\/www.somatechnology.com\/spanish\/wp-json\/wp\/v2\/pwb-brand?post=4669"},{"taxonomy":"product_brand","embeddable":true,"href":"https:\/\/www.somatechnology.com\/spanish\/wp-json\/wp\/v2\/product_brand?post=4669"},{"taxonomy":"product_cat","embeddable":true,"href":"https:\/\/www.somatechnology.com\/spanish\/wp-json\/wp\/v2\/product_cat?post=4669"},{"taxonomy":"product_tag","embeddable":true,"href":"https:\/\/www.somatechnology.com\/spanish\/wp-json\/wp\/v2\/product_tag?post=4669"}],"curies":[{"name":"wp","href":"https:\/\/api.w.org\/{rel}","templated":true}]}}