{"id":4670,"date":"2016-07-19T21:35:30","date_gmt":"2016-07-19T21:35:30","guid":{"rendered":"http:\/\/equipomedicocentral.com\/wordpress\/product\/burdick-eclipse-850i\/"},"modified":"2023-08-23T06:14:44","modified_gmt":"2023-08-23T10:14:44","slug":"burdick-eclipse-850i","status":"publish","type":"product","link":"https:\/\/www.somatechnology.com\/spanish\/equipo-medico-usado-remanufacturado\/cardiologia\/ekg-interpretativo-y-no-interpretativo\/burdick-eclipse-850i\/","title":{"rendered":"Burdick Eclipse 850i"},"content":{"rendered":"<h2>Caracter\u00edsticas del\u00a0 electrocardiografo Burdick Eclipse 850i<\/h2>\n<p>El electrocardiograma <strong>Burdick Eclipse 850<\/strong> proporciona caracter\u00edsticas y rendimiento t\u00edpicamente encontrados en unidades que cuestan mucho m\u00e1s. Una pantalla de vista previa grande ahorra tiempo y dinero reduciendo retomas. La operaci\u00f3n de la bater\u00eda le da a la unidad movilidad mejorada. La interpretaci\u00f3n computarizada, usando el bien-respetado programa de interpretaci\u00f3n de Glasgow, proporciona una segunda opini\u00f3n silenciosa con exactitud documentada. Opciones adicionales de almacenamiento interno, fax y comunicaciones, y ejercicio de estr\u00e9s, le permiten configurar un sistema que satisfaga sus necesidades para hoy y ma\u00f1ana.<\/p>\n<ul>\n<li>Registrador de m\u00faltiples canales de ECG en un dise\u00f1o compacto<\/li>\n<li>Brillante, retroiluminada de tres canales LCD pantalla de vista previa<\/li>\n<li>Modos no interpretativos (con mediciones) e interpretativos<\/li>\n<li>Full 8,5 \u2033 x 11 \u2033 informes<\/li>\n<li>Formatos de informes de tres, cuatro y seis canales<\/li>\n<li>Teclado alfanum\u00e9rico completo<\/li>\n<li>Inicio de un solo bot\u00f3n de ECG<\/li>\n<li>Operaci\u00f3n de la bater\u00eda o de la CA<\/li>\n<li>Identificaci\u00f3n del paciente #, edad, sexo, raza, medicaciones, clasificaci\u00f3n cl\u00ednica, localizaci\u00f3n, marcas del plomo y par\u00e1metros de la adquisici\u00f3n anotados en la tira<\/li>\n<li>SCP-ECG y transmisi\u00f3n del fax las opciones del ion, compatibles con el sistema de FAA<\/li>\n<li>Opci\u00f3n de almacenamiento para 40 ECGs<\/li>\n<li>Opci\u00f3n de actualizaci\u00f3n de estr\u00e9s de ejercicio<\/li>\n<\/ul>\n<p>&nbsp;<\/p>\n","protected":false},"excerpt":{"rendered":"<p>Electrocardi\u00f3grafo (EKG)<\/p>\n","protected":false},"featured_media":11922,"template":"","meta":{"_acf_changed":false,"_relevanssi_hide_post":"","_relevanssi_hide_content":"","_relevanssi_pin_for_all":"","_relevanssi_pin_keywords":"","_relevanssi_unpin_keywords":"","_relevanssi_related_keywords":"","_relevanssi_related_include_ids":"","_relevanssi_related_exclude_ids":"","_relevanssi_related_no_append":"","_relevanssi_related_not_related":"","_relevanssi_related_posts":"","_relevanssi_noindex_reason":"","inline_featured_image":false},"pwb-brand":[1099],"product_brand":[],"product_cat":[49],"product_tag":[4798,4799,4797,4783,4782,4784],"class_list":{"0":"post-4670","1":"product","2":"type-product","3":"status-publish","4":"has-post-thumbnail","6":"pwb-brand-equipo-medico-burdick","7":"product_cat-ekg-interpretativo-y-no-interpretativo","8":"product_tag-burdick-eclipse","9":"product_tag-burdick-eclipse-850i","10":"product_tag-burdick-eclipse-850i-electrocardiografos","11":"product_tag-burdick-electrocardiografos","12":"product_tag-electrocardiografos","13":"product_tag-electrocardiografos-burdick","15":"first","16":"instock","17":"purchasable","18":"product-type-simple"},"acf":[],"brands":[{"id":1099,"name":"Burdick","slug":"equipo-medico-burdick"}],"_links":{"self":[{"href":"https:\/\/www.somatechnology.com\/spanish\/wp-json\/wp\/v2\/product\/4670","targetHints":{"allow":["GET"]}}],"collection":[{"href":"https:\/\/www.somatechnology.com\/spanish\/wp-json\/wp\/v2\/product"}],"about":[{"href":"https:\/\/www.somatechnology.com\/spanish\/wp-json\/wp\/v2\/types\/product"}],"wp:featuredmedia":[{"embeddable":true,"href":"https:\/\/www.somatechnology.com\/spanish\/wp-json\/wp\/v2\/media\/11922"}],"wp:attachment":[{"href":"https:\/\/www.somatechnology.com\/spanish\/wp-json\/wp\/v2\/media?parent=4670"}],"wp:term":[{"taxonomy":"pwb-brand","embeddable":true,"href":"https:\/\/www.somatechnology.com\/spanish\/wp-json\/wp\/v2\/pwb-brand?post=4670"},{"taxonomy":"product_brand","embeddable":true,"href":"https:\/\/www.somatechnology.com\/spanish\/wp-json\/wp\/v2\/product_brand?post=4670"},{"taxonomy":"product_cat","embeddable":true,"href":"https:\/\/www.somatechnology.com\/spanish\/wp-json\/wp\/v2\/product_cat?post=4670"},{"taxonomy":"product_tag","embeddable":true,"href":"https:\/\/www.somatechnology.com\/spanish\/wp-json\/wp\/v2\/product_tag?post=4670"}],"curies":[{"name":"wp","href":"https:\/\/api.w.org\/{rel}","templated":true}]}}