{"id":4671,"date":"2016-07-19T21:35:30","date_gmt":"2016-07-19T21:35:30","guid":{"rendered":"http:\/\/equipomedicocentral.com\/wordpress\/product\/burdick-eclipse-850m\/"},"modified":"2023-08-23T06:14:45","modified_gmt":"2023-08-23T10:14:45","slug":"burdick-eclipse-850m","status":"publish","type":"product","link":"https:\/\/www.somatechnology.com\/spanish\/equipo-medico-usado-remanufacturado\/cardiologia\/ekg-interpretativo-y-no-interpretativo\/burdick-eclipse-850m\/","title":{"rendered":"Burdick Eclipse 850m"},"content":{"rendered":"<h2><strong>Caracter\u00edsticas de Burdick Eclipse 850m:<\/strong><\/h2>\n<ul>\n<li>Brillante, retroiluminada de tres canales LCD pantalla de vista previa<\/li>\n<li>Interpretativo (con mediciones) y modos interpretativos<\/li>\n<li>Teclado alfanum\u00e9rico completo<\/li>\n<li>Inicio de un solo bot\u00f3n de ECG<\/li>\n<li>Identificaci\u00f3n del paciente #, edad, sexo, raza, medicaciones, clasificaci\u00f3n cl\u00ednica, localizaci\u00f3n, marcas del plomo y par\u00e1metros de la adquisici\u00f3n anotados en la tira.<\/li>\n<li>Almacenaje para hasta 40 ECGs<\/li>\n<li>Elecci\u00f3n de la operaci\u00f3n completamente autom\u00e1tica o manual<\/li>\n<\/ul>\n<p>&nbsp;<\/p>\n","protected":false},"excerpt":{"rendered":"<p>Electrocardi\u00f3grafo (EKG)<\/p>\n","protected":false},"featured_media":11920,"template":"","meta":{"_acf_changed":false,"_relevanssi_hide_post":"","_relevanssi_hide_content":"","_relevanssi_pin_for_all":"","_relevanssi_pin_keywords":"","_relevanssi_unpin_keywords":"","_relevanssi_related_keywords":"","_relevanssi_related_include_ids":"","_relevanssi_related_exclude_ids":"","_relevanssi_related_no_append":"","_relevanssi_related_not_related":"","_relevanssi_related_posts":"","_relevanssi_noindex_reason":"","inline_featured_image":false},"pwb-brand":[1099],"product_brand":[],"product_cat":[49],"product_tag":[4796,4795,4794,4783,4782,4784],"class_list":{"0":"post-4671","1":"product","2":"type-product","3":"status-publish","4":"has-post-thumbnail","6":"pwb-brand-equipo-medico-burdick","7":"product_cat-ekg-interpretativo-y-no-interpretativo","8":"product_tag-brudick-eclipse-850m","9":"product_tag-burdick-eclipse-850m-electrocardiografos","10":"product_tag-burdick-eclipse-electrocardiografos","11":"product_tag-burdick-electrocardiografos","12":"product_tag-electrocardiografos","13":"product_tag-electrocardiografos-burdick","15":"first","16":"instock","17":"purchasable","18":"product-type-simple"},"acf":[],"brands":[{"id":1099,"name":"Burdick","slug":"equipo-medico-burdick"}],"_links":{"self":[{"href":"https:\/\/www.somatechnology.com\/spanish\/wp-json\/wp\/v2\/product\/4671","targetHints":{"allow":["GET"]}}],"collection":[{"href":"https:\/\/www.somatechnology.com\/spanish\/wp-json\/wp\/v2\/product"}],"about":[{"href":"https:\/\/www.somatechnology.com\/spanish\/wp-json\/wp\/v2\/types\/product"}],"wp:featuredmedia":[{"embeddable":true,"href":"https:\/\/www.somatechnology.com\/spanish\/wp-json\/wp\/v2\/media\/11920"}],"wp:attachment":[{"href":"https:\/\/www.somatechnology.com\/spanish\/wp-json\/wp\/v2\/media?parent=4671"}],"wp:term":[{"taxonomy":"pwb-brand","embeddable":true,"href":"https:\/\/www.somatechnology.com\/spanish\/wp-json\/wp\/v2\/pwb-brand?post=4671"},{"taxonomy":"product_brand","embeddable":true,"href":"https:\/\/www.somatechnology.com\/spanish\/wp-json\/wp\/v2\/product_brand?post=4671"},{"taxonomy":"product_cat","embeddable":true,"href":"https:\/\/www.somatechnology.com\/spanish\/wp-json\/wp\/v2\/product_cat?post=4671"},{"taxonomy":"product_tag","embeddable":true,"href":"https:\/\/www.somatechnology.com\/spanish\/wp-json\/wp\/v2\/product_tag?post=4671"}],"curies":[{"name":"wp","href":"https:\/\/api.w.org\/{rel}","templated":true}]}}