{"id":4672,"date":"2016-07-19T21:35:30","date_gmt":"2016-07-19T21:35:30","guid":{"rendered":"http:\/\/equipomedicocentral.com\/wordpress\/product\/burdick-eclipse-le-ii\/"},"modified":"2023-08-23T06:14:45","modified_gmt":"2023-08-23T10:14:45","slug":"burdick-eclipse-le-ii","status":"publish","type":"product","link":"https:\/\/www.somatechnology.com\/spanish\/equipo-medico-usado-remanufacturado\/cardiologia\/ekg-interpretativo-y-no-interpretativo\/burdick-eclipse-le-ii\/","title":{"rendered":"Burdick Eclipse LE II"},"content":{"rendered":"<h2><em>Electrocardi\u00f3grafo <\/em>Burdick Eclipse LE II<\/h2>\n<p>El electrocardi\u00f3grafo <strong>Burdick Eclipse le II EKG<\/strong> modelo viene con 3, 4, o 6 canales formatos 8 1\/2 X 11 \u2033 informes impresora, continuo 3 &amp; 6 canal capacidad de ritmo, teclado alfanum\u00e9rico de tama\u00f1o completo, bater\u00eda\/corriente alterna, certificado biom\u00e9dico.<\/p>\n<ul>\n<li>Registrador de m\u00faltiples canales de ECG en un dise\u00f1o compacto<\/li>\n<li>Brillante, retro iluminada de tres canales LCD pantalla de vista previa<\/li>\n<li>Interpretaci\u00f3n con mediciones<\/li>\n<li>Full 8,5 \u2033 x 11 \u2033 informes<\/li>\n<li>Formatos de informes de tres, cuatro y seis canales<\/li>\n<li>Teclado alfanum\u00e9rico completo<\/li>\n<li>Inicio de un solo bot\u00f3n de ECG<\/li>\n<li>Operaci\u00f3n de la bater\u00eda o de la CA<\/li>\n<li>N\u00famero de identificaci\u00f3n del paciente, edad, sexo, raza, medicamentos, clasificaci\u00f3n cl\u00ednica, localizaci\u00f3n, marcas de plomo y par\u00e1metros de adquisici\u00f3n anotados en tiras<\/li>\n<li>SCP-ECG y opciones de transmisi\u00f3n de fax, compatible con el sistema FAA<\/li>\n<li>Opci\u00f3n de almacenamiento para 40 ECGs<\/li>\n<li>Opci\u00f3n de actualizaci\u00f3n de estr\u00e9s de ejercicio<\/li>\n<\/ul>\n<p>&nbsp;<\/p>\n<p>&nbsp;<\/p>\n","protected":false},"excerpt":{"rendered":"<p>Electrocardi\u00f3grafo (EKG)<\/p>\n","protected":false},"featured_media":11928,"template":"","meta":{"_acf_changed":false,"_relevanssi_hide_post":"","_relevanssi_hide_content":"","_relevanssi_pin_for_all":"","_relevanssi_pin_keywords":"","_relevanssi_unpin_keywords":"","_relevanssi_related_keywords":"","_relevanssi_related_include_ids":"","_relevanssi_related_exclude_ids":"","_relevanssi_related_no_append":"","_relevanssi_related_not_related":"","_relevanssi_related_posts":"","_relevanssi_noindex_reason":"","inline_featured_image":false},"pwb-brand":[1099],"product_brand":[],"product_cat":[49],"product_tag":[1174,4798,4794,4801,4800,4783,4782,4784],"class_list":{"0":"post-4672","1":"product","2":"type-product","3":"status-publish","4":"has-post-thumbnail","6":"pwb-brand-equipo-medico-burdick","7":"product_cat-ekg-interpretativo-y-no-interpretativo","8":"product_tag-burdick","9":"product_tag-burdick-eclipse","10":"product_tag-burdick-eclipse-electrocardiografos","11":"product_tag-burdick-eclipse-le-ii","12":"product_tag-burdick-eclipse-le-ii-electrocardiografos","13":"product_tag-burdick-electrocardiografos","14":"product_tag-electrocardiografos","15":"product_tag-electrocardiografos-burdick","17":"first","18":"instock","19":"purchasable","20":"product-type-simple"},"acf":[],"brands":[{"id":1099,"name":"Burdick","slug":"equipo-medico-burdick"}],"_links":{"self":[{"href":"https:\/\/www.somatechnology.com\/spanish\/wp-json\/wp\/v2\/product\/4672","targetHints":{"allow":["GET"]}}],"collection":[{"href":"https:\/\/www.somatechnology.com\/spanish\/wp-json\/wp\/v2\/product"}],"about":[{"href":"https:\/\/www.somatechnology.com\/spanish\/wp-json\/wp\/v2\/types\/product"}],"wp:featuredmedia":[{"embeddable":true,"href":"https:\/\/www.somatechnology.com\/spanish\/wp-json\/wp\/v2\/media\/11928"}],"wp:attachment":[{"href":"https:\/\/www.somatechnology.com\/spanish\/wp-json\/wp\/v2\/media?parent=4672"}],"wp:term":[{"taxonomy":"pwb-brand","embeddable":true,"href":"https:\/\/www.somatechnology.com\/spanish\/wp-json\/wp\/v2\/pwb-brand?post=4672"},{"taxonomy":"product_brand","embeddable":true,"href":"https:\/\/www.somatechnology.com\/spanish\/wp-json\/wp\/v2\/product_brand?post=4672"},{"taxonomy":"product_cat","embeddable":true,"href":"https:\/\/www.somatechnology.com\/spanish\/wp-json\/wp\/v2\/product_cat?post=4672"},{"taxonomy":"product_tag","embeddable":true,"href":"https:\/\/www.somatechnology.com\/spanish\/wp-json\/wp\/v2\/product_tag?post=4672"}],"curies":[{"name":"wp","href":"https:\/\/api.w.org\/{rel}","templated":true}]}}