{"id":4676,"date":"2016-07-19T21:35:30","date_gmt":"2016-07-19T21:35:30","guid":{"rendered":"http:\/\/equipomedicocentral.com\/wordpress\/product\/terumo-sarns-tcm-ii\/"},"modified":"2023-08-23T06:14:51","modified_gmt":"2023-08-23T10:14:51","slug":"terumo-sarns-tcm-ii","status":"publish","type":"product","link":"https:\/\/www.somatechnology.com\/spanish\/equipo-medico-usado-remanufacturado\/cardiovascular\/calentador-enfriador\/terumo-sarns-tcm-ii\/","title":{"rendered":"Terumo Sarns TCM II"},"content":{"rendered":"<h2>Caracter\u00edsticas del Terumo Sarns TCM II<\/h2>\n<p>El Sarns TCM II es un sistema de calefacci\u00f3n y refrigeraci\u00f3n controlado por computadora para su uso durante el bypass cardiopulmonar. En comparaci\u00f3n con los dispositivos que utilizan agua fr\u00eda refrigerada, el TCM II logra una refrigeraci\u00f3n m\u00e1s r\u00e1pida y confiable mediante el uso de hielo fundido, que mantiene una temperatura estable y fr\u00eda a medida que conduce el calor. El sistema de calefacci\u00f3n del TCM II refleja el est\u00e1ndar de tecnolog\u00eda actual. Sus potentes calentadores y su colector de mezcla de alta eficiencia le permiten aumentar las temperaturas r\u00e1pidamente. El control est\u00e1 a su alcance, usando la pantalla principal o el m\u00f3dulo remoto opcional. Un panel de visualizaci\u00f3n simplificado le proporciona datos precisos de temperatura digital para proteger a sus pacientes. En cualquiera de los paneles, puede seleccionar temperaturas que oscilan entre 0 y 42 \u00b0 C para llevar a sus pacientes r\u00e1pida y precisamente a la temperatura necesaria. Para la protecci\u00f3n de pacientes pedi\u00e1tricos, se puede configurar un gradiente m\u00e1ximo de temperatura de la sangre agua a veno para que funcione durante el recalentamiento.<\/p>\n<ul>\n<li>Calentador \/ enfriador digital<\/li>\n<li>Mantiene las temperaturas exactas con controles sensibles controlados por microprocesador<\/li>\n<li>Minimiza el tiempo de recalentamiento del paciente con potentes calentadores y mezcla de mezcla de alta eficiencia<\/li>\n<li>Reduce el tiempo de enfriamiento del paciente al derretir hielo<\/li>\n<li>M\u00f3dulo de visualizaci\u00f3n y control remoto opcional de Sarns para la gesti\u00f3n de la temperatura al alcance de la mano, mientras la unidad principal se encuentra en una ubicaci\u00f3n conveniente y remota<\/li>\n<li>Pantallas de temperatura en lecturas digitales para hasta nueve sondas de temperatura; lecturas para hasta 9 sondas de temperatura mediante el uso de 3 m\u00f3dulos de temperatura; la alarma se puede configurar para 3 sondas (una sonda por m\u00f3dulo) ubicadas en sitios de temperatura crucial<\/li>\n<li>Controles de temperatura precisos mantenidos por un microprocesador que permite seleccionar la temperatura del agua del oxigenador de 0 a 42 \u00b0 C en incrementos de un grado<\/li>\n<li>El control de cardioplej\u00eda independiente ofrece tres velocidades de bombeo para velocidades de enfriamiento variables y un dep\u00f3sito separado para acomodar intercambiadores de calor de bajada<\/li>\n<li>Los puertos de manta regulados por presi\u00f3n con suministro de agua mantienen la misma temperatura que el agua que va al intercambiador de calor del oxigenador<\/li>\n<\/ul>\n<h2 dir=\"ltr\" data-placeholder=\"Translation\"><span lang=\"es\">\u00a0<\/span>Especificaciones\u00a0del Terumo Sarns TCM II<\/h2>\n<h3>Dimensiones<\/h3>\n<h3>Unidad principal<\/h3>\n<ul>\n<li>\u2022 Altura: 34,4 \u00ab(87,4 cm)<\/li>\n<li>\u2022 Ancho: 20.0 \u00ab(50,8cm)<\/li>\n<li>\u2022 Profundidad: 31.5 \u00ab(80,0 cm)<\/li>\n<li>\u2022 Peso: 282 lbs (127,9 kg) con los tanques vac\u00edos; 356 lbs (161,5 kg) con los tanques llenos<\/li>\n<\/ul>\n<h3>Tanque grande<\/h3>\n<ul>\n<li>Longitud: 18.5 \u00bb (47,0 cm)<\/li>\n<li>Ancho: 8.7 \u00bb (22,1 cm)<\/li>\n<li>Profundidad: 21.5 \u00bb (54,6 cm)<\/li>\n<li>Capacidad de agua: 9 gal (34 L)<\/li>\n<li>Capacidad de hielo triturado: 40 lbs (18,1 kg)<\/li>\n<\/ul>\n<h3>Tanque peque\u00f1o<\/h3>\n<ul>\n<li>\u2022 Longitud: 9.5 \u00bb (24,1 cm)<\/li>\n<li>\u2022 Ancho: 5.5 \u00bb (14,0 cm)<\/li>\n<li>\u2022 Profundidad: 9.3 \u00bb (23,6 cm)<\/li>\n<li>\u2022 Capcity de agua: 1.2 gal (4.5 L)<\/li>\n<li>\u2022 Capcidad de hielo triturado: 7.5 lbs (3,4 kg)<\/li>\n<\/ul>\n<h3>Unidad de visualizaci\u00f3n de temperatura<\/h3>\n<ul>\n<li>\u2022 Longitud: 8.75 \u00bb (22,2 cm)<\/li>\n<li>\u2022 Ancho: 5.5 \u00bb (14,0 cm)<\/li>\n<li>\u2022 Profundidad: 2.5 \u00bb (6,4 cm)<\/li>\n<\/ul>\n<h3>M\u00f3dulos de sonda de temperatura<\/h3>\n<ul>\n<li>\u2022 Longitud: 9.0 \u00bb (22,9 cm)<\/li>\n<li>\u2022 Ancho: 5,75 \u00bb (14,6 cm)<\/li>\n<li>\u2022 Profundidad: 2.5 \u00bb (6,4 cm)<\/li>\n<\/ul>\n<h3>Temperatura de salida de agua<\/h3>\n<ul>\n<li>\u2022 Intercambiador de calor oxigenador y manta: 0 &#8211; 42 \u00b0 C<\/li>\n<li>\u2022 Cardioplegia: solo agua helada<\/li>\n<li>\u2022 Calentadores: 2 cada uno &#8211; 1000 vatios, unidades de 220V<\/li>\n<\/ul>\n","protected":false},"excerpt":{"rendered":"<p>Calentador\/Enfriador Digital<\/p>\n","protected":false},"featured_media":6211,"template":"","meta":{"_acf_changed":false,"_relevanssi_hide_post":"","_relevanssi_hide_content":"","_relevanssi_pin_for_all":"","_relevanssi_pin_keywords":"","_relevanssi_unpin_keywords":"","_relevanssi_related_keywords":"","_relevanssi_related_include_ids":"","_relevanssi_related_exclude_ids":"","_relevanssi_related_no_append":"","_relevanssi_related_not_related":"","_relevanssi_related_posts":"","_relevanssi_noindex_reason":"","inline_featured_image":false},"pwb-brand":[1106],"product_brand":[],"product_cat":[82],"product_tag":[474,532,531,473,481,530,529],"class_list":{"0":"post-4676","1":"product","2":"type-product","3":"status-publish","4":"has-post-thumbnail","6":"pwb-brand-equipo-medico-terumo","7":"product_cat-calentador-enfriador","8":"product_tag-sarns","9":"product_tag-sarns-tcm-ii","10":"product_tag-tcm-ii","11":"product_tag-terumo","12":"product_tag-terumo-sarns","13":"product_tag-terumo-sarns-tcm","14":"product_tag-terumo-sarns-tcm-ii","16":"first","17":"instock","18":"purchasable","19":"product-type-simple"},"acf":[],"brands":[{"id":1106,"name":"Terumo","slug":"equipo-medico-terumo"}],"_links":{"self":[{"href":"https:\/\/www.somatechnology.com\/spanish\/wp-json\/wp\/v2\/product\/4676","targetHints":{"allow":["GET"]}}],"collection":[{"href":"https:\/\/www.somatechnology.com\/spanish\/wp-json\/wp\/v2\/product"}],"about":[{"href":"https:\/\/www.somatechnology.com\/spanish\/wp-json\/wp\/v2\/types\/product"}],"wp:featuredmedia":[{"embeddable":true,"href":"https:\/\/www.somatechnology.com\/spanish\/wp-json\/wp\/v2\/media\/6211"}],"wp:attachment":[{"href":"https:\/\/www.somatechnology.com\/spanish\/wp-json\/wp\/v2\/media?parent=4676"}],"wp:term":[{"taxonomy":"pwb-brand","embeddable":true,"href":"https:\/\/www.somatechnology.com\/spanish\/wp-json\/wp\/v2\/pwb-brand?post=4676"},{"taxonomy":"product_brand","embeddable":true,"href":"https:\/\/www.somatechnology.com\/spanish\/wp-json\/wp\/v2\/product_brand?post=4676"},{"taxonomy":"product_cat","embeddable":true,"href":"https:\/\/www.somatechnology.com\/spanish\/wp-json\/wp\/v2\/product_cat?post=4676"},{"taxonomy":"product_tag","embeddable":true,"href":"https:\/\/www.somatechnology.com\/spanish\/wp-json\/wp\/v2\/product_tag?post=4676"}],"curies":[{"name":"wp","href":"https:\/\/api.w.org\/{rel}","templated":true}]}}