{"id":4677,"date":"2016-07-19T21:35:30","date_gmt":"2016-07-19T21:35:30","guid":{"rendered":"http:\/\/equipomedicocentral.com\/wordpress\/product\/csz-hemotherm-400mr\/"},"modified":"2023-08-23T06:14:52","modified_gmt":"2023-08-23T10:14:52","slug":"csz-hemotherm-400mr","status":"publish","type":"product","link":"https:\/\/www.somatechnology.com\/spanish\/equipo-medico-usado-remanufacturado\/cardiovascular\/calentador-enfriador\/csz-hemotherm-400mr\/","title":{"rendered":"CSZ Hemotherm 400MR"},"content":{"rendered":"<h2>CSZ Hemotherm 400MR<\/h2>\n<p>El sistema de enfriador \/ <strong>calentador CSZ HEMOTHERM modelo 400MR<\/strong> se usa para bajar \/ elevar la temperatura de la sangre y \/ o mantener la temperatura de la sangre, seg\u00fan sea necesario, a trav\u00e9s de la transferencia de calor conductivo. La transferencia de calor conductivo se realiza a trav\u00e9s de cualquier tipo de unidad de Ox\u00edgeno de sangre \/ intercambiador de Calor, junto con el uso de una manta debajo del paciente para la fase de recalentamiento, si se desea.<\/p>\n<p>Calefacci\u00f3n \/ refrigeraci\u00f3n eficiente: los dep\u00f3sitos dobles duplican su eficiencia. Los dep\u00f3sitos independientes de refrigeraci\u00f3n y calefacci\u00f3n permiten el cambio instant\u00e1neo de un ba\u00f1o a otro. Cada dep\u00f3sito tiene su propio mecanismo de control y pantalla de temperatura. La bomba eficiente produce un caudal m\u00e1s alto que las unidades de cualquier competidor. El Hemotherm\u00ae reduce la temperatura del agua del dep\u00f3sito a un ritmo que produce r\u00e1pidamente una reducci\u00f3n significativa de la temperatura de la sangre.<\/p>\n<p>Seguridad del paciente: Termostatos de seguridad Hi y Lo secundarios incorporados y un interruptor de circuito externo que se puede restablecer para mejorar el dise\u00f1o seguro de Hemotherm\u00ae.<\/p>\n<p>Pr\u00e1ctico: no se requiere hielo con este sistema, lo que elimina el desorden y proporciona una configuraci\u00f3n sencilla. Para mayor comodidad, hay un control remoto opcional disponible para cambiar y monitorear los ajustes del Hemotherm\u00ae desde una ubicaci\u00f3n remota. El control por microprocesador proporciona una operaci\u00f3n m\u00e1s f\u00e1cil y precisa. La gran pantalla LED permite la supervisi\u00f3n de un vistazo. Elimina la necesidad de calibraci\u00f3n.<\/p>\n<p>Facilidad de uso: la refrigeraci\u00f3n mec\u00e1nica significa una configuraci\u00f3n sencilla, una respuesta r\u00e1pida y una limpieza m\u00ednima. Elimina el proceso de pre acondicionamiento. Hemotherm\u00ae ocupa solo 3,4 pies cuadrados (0,3 m2) de superficie y se mueve con facilidad sobre ruedas giratorias conductoras.<\/p>\n<h3>Doble prop\u00f3sito: Hemotherm\u00ae tambi\u00e9n se puede usar con una manta de hipotermia para proporcionar terapia adicional de enfriamiento \/ recalentamiento del paciente.<\/h3>\n<h3>Informaci\u00f3n General<\/h3>\n<ul>\n<li>Temperatura del agua 3 \u00b0 &#8211; 42 \u00b0 C (37.4 \u00b0 &#8211; 107.6 \u00b0 F)<\/li>\n<li>Velocidad de flujo 246 GPH (accesorios Hansen de flujo continuo)<\/li>\n<li>Dimensiones exteriores 22 pulgadas x 22 pulgadas x 32 pulgadas (55,8 cm x 55,8 cm x 81,3)<\/li>\n<\/ul>\n","protected":false},"excerpt":{"rendered":"<p>Calentador\/ Enfriador<\/p>\n","protected":false},"featured_media":11842,"template":"","meta":{"_acf_changed":false,"_relevanssi_hide_post":"","_relevanssi_hide_content":"","_relevanssi_pin_for_all":"","_relevanssi_pin_keywords":"","_relevanssi_unpin_keywords":"","_relevanssi_related_keywords":"","_relevanssi_related_include_ids":"","_relevanssi_related_exclude_ids":"","_relevanssi_related_no_append":"","_relevanssi_related_not_related":"","_relevanssi_related_posts":"","_relevanssi_noindex_reason":"","inline_featured_image":false},"pwb-brand":[1111],"product_brand":[],"product_cat":[82],"product_tag":[3932,4754,4757,4756,415,574,575,573,576,577,4755],"class_list":{"0":"post-4677","1":"product","2":"type-product","3":"status-publish","4":"has-post-thumbnail","6":"pwb-brand-equipo-medico-csz","7":"product_cat-calentador-enfriador","8":"product_tag-calentador-enfriador","9":"product_tag-crz-calentador-enfriador","10":"product_tag-crz-hemotherm-400-mr-calentador-enfriador","11":"product_tag-crz-hemotherm-calentador-enfriador","12":"product_tag-csz","13":"product_tag-csz-hemotherm","14":"product_tag-csz-hemotherm-400","15":"product_tag-csz-hemotherm-400mr","16":"product_tag-hemotherm-400","17":"product_tag-hemotherm-400mr","18":"product_tag-hemotherm-calentador-enfriador","20":"first","21":"instock","22":"purchasable","23":"product-type-simple"},"acf":[],"brands":[{"id":1111,"name":"CSZ","slug":"equipo-medico-csz"}],"_links":{"self":[{"href":"https:\/\/www.somatechnology.com\/spanish\/wp-json\/wp\/v2\/product\/4677","targetHints":{"allow":["GET"]}}],"collection":[{"href":"https:\/\/www.somatechnology.com\/spanish\/wp-json\/wp\/v2\/product"}],"about":[{"href":"https:\/\/www.somatechnology.com\/spanish\/wp-json\/wp\/v2\/types\/product"}],"wp:featuredmedia":[{"embeddable":true,"href":"https:\/\/www.somatechnology.com\/spanish\/wp-json\/wp\/v2\/media\/11842"}],"wp:attachment":[{"href":"https:\/\/www.somatechnology.com\/spanish\/wp-json\/wp\/v2\/media?parent=4677"}],"wp:term":[{"taxonomy":"pwb-brand","embeddable":true,"href":"https:\/\/www.somatechnology.com\/spanish\/wp-json\/wp\/v2\/pwb-brand?post=4677"},{"taxonomy":"product_brand","embeddable":true,"href":"https:\/\/www.somatechnology.com\/spanish\/wp-json\/wp\/v2\/product_brand?post=4677"},{"taxonomy":"product_cat","embeddable":true,"href":"https:\/\/www.somatechnology.com\/spanish\/wp-json\/wp\/v2\/product_cat?post=4677"},{"taxonomy":"product_tag","embeddable":true,"href":"https:\/\/www.somatechnology.com\/spanish\/wp-json\/wp\/v2\/product_tag?post=4677"}],"curies":[{"name":"wp","href":"https:\/\/api.w.org\/{rel}","templated":true}]}}