{"id":4682,"date":"2016-07-19T21:36:27","date_gmt":"2016-07-19T21:36:27","guid":{"rendered":"http:\/\/equipomedicocentral.com\/wordpress\/product\/csz-blanketrol-iii\/"},"modified":"2026-03-19T15:40:39","modified_gmt":"2026-03-19T19:40:39","slug":"csz-blanketrol-iii","status":"publish","type":"product","link":"https:\/\/www.somatechnology.com\/spanish\/equipo-medico-usado-remanufacturado\/maquinas-para-hiper-hipotermia\/csz-blanketrol-iii\/","title":{"rendered":"CSZ Blanketrol III"},"content":{"rendered":"<h2>Caracter\u00edsticas del CSZ Blanketrol III<\/h2>\n<p>El sistema de control de temperatura por h\u00edper\/hipotermia Blanketrol III de CSZ se utiliza para reducir, aumentar o mantener la temperatura del paciente deseada mediante transferencia de calor conductiva. La Blanketrol III consta de un calentador, un compresor, una bomba de circulaci\u00f3n y mantas o almohadillas. El sistema proporciona una respuesta r\u00e1pida para regular la temperatura corporal.<\/p>\n<ul>\n<li>Tecnolog\u00eda de gradiente de temperatura que permite un calentamiento o enfriamiento r\u00e1pido o gradual.<\/li>\n<li>3 conectores de manguera.<\/li>\n<li>Desv\u00edo interno facilita cambios de temperatura m\u00e1s r\u00e1pidos al pre acondicionar el agua y preparar el sistema para un uso inmediato.<\/li>\n<li>El programa inform\u00e1tico interno permite exportar los datos del paciente con un archivo .csv.<\/li>\n<li>Interruptores t\u00e1ctiles sensibles a la presi\u00f3n, pantalla de cristal l\u00edquido y dos pantallas LED.<\/li>\n<\/ul>\n","protected":false},"excerpt":{"rendered":"<p>Unidad de Calentamiento de Paciente<\/p>\n","protected":false},"featured_media":33461,"template":"","meta":{"_acf_changed":false,"_relevanssi_hide_post":"","_relevanssi_hide_content":"","_relevanssi_pin_for_all":"","_relevanssi_pin_keywords":"","_relevanssi_unpin_keywords":"","_relevanssi_related_keywords":"","_relevanssi_related_include_ids":"","_relevanssi_related_exclude_ids":"","_relevanssi_related_no_append":"","_relevanssi_related_not_related":"","_relevanssi_related_posts":"","_relevanssi_noindex_reason":"","inline_featured_image":false},"pwb-brand":[1111],"product_brand":[],"product_cat":[9504,7029],"product_tag":[418,421,332,337,10160,10161,415,416,420,10162,10164,9989,364,10167,10166,10163,10165],"class_list":{"0":"post-4682","1":"product","2":"type-product","3":"status-publish","4":"has-post-thumbnail","6":"pwb-brand-equipo-medico-csz","7":"product_cat-maquinas-para-hiper-hipotermia","8":"product_cat-calentadores","9":"product_tag-blanketrol","10":"product_tag-blanketrol-iii","11":"product_tag-calentador","12":"product_tag-calentador-de-mantas","13":"product_tag-cincinnati","14":"product_tag-cincinnati-sub-zero","15":"product_tag-csz","16":"product_tag-csz-blanketrol","17":"product_tag-csz-blanketrol-iii","18":"product_tag-hipertermia","19":"product_tag-hipo","20":"product_tag-iii","21":"product_tag-patient-warmer","22":"product_tag-sistema-de-control-de-temperatura","23":"product_tag-sistema-de-hiper-hipotermia","24":"product_tag-sistema-de-hipertermia","25":"product_tag-sistema-de-hipotermia","27":"first","28":"instock","29":"featured","30":"purchasable","31":"product-type-simple"},"acf":[],"brands":[{"id":1111,"name":"CSZ","slug":"equipo-medico-csz"}],"_links":{"self":[{"href":"https:\/\/www.somatechnology.com\/spanish\/wp-json\/wp\/v2\/product\/4682","targetHints":{"allow":["GET"]}}],"collection":[{"href":"https:\/\/www.somatechnology.com\/spanish\/wp-json\/wp\/v2\/product"}],"about":[{"href":"https:\/\/www.somatechnology.com\/spanish\/wp-json\/wp\/v2\/types\/product"}],"wp:featuredmedia":[{"embeddable":true,"href":"https:\/\/www.somatechnology.com\/spanish\/wp-json\/wp\/v2\/media\/33461"}],"wp:attachment":[{"href":"https:\/\/www.somatechnology.com\/spanish\/wp-json\/wp\/v2\/media?parent=4682"}],"wp:term":[{"taxonomy":"pwb-brand","embeddable":true,"href":"https:\/\/www.somatechnology.com\/spanish\/wp-json\/wp\/v2\/pwb-brand?post=4682"},{"taxonomy":"product_brand","embeddable":true,"href":"https:\/\/www.somatechnology.com\/spanish\/wp-json\/wp\/v2\/product_brand?post=4682"},{"taxonomy":"product_cat","embeddable":true,"href":"https:\/\/www.somatechnology.com\/spanish\/wp-json\/wp\/v2\/product_cat?post=4682"},{"taxonomy":"product_tag","embeddable":true,"href":"https:\/\/www.somatechnology.com\/spanish\/wp-json\/wp\/v2\/product_tag?post=4682"}],"curies":[{"name":"wp","href":"https:\/\/api.w.org\/{rel}","templated":true}]}}