{"id":4686,"date":"2016-07-19T21:36:27","date_gmt":"2016-07-19T21:36:27","guid":{"rendered":"http:\/\/equipomedicocentral.com\/wordpress\/product\/blickman-7922\/"},"modified":"2025-12-11T02:11:22","modified_gmt":"2025-12-11T07:11:22","slug":"blickman-7922","status":"publish","type":"product","link":"https:\/\/www.somatechnology.com\/spanish\/equipo-medico-usado-remanufacturado\/calentador-de-mantas\/blickman-7922\/","title":{"rendered":"Blickman 7922"},"content":{"rendered":"<div class=\"wpb-content-wrapper\"><p>[vc_row][vc_column][vc_column_text css=\u00bb\u00bb]<\/p>\n<h2>Blickman 7922<\/h2>\n<p>Los gabinetes de calentamiento de una sola puerta miden 35-1 \/ 2 \u00abde alto y son adecuados para su uso debajo de una encimera o en espacios limitados. Warming Cabinet puede sentarse en un gabinete existente, o en un soporte m\u00f3vil Blickman. Teclado f\u00e1cil de usar con controles para configurar la temperatura interna se encuentra convenientemente en la parte superior de la puerta.<\/p>\n<ul>\n<li>Puede ser utilizado para:\n<ul>\n<li>Calefacci\u00f3n y almacenamiento de soluciones<\/li>\n<li>Calentador de Mantas<\/li>\n<\/ul>\n<\/li>\n<\/ul>\n<ul>\n<li>Los controladores digitales (PID) cuentan con membrana t\u00e1ctil (domo de acero inoxidable),\n<ul>\n<li>Teclados num\u00e9ricos completos, advertencias sonoras y visuales sobre la temperatura.<\/li>\n<\/ul>\n<\/li>\n<li>Registrador de datos de temperatura incorporado con un reloj en tiempo real.<\/li>\n<\/ul>\n<ul>\n<li>Pantalla gr\u00e1fica de 160 x 180 p\u00edxeles con doble color (rojo \/ verde).<\/li>\n<li>Proporciona una vista de tendencia \u00aba simple vista\u00bb\n<ul>\n<li>Muestra una representaci\u00f3n digital del acondicionamiento de temperatura reciente.<\/li>\n<\/ul>\n<\/li>\n<li>Cierre autom\u00e1tico, junta magn\u00e9tica, puertas de tensi\u00f3n ajustables.<\/li>\n<li>El rango de control de temperatura permite el ajuste de 90 \u00b0 a 160 \u00b0.\n<ul>\n<li>El usuario solo puede programar f\u00e1cilmente gabinetes de calentamiento de soluciones para calentar solo entre 90 \u00b0 F y 110 \u00b0 F.<\/li>\n<\/ul>\n<\/li>\n<li>La funci\u00f3n de temperatura autoajustable mantiene la temperatura establecida dentro de +\/- 1 \u00b0.<\/li>\n<li>La temperatura configurada se puede proteger de dos maneras:\n<ul>\n<li>a) Key-Lock<\/li>\n<li>b) C\u00f3digo de acceso definido por el usuario.<\/li>\n<\/ul>\n<\/li>\n<li>Puertas de cierre est\u00e1ndar (excepto 7927TS \/ TG).<\/li>\n<li>Sin establecer la restricci\u00f3n de temperatura entre los compartimentos.<\/li>\n<li>Recordatorio de fecha de vencimiento de calibraci\u00f3n.<\/li>\n<li>P\u00e9rdida de la vista de c\u00f3digo de acceso si se olvida el c\u00f3digo de acceso definido por el usuario.<\/li>\n<li>Un toque muestra la conversi\u00f3n de unidad de \u00b0 F a \u00b0 C y viceversa.<\/li>\n<li>UL y CSA aprobados.<\/li>\n<\/ul>\n<h3>Especificaciones T\u00e9cnicas<\/h3>\n<ul>\n<li>Dimensiones: 30 \u00abAn. X 26-5 \/ 8\u00bb P x 35-1 \/ 2 \u00abAlt.<\/li>\n<li>Estantes: 2<\/li>\n<li>Amperios: 7.5<\/li>\n<li>Potencia total: 750<\/li>\n<\/ul>\n<p>&nbsp;<\/p>\n<div id=\"mttContainer\" class=\"notranslate\" style=\"transform: translate(98px, 1px);\" aria-expanded=\"false\"><\/div>\n<p>[\/vc_column_text][\/vc_column][\/vc_row]<\/p>\n<\/div>","protected":false},"excerpt":{"rendered":"<p>Tabletop Calentador de Mantas<\/p>\n","protected":false},"featured_media":7847,"template":"","meta":{"_acf_changed":false,"_relevanssi_hide_post":"","_relevanssi_hide_content":"","_relevanssi_pin_for_all":"","_relevanssi_pin_keywords":"","_relevanssi_unpin_keywords":"","_relevanssi_related_keywords":"","_relevanssi_related_include_ids":"","_relevanssi_related_exclude_ids":"","_relevanssi_related_no_append":"","_relevanssi_related_not_related":"","_relevanssi_related_posts":"","_relevanssi_noindex_reason":"","inline_featured_image":false},"pwb-brand":[1167],"product_brand":[],"product_cat":[83,7029],"product_tag":[406,320,402,405,332,337,401],"class_list":{"0":"post-4686","1":"product","2":"type-product","3":"status-publish","4":"has-post-thumbnail","6":"pwb-brand-calentadores-blickman","7":"product_cat-calentador-de-mantas","8":"product_cat-calentadores","9":"product_tag-406","10":"product_tag-blanket-warmer","11":"product_tag-blickman","12":"product_tag-blickman-7922","13":"product_tag-calentador","14":"product_tag-calentador-de-mantas","15":"product_tag-warming-cabinet","17":"first","18":"instock","19":"purchasable","20":"product-type-simple"},"acf":[],"brands":[{"id":1167,"name":"Blickman","slug":"calentadores-blickman"}],"_links":{"self":[{"href":"https:\/\/www.somatechnology.com\/spanish\/wp-json\/wp\/v2\/product\/4686","targetHints":{"allow":["GET"]}}],"collection":[{"href":"https:\/\/www.somatechnology.com\/spanish\/wp-json\/wp\/v2\/product"}],"about":[{"href":"https:\/\/www.somatechnology.com\/spanish\/wp-json\/wp\/v2\/types\/product"}],"wp:featuredmedia":[{"embeddable":true,"href":"https:\/\/www.somatechnology.com\/spanish\/wp-json\/wp\/v2\/media\/7847"}],"wp:attachment":[{"href":"https:\/\/www.somatechnology.com\/spanish\/wp-json\/wp\/v2\/media?parent=4686"}],"wp:term":[{"taxonomy":"pwb-brand","embeddable":true,"href":"https:\/\/www.somatechnology.com\/spanish\/wp-json\/wp\/v2\/pwb-brand?post=4686"},{"taxonomy":"product_brand","embeddable":true,"href":"https:\/\/www.somatechnology.com\/spanish\/wp-json\/wp\/v2\/product_brand?post=4686"},{"taxonomy":"product_cat","embeddable":true,"href":"https:\/\/www.somatechnology.com\/spanish\/wp-json\/wp\/v2\/product_cat?post=4686"},{"taxonomy":"product_tag","embeddable":true,"href":"https:\/\/www.somatechnology.com\/spanish\/wp-json\/wp\/v2\/product_tag?post=4686"}],"curies":[{"name":"wp","href":"https:\/\/api.w.org\/{rel}","templated":true}]}}