{"id":4689,"date":"2016-07-19T21:36:27","date_gmt":"2016-07-19T21:36:27","guid":{"rendered":"http:\/\/equipomedicocentral.com\/wordpress\/product\/mortara-eli-100\/"},"modified":"2023-08-23T06:14:58","modified_gmt":"2023-08-23T10:14:58","slug":"mortara-eli-100","status":"publish","type":"product","link":"https:\/\/www.somatechnology.com\/spanish\/equipo-medico-usado-remanufacturado\/cardiologia\/ekg-interpretativo-y-no-interpretativo\/mortara-eli-100\/","title":{"rendered":"Mortara ELI 100"},"content":{"rendered":"<h2>Caracter\u00edsticas Mortara ELI 100<\/h2>\n<p>El <strong>Motorola ELI 100<\/strong> Instrument es un electrocardi\u00f3grafo interpretativo port\u00e1til dise\u00f1ado para ser r\u00e1pido y f\u00e1cil de usar. Adquiere e imprime un ECG de 12 derivaciones con solo tocar una tecla.<br \/>\nLa impresi\u00f3n, en papel de 108 mm de ancho, ofrece una variedad de formatos: 3 o 4 canales en modo autom\u00e1tico y 3 o 6 canales durante la grabaci\u00f3n de ritmo.<br \/>\nLa detecci\u00f3n de falla de plomo del ELI 100 y la verificaci\u00f3n de la calidad de la se\u00f1al aseguran una adquisici\u00f3n \u00f3ptima de la se\u00f1al, lo que reduce la necesidad de volver a adquirir el ECG y, por lo tanto, reduce los gastos operativos.<br \/>\nLa pantalla LCD presenta una interfaz f\u00e1cil de usar que solicita al usuario los comandos y muestra el estado de la unidad. El teclado alfanum\u00e9rico completo aumenta la eficiencia del personal haciendo que la entrada de datos del paciente sea r\u00e1pida y sencilla. El m\u00f3dem interno opcional proporciona los medios para comunicarse con el sistema de gesti\u00f3n de datos E-Scribe \/ NT o para transmitir a la Administraci\u00f3n Federal de Aviaci\u00f3n. La capacidad de almacenamiento interno est\u00e1ndar de 40 ECG del ELI 100 se puede ampliar a 150 ECG.<\/p>\n<h2>Especificaci\u00f3n Mortara ELI 100\u00a0:<\/h2>\n<h3><strong>Peso:\u00a0<\/strong><\/h3>\n<ul>\n<li>11 libras (4.9 kg)<\/li>\n<\/ul>\n<h3>Dimensiones:<\/h3>\n<ul>\n<li>25\u2033 x 11.50\u2033 x 3.75\u2033<\/li>\n<li>(28.1 x 28.7 x 9.3cm)<\/li>\n<\/ul>\n<h3>Requerimientos de energ\u00eda:<\/h3>\n<ul>\n<li>100-240 VCA a 50 o 60 Hz, bater\u00edas internas (m\u00e1s de 1,000 ECG por carga de bater\u00eda)<\/li>\n<\/ul>\n<h3>Funciones especiales<strong>:\u00a0<\/strong><\/h3>\n<ul>\n<li>Detecci\u00f3n de inversi\u00f3n del plomo del brazo detecci\u00f3n de artefactos y primeros pasos reducci\u00f3n de la deriva Rechazo de interferencia de CA.<\/li>\n<\/ul>\n<h3>Tipo de instrumento:<\/h3>\n<ul>\n<li>Electrocardi\u00f3grafo de 12 derivaciones<\/li>\n<\/ul>\n<h3>Canales de entrada:<\/h3>\n<ul>\n<li>Adquisici\u00f3n simult\u00e1nea de todos los leads<\/li>\n<\/ul>\n<h3>Cables est\u00e1ndar adquiridos:<\/h3>\n<ul>\n<li>I, II, III, aVR, aVF, V1, V2, V3, V3, V5, V6<\/li>\n<\/ul>\n<h3>Velocidad de muestreo digital:<\/h3>\n<ul>\n<li>10.000 s\/sec\/canal utilizado para la detecci\u00f3n de picos de marcapasos.<\/li>\n<li>500 s\/sec\/canal usado para la grabaci\u00f3n y el an\u00e1lisis<\/li>\n<\/ul>\n<h3>T\u00e9cnica de grabaci\u00f3n:<\/h3>\n<ul>\n<li>Controlado por ordenador punto termal arsenal (200 puntos\/pulgada)<\/li>\n<\/ul>\n<h3>Tipo de papel:<\/h3>\n<ul>\n<li>Sensible termal, rejilla completa, 108mm x 30m<\/li>\n<\/ul>\n<h3>Velocidades de escritor t\u00e9rmico:<\/h3>\n<ul>\n<li>5, 10, 25, 50 mm\/s<\/li>\n<\/ul>\n<h3>Sensibilidad:<\/h3>\n<ul>\n<li>5, 10, or 20 mm\/mV<\/li>\n<\/ul>\n<h3>Clasificaci\u00f3n de dispositivos:<\/h3>\n<ul>\n<li>Type 1, Class CF<\/li>\n<\/ul>\n<p>&nbsp;<\/p>\n","protected":false},"excerpt":{"rendered":"<p>Electrocardi\u00f3grafo (EKG)<\/p>\n","protected":false},"featured_media":11950,"template":"","meta":{"_acf_changed":false,"_relevanssi_hide_post":"","_relevanssi_hide_content":"","_relevanssi_pin_for_all":"","_relevanssi_pin_keywords":"","_relevanssi_unpin_keywords":"","_relevanssi_related_keywords":"","_relevanssi_related_include_ids":"","_relevanssi_related_exclude_ids":"","_relevanssi_related_no_append":"","_relevanssi_related_not_related":"","_relevanssi_related_posts":"","_relevanssi_noindex_reason":"","inline_featured_image":false},"pwb-brand":[1103],"product_brand":[],"product_cat":[49],"product_tag":[4782,4814,4813,4815,4816],"class_list":{"0":"post-4689","1":"product","2":"type-product","3":"status-publish","4":"has-post-thumbnail","6":"pwb-brand-mortara","7":"product_cat-ekg-interpretativo-y-no-interpretativo","8":"product_tag-electrocardiografos","9":"product_tag-electrocardiografos-mortara","10":"product_tag-mortara-electrocardiografos","11":"product_tag-mortara-eli-100","12":"product_tag-mortara-eli-100-electrocardiografos","14":"first","15":"instock","16":"purchasable","17":"product-type-simple"},"acf":[],"brands":[{"id":1103,"name":"Mortara","slug":"mortara"}],"_links":{"self":[{"href":"https:\/\/www.somatechnology.com\/spanish\/wp-json\/wp\/v2\/product\/4689","targetHints":{"allow":["GET"]}}],"collection":[{"href":"https:\/\/www.somatechnology.com\/spanish\/wp-json\/wp\/v2\/product"}],"about":[{"href":"https:\/\/www.somatechnology.com\/spanish\/wp-json\/wp\/v2\/types\/product"}],"wp:featuredmedia":[{"embeddable":true,"href":"https:\/\/www.somatechnology.com\/spanish\/wp-json\/wp\/v2\/media\/11950"}],"wp:attachment":[{"href":"https:\/\/www.somatechnology.com\/spanish\/wp-json\/wp\/v2\/media?parent=4689"}],"wp:term":[{"taxonomy":"pwb-brand","embeddable":true,"href":"https:\/\/www.somatechnology.com\/spanish\/wp-json\/wp\/v2\/pwb-brand?post=4689"},{"taxonomy":"product_brand","embeddable":true,"href":"https:\/\/www.somatechnology.com\/spanish\/wp-json\/wp\/v2\/product_brand?post=4689"},{"taxonomy":"product_cat","embeddable":true,"href":"https:\/\/www.somatechnology.com\/spanish\/wp-json\/wp\/v2\/product_cat?post=4689"},{"taxonomy":"product_tag","embeddable":true,"href":"https:\/\/www.somatechnology.com\/spanish\/wp-json\/wp\/v2\/product_tag?post=4689"}],"curies":[{"name":"wp","href":"https:\/\/api.w.org\/{rel}","templated":true}]}}