{"id":4700,"date":"2016-07-19T21:37:20","date_gmt":"2016-07-19T21:37:20","guid":{"rendered":"http:\/\/equipomedicocentral.com\/wordpress\/product\/welch-allyn-cp-200\/"},"modified":"2023-08-23T06:15:06","modified_gmt":"2023-08-23T10:15:06","slug":"welch-allyn-cp-200","status":"publish","type":"product","link":"https:\/\/www.somatechnology.com\/spanish\/equipo-medico-usado-remanufacturado\/cardiologia\/ekg-interpretativo-y-no-interpretativo\/welch-allyn-cp-200\/","title":{"rendered":"Welch Allyn CP 200"},"content":{"rendered":"<h2>Welch Allyn CP 200<\/h2>\n<p>El electrocardiograma<strong> Welch Allyn CP 200<\/strong> puede mostrar, imprimir, guardar y enviar ECGs electr\u00f3nicamente. Cuenta con un teclado alfanum\u00e9rico completo, una pantalla de color para previsualizar ECGs y editar ajustes, almacenamiento para hasta 50 ECG y 50 registros de espirometr\u00eda, informes programables de usuario de tama\u00f1o completo, y la capacidad de operar en cualquier bater\u00eda o alimentaci\u00f3n de AC.<\/p>\n<p>Para el almacenamiento centralizado de datos de ECG, el electrocardiograma CP 200 puede conectarse a una estaci\u00f3n de trabajo CardioPerfect &#x2122; de Welch Allyn, que a su vez puede conectarse con otros sistemas electr\u00f3nicos de informaci\u00f3n para pacientes, tales como facturaci\u00f3n y registros m\u00e9dicos.<\/p>\n<ul>\n<li>ECG de reposo 12-Lead que proporciona medidas exactas<\/li>\n<li>La impresora t\u00e9rmica de alta resoluci\u00f3n genera informes est\u00e1ndar y personalizados de tama\u00f1o completo<\/li>\n<li>Los filtros avanzados para la calidad \u00f3ptima del rastro del ECG aseguran lecturas exactas<\/li>\n<li>Los formatos de informe personalizables le permiten imprimir informaci\u00f3n de la manera que usted necesita<\/li>\n<li>La caracter\u00edstica del inmediato-en enciende el dispositivo para arriba r\u00e1pidamente y le deja tomar un ECG en un momento de aviso<\/li>\n<li>La pantalla grande del LCD del color permite que usted previsualice f\u00e1cilmente la informaci\u00f3n cr\u00edtica en la pantalla<\/li>\n<li>Almacene hasta 50 ECGs para posterior revisi\u00f3n y edici\u00f3n de datos e interpretaci\u00f3n del paciente<\/li>\n<\/ul>\n<h2>Especificaciones del Welch Allyn CP 200<\/h2>\n<h3>Datos t\u00e9cnicos<\/h3>\n<ul>\n<li>Tama\u00f1o de papel: 8.25 en x 11pulg z-Fold<\/li>\n<li>Dispositivo de la impresi\u00f3n: arsenal termal del punto<\/li>\n<li>Canales: 3, 6, o 12<\/li>\n<li>Velocidades de la carta: mm\/s: 10, 25, 50<\/li>\n<li>Dimensiones: (L x W x H)<\/li>\n<li>Cardi\u00f3grafo: 15.6 en x 16.2 en x 6.2 en<\/li>\n<li>Peso: 11.6 lbs (5.3kg)<\/li>\n<\/ul>\n<h3>Requisitos de energ\u00eda<\/h3>\n<ul>\n<li>115\/230V AC +\/-10%, 50\/60Hz en una fuente de alimentaci\u00f3n externa<\/li>\n<\/ul>\n<p>&nbsp;<\/p>\n","protected":false},"excerpt":{"rendered":"<p>Electrocardi\u00f3grafo (EKG)<\/p>\n","protected":false},"featured_media":11979,"template":"","meta":{"_acf_changed":false,"_relevanssi_hide_post":"","_relevanssi_hide_content":"","_relevanssi_pin_for_all":"","_relevanssi_pin_keywords":"","_relevanssi_unpin_keywords":"","_relevanssi_related_keywords":"","_relevanssi_related_include_ids":"","_relevanssi_related_exclude_ids":"","_relevanssi_related_no_append":"","_relevanssi_related_not_related":"","_relevanssi_related_posts":"","_relevanssi_noindex_reason":"","inline_featured_image":false},"pwb-brand":[1101],"product_brand":[],"product_cat":[49],"product_tag":[4782,1242,1240,1243,1244,4851,4848],"class_list":{"0":"post-4700","1":"product","2":"type-product","3":"status-publish","4":"has-post-thumbnail","6":"pwb-brand-equipo-medico-welch-allyn","7":"product_cat-ekg-interpretativo-y-no-interpretativo","8":"product_tag-electrocardiografos","9":"product_tag-welch-allyn","10":"product_tag-welch-allyn-cp","11":"product_tag-welch-allyn-cp-200","12":"product_tag-welch-allyn-cp-200-ekg","13":"product_tag-welch-allyn-cp-200-electrocardiografos","14":"product_tag-welch-allyn-electrocardiografos","16":"first","17":"instock","18":"purchasable","19":"product-type-simple"},"acf":[],"brands":[{"id":1101,"name":"Welch Allyn","slug":"equipo-medico-welch-allyn"}],"_links":{"self":[{"href":"https:\/\/www.somatechnology.com\/spanish\/wp-json\/wp\/v2\/product\/4700","targetHints":{"allow":["GET"]}}],"collection":[{"href":"https:\/\/www.somatechnology.com\/spanish\/wp-json\/wp\/v2\/product"}],"about":[{"href":"https:\/\/www.somatechnology.com\/spanish\/wp-json\/wp\/v2\/types\/product"}],"wp:featuredmedia":[{"embeddable":true,"href":"https:\/\/www.somatechnology.com\/spanish\/wp-json\/wp\/v2\/media\/11979"}],"wp:attachment":[{"href":"https:\/\/www.somatechnology.com\/spanish\/wp-json\/wp\/v2\/media?parent=4700"}],"wp:term":[{"taxonomy":"pwb-brand","embeddable":true,"href":"https:\/\/www.somatechnology.com\/spanish\/wp-json\/wp\/v2\/pwb-brand?post=4700"},{"taxonomy":"product_brand","embeddable":true,"href":"https:\/\/www.somatechnology.com\/spanish\/wp-json\/wp\/v2\/product_brand?post=4700"},{"taxonomy":"product_cat","embeddable":true,"href":"https:\/\/www.somatechnology.com\/spanish\/wp-json\/wp\/v2\/product_cat?post=4700"},{"taxonomy":"product_tag","embeddable":true,"href":"https:\/\/www.somatechnology.com\/spanish\/wp-json\/wp\/v2\/product_tag?post=4700"}],"curies":[{"name":"wp","href":"https:\/\/api.w.org\/{rel}","templated":true}]}}