{"id":4702,"date":"2016-07-19T21:37:20","date_gmt":"2016-07-19T21:37:20","guid":{"rendered":"http:\/\/equipomedicocentral.com\/wordpress\/product\/welch-allyn-schiller-at-2-plus\/"},"modified":"2023-08-23T06:15:07","modified_gmt":"2023-08-23T10:15:07","slug":"welch-allyn-schiller-at-2-plus","status":"publish","type":"product","link":"https:\/\/www.somatechnology.com\/spanish\/equipo-medico-usado-remanufacturado\/cardiologia\/ekg-interpretativo-y-no-interpretativo\/welch-allyn-schiller-at-2-plus\/","title":{"rendered":"Welch Allyn Schiller AT 2 Plus"},"content":{"rendered":"<h2>Caracter\u00edsticas del Welch Allyn Schiller At 2 Plus<\/h2>\n<p>Cambie entre el ECG y la espirometr\u00eda con el empuje de un bot\u00f3n con esta unidad de combinaci\u00f3n avanzada pero econ\u00f3mica. Todas las caracter\u00edsticas de la at-2 m\u00e1s arriba, incluyendo la pantalla de vista previa e informes de p\u00e1gina completa, junto con la tecnolog\u00eda avanzada de espirometr\u00eda de Schiller. Exportar datos a PC con la interfaz RS-232.<\/p>\n<ul>\n<li>Teclado alfanum\u00e9rico<\/li>\n<li>6\/12 representaci\u00f3n del canal de los 12 plomos simult\u00e1neamente adquiridos<\/li>\n<li>Pruebas de funci\u00f3n pulmonar para FVC, SVC, mV y MVV<\/li>\n<li>Monitor retroiluminado grande y de alta resoluci\u00f3n para una vista previa f\u00e1cil de la calidad de ECG<\/li>\n<li>Modo autom\u00e1tico y manual<\/li>\n<li>Impresiones de EKG de tama\u00f1o completo<\/li>\n<\/ul>\n<h2>Especificaciones del Welch Allyn Schiller At 2 Plus<\/h2>\n<h3>Datos t\u00e9cnicos<\/h3>\n<ul>\n<li>Tama\u00f1o del papel: 8.5in x 11pulg<\/li>\n<li>Dispositivo de la impresi\u00f3n: Built-in<\/li>\n<li>Canales: 6, o 12<\/li>\n<\/ul>\n<h3>Requisitos de energ\u00eda<\/h3>\n<ul>\n<li>Fuente de energ\u00eda externa\n<ul>\n<li>115\/230V AC +\/-10%, 50\/60Hz<\/li>\n<\/ul>\n<\/li>\n<\/ul>\n<h2><\/h2>\n","protected":false},"excerpt":{"rendered":"<p>Electrocardi\u00f3grafo (EKG)<\/p>\n","protected":false},"featured_media":11981,"template":"","meta":{"_acf_changed":false,"_relevanssi_hide_post":"","_relevanssi_hide_content":"","_relevanssi_pin_for_all":"","_relevanssi_pin_keywords":"","_relevanssi_unpin_keywords":"","_relevanssi_related_keywords":"","_relevanssi_related_include_ids":"","_relevanssi_related_exclude_ids":"","_relevanssi_related_no_append":"","_relevanssi_related_not_related":"","_relevanssi_related_posts":"","_relevanssi_noindex_reason":"","inline_featured_image":false},"pwb-brand":[1101],"product_brand":[],"product_cat":[49],"product_tag":[4782,1242,1241,4848,1253,1251,4856,1249,1250,1252,4853],"class_list":{"0":"post-4702","1":"product","2":"type-product","3":"status-publish","4":"has-post-thumbnail","6":"pwb-brand-equipo-medico-welch-allyn","7":"product_cat-ekg-interpretativo-y-no-interpretativo","8":"product_tag-electrocardiografos","9":"product_tag-welch-allyn","10":"product_tag-welch-allyn-ekg","11":"product_tag-welch-allyn-electrocardiografos","12":"product_tag-welch-allyn-schiller","13":"product_tag-welch-allyn-schiller-at-2","14":"product_tag-welch-allyn-schiller-at-2-electrocardiografos","15":"product_tag-welch-allyn-schiller-at-2-plus","16":"product_tag-welch-allyn-schiller-at-2-plus-ekg","17":"product_tag-welch-allyn-schiller-ekg","18":"product_tag-welch-allyn-schiller-electrocardiografos","20":"first","21":"instock","22":"purchasable","23":"product-type-simple"},"acf":[],"brands":[{"id":1101,"name":"Welch Allyn","slug":"equipo-medico-welch-allyn"}],"_links":{"self":[{"href":"https:\/\/www.somatechnology.com\/spanish\/wp-json\/wp\/v2\/product\/4702","targetHints":{"allow":["GET"]}}],"collection":[{"href":"https:\/\/www.somatechnology.com\/spanish\/wp-json\/wp\/v2\/product"}],"about":[{"href":"https:\/\/www.somatechnology.com\/spanish\/wp-json\/wp\/v2\/types\/product"}],"wp:featuredmedia":[{"embeddable":true,"href":"https:\/\/www.somatechnology.com\/spanish\/wp-json\/wp\/v2\/media\/11981"}],"wp:attachment":[{"href":"https:\/\/www.somatechnology.com\/spanish\/wp-json\/wp\/v2\/media?parent=4702"}],"wp:term":[{"taxonomy":"pwb-brand","embeddable":true,"href":"https:\/\/www.somatechnology.com\/spanish\/wp-json\/wp\/v2\/pwb-brand?post=4702"},{"taxonomy":"product_brand","embeddable":true,"href":"https:\/\/www.somatechnology.com\/spanish\/wp-json\/wp\/v2\/product_brand?post=4702"},{"taxonomy":"product_cat","embeddable":true,"href":"https:\/\/www.somatechnology.com\/spanish\/wp-json\/wp\/v2\/product_cat?post=4702"},{"taxonomy":"product_tag","embeddable":true,"href":"https:\/\/www.somatechnology.com\/spanish\/wp-json\/wp\/v2\/product_tag?post=4702"}],"curies":[{"name":"wp","href":"https:\/\/api.w.org\/{rel}","templated":true}]}}