{"id":4704,"date":"2016-07-19T21:37:20","date_gmt":"2016-07-19T21:37:20","guid":{"rendered":"http:\/\/equipomedicocentral.com\/wordpress\/product\/philips-hp-pagewriter-300pi-m1770a\/"},"modified":"2023-08-23T06:15:09","modified_gmt":"2023-08-23T10:15:09","slug":"philips-hp-pagewriter-300pi-m1770a","status":"publish","type":"product","link":"https:\/\/www.somatechnology.com\/spanish\/equipo-medico-usado-remanufacturado\/cardiologia\/ekg-interpretativo-y-no-interpretativo\/philips-hp-pagewriter-300pi-m1770a\/","title":{"rendered":"Philips HP PageWriter 300pi &#8211; M1770A  familia"},"content":{"rendered":"<h2>Caracter\u00edsticas del\u00a0<strong>Philips Pagewriter 300pi 200 100 Ml770a<\/strong><\/h2>\n<p>Una familia econ\u00f3mica de cardi\u00f3grafos que incluyen el M1772A PageWriter 100, el M1771A PageWriter 200 y el M1770A PageWriter 300pi. El PageWriter 100 con controles de operador simples y f\u00e1ciles de usar genera informes en segundos. Copias adicionales tambi\u00e9n est\u00e1n disponibles con solo presionar un bot\u00f3n.Los cardiogramas PageWriter 200 y 300pi imprimen ECG de 12 derivaciones en diferentes formatos y durante per\u00edodos prolongados para diferentes pruebas o aplicaciones cl\u00ednicas. El PageWriter 300pi es la cardiograf\u00eda interpretativa econ\u00f3mica de HP.<\/p>\n<p>Los tres proporcionan trazas impresas que utilizan una impresora de matriz digital de alta resoluci\u00f3n y alimentaci\u00f3n continua. Esto proporciona electrocardiogramas n\u00edtidos y f\u00e1ciles de leer en longitudes de p\u00e1gina est\u00e1ndar que no requieren corte ni montaje.Usando un teclado alfanum\u00e9rico, los registros est\u00e1n claramente etiquetados con datos de ECG e informaci\u00f3n del paciente.<\/p>\n<h2>Especificaciones del\u00a0<strong>Philips Pagewriter<\/strong><\/h2>\n<h3>Est\u00e1ndares Regulatorios<\/h3>\n<ul>\n<li>IEC 601-1<\/li>\n<li>IEC 601-2-25<\/li>\n<\/ul>\n<h3>Controles b\u00e1sicos<\/h3>\n<ul>\n<li>Controles de ECG:<\/li>\n<li>En modo de espera<\/li>\n<li>Automatico<\/li>\n<li>Manual<\/li>\n<li>Velocidad del gr\u00e1fico<\/li>\n<li>Tama\u00f1o<\/li>\n<li>Filtrar<\/li>\n<li>Avance de p\u00e1gina<\/li>\n<li>Selecciones de formato ECG<\/li>\n<li>Grupo de cables manual, cables V (PageWriter 100).<\/li>\n<li>Rhythm Lead, ID (PageWriter 200 y 300pi).<\/li>\n<li>Selecciones de formato de ECG:<\/li>\n<li>Auto (3 \u00d7 4 IR, cable r\u00edtmico fijo como Plomo II)<\/li>\n<li>Manual (con 3 derivaciones) (PageWriter 100).<\/li>\n<li>Selecciones de formato de ECG:<\/li>\n<li>Autom\u00e1tico (con 0, 1 o 3 derivaciones de ritmo)<\/li>\n<li>Manual (con 3, 6 o 12 derivaciones) (PageWriter 200 y 300pi)<\/li>\n<li>Teclado con capacidad alfanum\u00e9rica completa (PageWriter 200 y 300pi) (PageWriter 100 tiene indicadores LED para mostrar el estado constante, sin teclado alfanum\u00e9rico)<\/li>\n<\/ul>\n<h3>Seguridad del Paciente<\/h3>\n<ul>\n<li>Aislamiento del paciente: IEC tipo CF conexi\u00f3n paciente aislado<\/li>\n<li>Protecci\u00f3n del desfibrilador: Protegido contra da\u00f1os por descargas de desfibrilaci\u00f3n de 400 julios (cuando se utiliza un cable de paciente especificado por HP)<\/li>\n<\/ul>\n<h3>Prueba de Instrumento<\/h3>\n<ul>\n<li>Autoprueba realizada cada vez que se activa el cardiograma<\/li>\n<li>Ex\u00e1menes extendidos para un instrumento principal, funciones de impresi\u00f3n y visualizaci\u00f3n. Muestra mensaje de falla al operador (PageWriter 200 y 300pi)<\/li>\n<\/ul>\n<h3>Fuente de Alimentaci\u00f3n El\u00e9ctrica<\/h3>\n<ul>\n<li>Line Power: 100-120 o 220-240 Vac seleccionables; 50\/60 Hz, 50 VA<\/li>\n<li>Condiciones ambientales de operaci\u00f3n: 10 \u00b0 a 40 \u00b0 C (50 \u00b0 a 104 \u00b0 F), 15 a 80% de humedad relativa, sin condensaci\u00f3n, a 4,550 m (15,000 pies) de altitud<\/li>\n<li>Condiciones de almacenamiento ambiental: 0 \u00b0 a 50 \u00b0 C (32 \u00b0 a 122 \u00b0 F), 15 a 90% de humedad relativa, sin condensaci\u00f3n, a 4,550 m (15,000 pies) de altitud<\/li>\n<\/ul>\n<h3>Especificaciones F\u00edsicas<\/h3>\n<ul>\n<li>Dimensiones del cardi\u00f3grafo: 115 mm H por 437 mm W por 392 mm D (4 pulg. H por 17 pulg. W por 15 pulg. D)<\/li>\n<li>Peso del cardiografo: 8.5 kg (&lt;19 lb)<\/li>\n<\/ul>\n<h3>Procesamiento de se\u00f1al \/ Impresora<\/h3>\n<ul>\n<li>Respuesta de frecuencia: seleccionable de la siguiente manera: (PageWriter 100)<\/li>\n<li>Auto: 0.15-150 o 0.15-40 Hz<\/li>\n<li>Manual: 0.05-150 o 0.05-40 Hz<\/li>\n<li>Respuestas de frecuencia: seleccionables tanto para auto como manual de estos rangos: (PageWriter 200 y 300pi)<\/li>\n<li>05-150, 0.15-150, 0.5-150 Hz<\/li>\n<li>05-100, 0.15-100, 0.5-100 Hz<\/li>\n<li>05-40, 0.15-40, 0.5-40 Hz<\/li>\n<li>Filtros: filtro de ruido Capacidad de encendido \/ apagado<\/li>\n<li>El filtro Powerline siempre est\u00e1 habilitado<\/li>\n<li>Desviaciones de rumbo configurables, ruido y filtros de artefactos (PageWriter 200 y 300pi)<\/li>\n<li>Estandarizaci\u00f3n: 1 mV \u00b1 50 \u03bcV, 200 ms \u00b1 4 ms a 10 mm \/ mV, 25 mm \/ seg<\/li>\n<li>Rechazo de modo com\u00fan: 110 dB o m\u00e1s en la frecuencia de la l\u00ednea de alimentaci\u00f3n en cualquier cable con 51KOhms en paralelo con un desequilibrio de impedancia de electrodo de 0.047 \u03bcF y hasta \u00b1 300 mV de desplazamiento de cc en cualquier cable.<\/li>\n<li>Capacidad de compensaci\u00f3n de CC: \u00b1 300 mV de CC a la entrada del paciente<\/li>\n<li>Sesgo de entrada: menos de 40 nA por cable de entrada; menos de 500 nA para la salida de accionamiento de la pata derecha. Entrada<\/li>\n<li>Impedancia: mayor a 15 MOhm a dc; t\u00edpicamente m\u00e1s de 100 MOhm a dc<\/li>\n<li>T\u00e9cnica de grabaci\u00f3n: Impresora de matriz digital de alta resoluci\u00f3n que utiliza papel termosensible<\/li>\n<li>200 DPI (eje de voltaje) por 500 DPI (eje de tiempo) &#8211; 250 DPI (eje de tiempo) a 50 mm \/ seg)<\/li>\n<\/ul>\n<h3>Bater\u00eda<\/h3>\n<ul>\n<li>Capacidad: 40 auto ECG y 40 copias en una sola carga o 40 minutos de grabaci\u00f3n de ritmo continuo<\/li>\n<li>Recarga: normalmente de siete horas a 90% de capacidad y 16 horas a plena capacidad<\/li>\n<\/ul>\n<p>&nbsp;<\/p>\n","protected":false},"excerpt":{"rendered":"<p>Electrocardi\u00f3grafo (EKG)<\/p>\n","protected":false},"featured_media":11955,"template":"","meta":{"_acf_changed":false,"_relevanssi_hide_post":"","_relevanssi_hide_content":"","_relevanssi_pin_for_all":"","_relevanssi_pin_keywords":"","_relevanssi_unpin_keywords":"","_relevanssi_related_keywords":"","_relevanssi_related_include_ids":"","_relevanssi_related_exclude_ids":"","_relevanssi_related_no_append":"","_relevanssi_related_not_related":"","_relevanssi_related_posts":"","_relevanssi_noindex_reason":"","inline_featured_image":false},"pwb-brand":[1102],"product_brand":[],"product_cat":[49],"product_tag":[4782,4827,1224,1223,4828,1222,1220,1221,1219,4829,1225],"class_list":{"0":"post-4704","1":"product","2":"type-product","3":"status-publish","4":"has-post-thumbnail","6":"pwb-brand-equipo-medico-philips","7":"product_cat-ekg-interpretativo-y-no-interpretativo","8":"product_tag-electrocardiografos","9":"product_tag-electrocardiografos-philps","10":"product_tag-philips-hp","11":"product_tag-philips-hp-ekg","12":"product_tag-philips-hp-electrocardiografos","13":"product_tag-philips-hp-pagewriter","14":"product_tag-philips-hp-pagewriter-300pi","15":"product_tag-philips-hp-pagewriter-300pi-ekg","16":"product_tag-philips-hp-pagewriter-300pi-m1770a","17":"product_tag-philips-hp-pagewriter-electrocardiografos","18":"product_tag-philips-hp-pagewriter-m1770a","20":"first","21":"instock","22":"purchasable","23":"product-type-simple"},"acf":[],"brands":[{"id":1102,"name":"Philips","slug":"equipo-medico-philips"}],"_links":{"self":[{"href":"https:\/\/www.somatechnology.com\/spanish\/wp-json\/wp\/v2\/product\/4704","targetHints":{"allow":["GET"]}}],"collection":[{"href":"https:\/\/www.somatechnology.com\/spanish\/wp-json\/wp\/v2\/product"}],"about":[{"href":"https:\/\/www.somatechnology.com\/spanish\/wp-json\/wp\/v2\/types\/product"}],"wp:featuredmedia":[{"embeddable":true,"href":"https:\/\/www.somatechnology.com\/spanish\/wp-json\/wp\/v2\/media\/11955"}],"wp:attachment":[{"href":"https:\/\/www.somatechnology.com\/spanish\/wp-json\/wp\/v2\/media?parent=4704"}],"wp:term":[{"taxonomy":"pwb-brand","embeddable":true,"href":"https:\/\/www.somatechnology.com\/spanish\/wp-json\/wp\/v2\/pwb-brand?post=4704"},{"taxonomy":"product_brand","embeddable":true,"href":"https:\/\/www.somatechnology.com\/spanish\/wp-json\/wp\/v2\/product_brand?post=4704"},{"taxonomy":"product_cat","embeddable":true,"href":"https:\/\/www.somatechnology.com\/spanish\/wp-json\/wp\/v2\/product_cat?post=4704"},{"taxonomy":"product_tag","embeddable":true,"href":"https:\/\/www.somatechnology.com\/spanish\/wp-json\/wp\/v2\/product_tag?post=4704"}],"curies":[{"name":"wp","href":"https:\/\/api.w.org\/{rel}","templated":true}]}}