{"id":4713,"date":"2016-07-19T21:37:20","date_gmt":"2016-07-19T21:37:20","guid":{"rendered":"http:\/\/equipomedicocentral.com\/wordpress\/product\/valleylab-force-fx\/"},"modified":"2025-11-24T11:15:10","modified_gmt":"2025-11-24T16:15:10","slug":"valleylab-force-fx","status":"publish","type":"product","link":"https:\/\/www.somatechnology.com\/spanish\/equipo-medico-usado-remanufacturado\/unidades-electroquirurgicas-electrobisturis\/valleylab-force-fx\/","title":{"rendered":"Medtronic Covidien Valleylab Force FX"},"content":{"rendered":"<h2>CARACTER\u00cdSTICAS DE COVIDIEN FORCE FX<\/h2>\n<p>El <strong>Covidien Force FX<\/strong> es una unidad electroquir\u00fargica digital de alta potencia. Esta unidad de Valleylab cuenta con una tecnolog\u00eda de respuesta instant\u00e1nea controlada por ordenador que garantiza un efecto cl\u00ednico constante en todos los tipos de tejido. Esta tecnolog\u00eda de respuesta instant\u00e1nea reconoce los cambios en el tejido 200 veces por segundo y ajusta el voltaje y la corriente en consecuencia para mantener la potencia adecuada. El Valleylab Force FX permite el uso de controles manuales o de pedal para activar el generador. Proporciona a los cirujanos la ventaja de suministrar con precisi\u00f3n el ajuste de potencia seleccionado, incluso a trav\u00e9s de tejidos resistentes.<\/p>\n<ul>\n<li>Tecnolog\u00eda de respuesta instant\u00e1nea que garantiza que la potencia suministrada permanece pr\u00e1cticamente constante, independientemente del tipo de tejido.<\/li>\n<li>Tres microcontroladores internos que reducen el tiempo de reacci\u00f3n del sistema y aumentan su velocidad de procesamiento.<\/li>\n<li>El acoplamiento capacitivo se reduce en un 30-50 por ciento cuando se utiliza la tecnolog\u00eda Instant Response TM. Esta reducci\u00f3n se consigue limitando la tensi\u00f3n RMS y los arm\u00f3nicos de alta frecuencia. Un menor voltaje significa menos estimulaci\u00f3n neuromuscular y una entrega m\u00e1s precisa de energ\u00eda para reducir los da\u00f1os colaterales.<\/li>\n<li>Tensi\u00f3n de coagulaci\u00f3n del spray no superior a 9000 voltios para una coagulaci\u00f3n amplia pero superficial con un acoplamiento capacitivo limitado.<\/li>\n<li>Compatible con el exclusivo sistema de mando por voz de Computer Motion Hermes.<\/li>\n<\/ul>\n","protected":false},"excerpt":{"rendered":"<p>El Covidien Force FX es una unidad electroquir\u00fargica digital de alta potencia. Esta unidad de Valleylab cuenta con una tecnolog\u00eda de respuesta instant\u00e1nea controlada por ordenador que garantiza un efecto cl\u00ednico constante en todos los tipos de tejido. Esta tecnolog\u00eda de respuesta instant\u00e1nea reconoce los cambios en el tejido 200 veces por segundo y ajusta el voltaje y la corriente en consecuencia para mantener la potencia adecuada. El Valleylab Force FX permite el uso de controles manuales o de pedal para activar el generador. Proporciona a los cirujanos la ventaja de suministrar con precisi\u00f3n el ajuste de potencia seleccionado, incluso a trav\u00e9s de tejidos resistentes.<\/p>\n","protected":false},"featured_media":32952,"template":"","meta":{"_acf_changed":false,"_relevanssi_hide_post":"","_relevanssi_hide_content":"","_relevanssi_pin_for_all":"","_relevanssi_pin_keywords":"","_relevanssi_unpin_keywords":"","_relevanssi_related_keywords":"","_relevanssi_related_include_ids":"","_relevanssi_related_exclude_ids":"","_relevanssi_related_no_append":"","_relevanssi_related_not_related":"","_relevanssi_related_posts":"","_relevanssi_noindex_reason":"","inline_featured_image":false},"pwb-brand":[1107],"product_brand":[],"product_cat":[76],"product_tag":[352,1640,6765,6767,6768,6766,466,1637,1608,6769],"class_list":{"0":"post-4713","1":"product","2":"type-product","3":"status-publish","4":"has-post-thumbnail","6":"pwb-brand-equipo-medico-medtronic","7":"product_cat-unidades-electroquirurgicas-electrobisturis","8":"product_tag-covidien","9":"product_tag-covidien-valleylab-force-fx","10":"product_tag-elecrobisturis","11":"product_tag-force","12":"product_tag-force-fx","13":"product_tag-fx","14":"product_tag-medtronic","15":"product_tag-medtronic-covidien-valleylab-force-fx","16":"product_tag-valleylab","17":"product_tag-valleylab-force-fx","19":"first","20":"instock","21":"purchasable","22":"product-type-simple"},"acf":[],"brands":[{"id":1107,"name":"Medtronic","slug":"equipo-medico-medtronic"}],"_links":{"self":[{"href":"https:\/\/www.somatechnology.com\/spanish\/wp-json\/wp\/v2\/product\/4713","targetHints":{"allow":["GET"]}}],"collection":[{"href":"https:\/\/www.somatechnology.com\/spanish\/wp-json\/wp\/v2\/product"}],"about":[{"href":"https:\/\/www.somatechnology.com\/spanish\/wp-json\/wp\/v2\/types\/product"}],"wp:featuredmedia":[{"embeddable":true,"href":"https:\/\/www.somatechnology.com\/spanish\/wp-json\/wp\/v2\/media\/32952"}],"wp:attachment":[{"href":"https:\/\/www.somatechnology.com\/spanish\/wp-json\/wp\/v2\/media?parent=4713"}],"wp:term":[{"taxonomy":"pwb-brand","embeddable":true,"href":"https:\/\/www.somatechnology.com\/spanish\/wp-json\/wp\/v2\/pwb-brand?post=4713"},{"taxonomy":"product_brand","embeddable":true,"href":"https:\/\/www.somatechnology.com\/spanish\/wp-json\/wp\/v2\/product_brand?post=4713"},{"taxonomy":"product_cat","embeddable":true,"href":"https:\/\/www.somatechnology.com\/spanish\/wp-json\/wp\/v2\/product_cat?post=4713"},{"taxonomy":"product_tag","embeddable":true,"href":"https:\/\/www.somatechnology.com\/spanish\/wp-json\/wp\/v2\/product_tag?post=4713"}],"curies":[{"name":"wp","href":"https:\/\/api.w.org\/{rel}","templated":true}]}}