{"id":4715,"date":"2016-07-19T21:37:20","date_gmt":"2016-07-19T21:37:20","guid":{"rendered":"http:\/\/equipomedicocentral.com\/wordpress\/product\/philips-pagewriter-touch\/"},"modified":"2023-08-23T06:15:13","modified_gmt":"2023-08-23T10:15:13","slug":"philips-pagewriter-touch","status":"publish","type":"product","link":"https:\/\/www.somatechnology.com\/spanish\/equipo-medico-usado-remanufacturado\/cardiologia\/ekg-interpretativo-y-no-interpretativo\/philips-pagewriter-touch\/","title":{"rendered":"Philips PageWriter Touch"},"content":{"rendered":"<h2>Caracter\u00edsticas del\u00a0<strong>Philips PageWriter Touch<\/strong><\/h2>\n<p>El remodelado <strong>Philips PageWriter Touch EKG<\/strong> facilita a los usuarios la grabaci\u00f3n, el an\u00e1lisis, la impresi\u00f3n, el almacenamiento y la transmisi\u00f3n de datos de ECG. Dise\u00f1ado para su uso en hospitales grandes donde la calidad y la precisi\u00f3n son las m\u00e1s importantes, PageWriter Touch hace que cada parte del proceso de prueba card\u00edaca sea mucho m\u00e1s simple. El dise\u00f1o del m\u00f3dulo del paciente garantiza que los cables conductores no se enreden. Adem\u00e1s de las muchas ventajas de esta m\u00e1quina, el PageWriter Touch incluye una pantalla t\u00e1ctil grande y de alta calidad que facilita la visualizaci\u00f3n de datos importantes. Tambi\u00e9n est\u00e1 listo para imprimir con instant\u00e1neas de interpretaci\u00f3n e ECG, as\u00ed como control de calidad de plomo.<\/p>\n<ul>\n<li>ECG f\u00e1ciles, r\u00e1pidos y de 12 derivaciones para hospitales grandes o peque\u00f1os<\/li>\n<li>Dise\u00f1ado para alto volumen<\/li>\n<li>Pantalla t\u00e1ctil de alta resoluci\u00f3n<\/li>\n<li>Informes de vista previa antes de imprimir<\/li>\n<li>Comunicaci\u00f3n inal\u00e1mbrica<\/li>\n<\/ul>\n<h2>Especificaciones del\u00a0<strong>Philips PageWriter Touch<\/strong><\/h2>\n<h3>ECG<\/h3>\n<ul>\n<li>Adquisici\u00f3n de se\u00f1al de ECG de hasta 12 derivaciones para pacientes adultos y pedi\u00e1tricos<\/li>\n<li>Pantalla R \/ T (tiempo real) de 12 derivaciones con funci\u00f3n de \u00abcaptura de pantalla\u00bb de ECG: &#8211; Tome instant\u00e1neas de ECG de cualquier informaci\u00f3n en la pantalla con solo tocar un bot\u00f3n &#8211; Revise instant\u00e1neas e imprima informes de ECG en una variedad de formatos<\/li>\n<li>Adquisici\u00f3n autom\u00e1tica de 12 derivaciones<\/li>\n<li>Visualizaci\u00f3n e impresi\u00f3n RHYTHM (hasta 12 derivaciones)<\/li>\n<li>REVELA cinco minutos de datos de forma de onda continua para su revisi\u00f3n e impresi\u00f3n<\/li>\n<\/ul>\n<h3>Monitor ECG<\/h3>\n<ul>\n<li>Los extensos indicadores de calidad de ECG incluyen el filtro de ruido de CA, adem\u00e1s del filtrado de artefactos y la correcci\u00f3n de la fluctuaci\u00f3n lenta de l\u00ednea de base. La visualizaci\u00f3n de la forma de onda en tiempo real codificada por colores y las alertas de electrodos sueltos proporcionan una respuesta de calidad instant\u00e1nea al usuario<\/li>\n<\/ul>\n<h3>Memoria y transferencia de ECG<\/h3>\n<ul>\n<li>El cardiograma PageWriterTouch proporciona memoria de almacenamiento para ECG y f\u00e1cil transferencia mediante disquete, m\u00f3dem o conexi\u00f3n LAN a un sistema de gesti\u00f3n de ECG<\/li>\n<li>Cada ECG registrado se indexa autom\u00e1ticamente en el cardiograma para una revisi\u00f3n y recuperaci\u00f3n r\u00e1pidas<\/li>\n<li>Se puede imprimir una lista de todos los ECG almacenados, lo que facilita los informes administrativos y la facturaci\u00f3n<\/li>\n<li>El m\u00f3dem opcional permite una transmisi\u00f3n r\u00e1pida a una m\u00e1quina de fax o a un sistema de gesti\u00f3n de ECG automatizado. Los ECG se pueden transmitir para la administraci\u00f3n, revisi\u00f3n m\u00e9dica y copia<\/li>\n<\/ul>\n<h3>Interpretaci\u00f3n de ECG<\/h3>\n<ul>\n<li>El cardiograma PageWriterTouch incluye el algoritmo Philips de 12 derivaciones para el an\u00e1lisis interpretativo de las amplitudes, duraciones y morfolog\u00edas de las formas de onda del ECG y el ritmo asociado para pacientes adultos y pedi\u00e1tricos<\/li>\n<li>Este programa de interpretaci\u00f3n cl\u00ednicamente probado proporciona niveles configurables de declaraciones interpretativas, de raz\u00f3n y de gravedad que est\u00e1n impresas en el informe de ECG.<\/li>\n<\/ul>\n<h3>Capacidad de vista previa de impresi\u00f3n<\/h3>\n<ul>\n<li>La vista previa a pantalla completa de los informes de ECG exactamente como aparecen cuando se imprimen, permite verificaciones de evaluaci\u00f3n de calidad antes de imprimir<\/li>\n<li>Se pueden aplicar m\u00faltiples formatos de informe a cualquier ECG, con una vista previa completa de los informes antes de imprimir<\/li>\n<\/ul>\n<p>&nbsp;<\/p>\n","protected":false},"excerpt":{"rendered":"<p>Electrocardi\u00f3grafo (EKG)<\/p>\n","protected":false},"featured_media":11971,"template":"","meta":{"_acf_changed":false,"_relevanssi_hide_post":"","_relevanssi_hide_content":"","_relevanssi_pin_for_all":"","_relevanssi_pin_keywords":"","_relevanssi_unpin_keywords":"","_relevanssi_related_keywords":"","_relevanssi_related_include_ids":"","_relevanssi_related_exclude_ids":"","_relevanssi_related_no_append":"","_relevanssi_related_not_related":"","_relevanssi_related_posts":"","_relevanssi_noindex_reason":"","inline_featured_image":false},"pwb-brand":[1102],"product_brand":[],"product_cat":[49],"product_tag":[4782,273,1233,4830,1229,1228,4837,1231,1232,4841],"class_list":{"0":"post-4715","1":"product","2":"type-product","3":"status-publish","4":"has-post-thumbnail","6":"pwb-brand-equipo-medico-philips","7":"product_cat-ekg-interpretativo-y-no-interpretativo","8":"product_tag-electrocardiografos","9":"product_tag-philips","10":"product_tag-philips-ekg","11":"product_tag-philips-electrocardiografos","12":"product_tag-philips-pagewriter","13":"product_tag-philips-pagewriter-ekg","14":"product_tag-philips-pagewriter-electrocardiografos","15":"product_tag-philips-pagewriter-touch","16":"product_tag-philips-pagewriter-touch-ekg","17":"product_tag-philips-pagewriter-touch-electrocardiografos","19":"first","20":"instock","21":"purchasable","22":"product-type-simple"},"acf":[],"brands":[{"id":1102,"name":"Philips","slug":"equipo-medico-philips"}],"_links":{"self":[{"href":"https:\/\/www.somatechnology.com\/spanish\/wp-json\/wp\/v2\/product\/4715","targetHints":{"allow":["GET"]}}],"collection":[{"href":"https:\/\/www.somatechnology.com\/spanish\/wp-json\/wp\/v2\/product"}],"about":[{"href":"https:\/\/www.somatechnology.com\/spanish\/wp-json\/wp\/v2\/types\/product"}],"wp:featuredmedia":[{"embeddable":true,"href":"https:\/\/www.somatechnology.com\/spanish\/wp-json\/wp\/v2\/media\/11971"}],"wp:attachment":[{"href":"https:\/\/www.somatechnology.com\/spanish\/wp-json\/wp\/v2\/media?parent=4715"}],"wp:term":[{"taxonomy":"pwb-brand","embeddable":true,"href":"https:\/\/www.somatechnology.com\/spanish\/wp-json\/wp\/v2\/pwb-brand?post=4715"},{"taxonomy":"product_brand","embeddable":true,"href":"https:\/\/www.somatechnology.com\/spanish\/wp-json\/wp\/v2\/product_brand?post=4715"},{"taxonomy":"product_cat","embeddable":true,"href":"https:\/\/www.somatechnology.com\/spanish\/wp-json\/wp\/v2\/product_cat?post=4715"},{"taxonomy":"product_tag","embeddable":true,"href":"https:\/\/www.somatechnology.com\/spanish\/wp-json\/wp\/v2\/product_tag?post=4715"}],"curies":[{"name":"wp","href":"https:\/\/api.w.org\/{rel}","templated":true}]}}