{"id":4724,"date":"2016-07-19T21:37:20","date_gmt":"2016-07-19T21:37:20","guid":{"rendered":"http:\/\/equipomedicocentral.com\/wordpress\/product\/masimo-radical\/"},"modified":"2023-08-23T06:15:17","modified_gmt":"2023-08-23T10:15:17","slug":"masimo-radical","status":"publish","type":"product","link":"https:\/\/www.somatechnology.com\/spanish\/equipo-medico-usado-remanufacturado\/monitores-de-signos-vitales\/oximetro-de-pulso\/masimo-radical\/","title":{"rendered":"Masimo Radical"},"content":{"rendered":"<h2>CARACTER\u00cdSTICAS DE MASIMO RADICAL<\/h2>\n<p>El <strong>Masimo Radical<\/strong> es el pulso de ox\u00edmetro m\u00e1s avanzado y flexible del mundo. Adem\u00e1s de ser el pulso de ox\u00edmetro aut\u00f3nomo con m\u00e1s funciones del mercado, Radical puede funcionar en dos modos adicionales. El m\u00f3dulo frontal de Radical puede extraerse, creando un pulsiox\u00edmetro port\u00e1til con todas las funciones, ideal para el transporte. Radical tambi\u00e9n se puede utilizar para actualizar los equipos existentes a trav\u00e9s del conector del sensor, por lo que no requiere actualizaciones adicionales de hardware o software para mejorar el rendimiento de su monitor multiparam\u00e9trico actual a Masimo SET.<\/p>\n<ul>\n<li>Masimo SET es el est\u00e1ndar de oro probado en la lectura a trav\u00e9s del movimiento y la baja perfusi\u00f3n para reducir las falsas alarmas y detectar eventos verdaderosEl Radical es un pulsiox\u00edmetro independiente con todas las funciones<\/li>\n<li>Radical es un pulsiox\u00edmetro port\u00e1til con todas las funciones.<\/li>\n<li>El Radical se conecta a monitores de paciente multiparam\u00e9tricos validados para sustituir la oximetr\u00eda de pulso convencional existente por la oximetr\u00eda de pulso Masimo SET.<\/li>\n<li>Especificidad y sensibilidad sin precedentes. Elimina esencialmente las falsas alarmas y detecta pr\u00e1cticamente todas las alarmas verdaderas.<\/li>\n<li>Precisi\u00f3n durante la mayor\u00eda de los movimientos del paciente, incluidos escalofr\u00edos, combatividad, movimientos neonatales y convulsiones.<\/li>\n<li>Precisi\u00f3n durante la perfusi\u00f3n baja.<\/li>\n<li>Es preciso cuando hay luz ambiental intensa y resiste las interferencias del electrocauterio.<\/li>\n<\/ul>\n<h2>ESPECIFICACIONES DE MASIMO RADICAL<\/h2>\n<h3>Dimensiones<\/h3>\n<ul>\n<li>De Mano: 8.9 x 3.3 x 2.1 pulg (22.6 x 8.4 x 5.3 cm)<\/li>\n<li>Independiente: 3.5 x 10.5 x 7.7 pulg (8.9 x 26.7 x 19.6 cm)<\/li>\n<li>Peso &#8211; Port\u00e1til: 1.3 lbs (0.59 kg)<\/li>\n<li>Peso &#8211; Estaci\u00f3n de Acoplamiento: (Modelos RDS-1, RDS-2 y RDS-3): 2.5 lbs (1.14 kg); (Modelo RDS-1B): 3.1 lbs (1.41 kg)<\/li>\n<li>Peso &#8211; Independiente: (Modelos RDS-1, RDS-2 y RDS-3): 3.8 lbs (1.73 kg); (Modelo RDS-1B): 4.4 lbs (2.00 kg)<\/li>\n<\/ul>\n<h3>Energ\u00eda El\u00e9ctrica<\/h3>\n<ul>\n<li>Independiente:\n<ul>\n<li>Requisitos de Alimentaci\u00f3n de CA: 100 &#8211; 240 VCA, 47 &#8211; 63 Hz<\/li>\n<li>Consumo El\u00e9ctrico: 55 VA<\/li>\n<li>Fusibles: 1 amperio, acci\u00f3n r\u00e1pida, m\u00e9trico, (5 x 20 mm), 250 V<\/li>\n<\/ul>\n<\/li>\n<li>Bater\u00edas:\n<ul>\n<li>Tipo Manual: NiMH<\/li>\n<li>Capacidad: 6 horas<\/li>\n<li>Tiempo de carga: 3 horas<\/li>\n<\/ul>\n<\/li>\n<li>Aut\u00f3nomo (s\u00f3lo modelo RDS-1B)\n<ul>\n<li>Tipo: NiMH NiMH<\/li>\n<li>Capacidad: 12 horas<\/li>\n<li>Tiempo de carga: 6 horas<\/li>\n<\/ul>\n<\/li>\n<\/ul>\n<h3>Rango de Medici\u00f3n del Rendimiento<\/h3>\n<ul>\n<li>SpO2 1-100%<\/li>\n<li>Frecuencia de Pulso 5-240 (BPM)<\/li>\n<li>Perfusi\u00f3n: 0.02% \u2013 20%<\/li>\n<\/ul>\n<h3>Entorno<\/h3>\n<ul>\n<li>Temperatura de Funcionamiento: 41 \u2014 104\u00b0F (5 \u2014 40\u00b0C)<\/li>\n<li>Temperatura de Almacenamiento: -40\u00b0C \u2014 70\u00b0C (-40 \u2014 158\u00b0F)<\/li>\n<li>Humedad de Funcionamiento: 5% \u2014 95%, sin condensaci\u00f3n<\/li>\n<li>Altitud de Funcionamiento: 1060 \u2014 500 mbar de presi\u00f3n, -1,000 \u2014 18,000 pies (-304 \u2014 5,486 m)<\/li>\n<\/ul>\n<h3>Pantalla \/ Indicador<\/h3>\n<ul>\n<li>Visualizaci\u00f3n de Datos: %SpO2, frecuencia de pulso, forma de onda de la pletismograf\u00eda, \u00edndice de perfusi\u00f3n, estado de alarma, tendencias, sensibilidad, FastSat, Signal IQ.<\/li>\n<li>Color de la Pantalla: Azul<\/li>\n<li>Tipo de Pantalla LCD Retroiluminada<\/li>\n<li>P\u00edxeles 480 x 160 puntos<\/li>\n<li>Distancia entre Puntos: 0.25 mm<\/li>\n<\/ul>\n<h3>Interfaz de Salida<\/h3>\n<ul>\n<li>Philips Vuelink, Spacelabs Universal Flexport, RadNet TM, (modelos RDS- 1\/1B,RDS-3)<\/li>\n<\/ul>\n<h3>Modo<\/h3>\n<ul>\n<li>Modo Promedio: 2, 4, 8,10,12,14 o 16 segundos<\/li>\n<li>Sensibilidad: Normal, APOD y M\u00e1xima 8<\/li>\n<\/ul>\n<h3>Resoluci\u00f3n<\/h3>\n<ul>\n<li>Saturaci\u00f3n (%SpO2):1%<\/li>\n<li>Frecuencia de pulso (lpm): 1 lpm<\/li>\n<\/ul>\n<h3>Precisi\u00f3n de la Frecuencia del Pulso<\/h3>\n<ul>\n<li>Frecuencia de pulso 25-40 bpm\n<ul>\n<li>Sin movimiento: Adultos, Pediatr\u00eda, Neonatos: \u00b13 d\u00edgitos<\/li>\n<li>Con movimiento: Adultos, Pediatr\u00eda, Neonatos: \u00b15 d\u00edgitos<\/li>\n<li>Perfusi\u00f3n baja: Adultos, Pediatr\u00eda, Neonatos: \u00b13 d\u00edgitos<\/li>\n<\/ul>\n<\/li>\n<\/ul>\n<h3>Alarmas<\/h3>\n<ul>\n<li>Alarmas sonoras y visuales para saturaci\u00f3n alta y baja (1% a 100%), frecuencia del pulso (25 &#8211; 240 lpm), estado del sensor, fallo del sistema y bater\u00eda baja.<\/li>\n<\/ul>\n<h3>Preguntas Sobre Nuestros Pulso de Ox\u00edmetros<\/h3>\n<p>Soma Technology, Inc ofrece una amplia gama de ox\u00edmetros de pulso. Si usted tiene alguna pregunta acerca de cualquiera de nuestros ox\u00edmetros de pulso o necesita una cotizaci\u00f3n r\u00e1pida, llame al 1-800-GET-SOMA y uno de nuestros representantes de ventas le ayudar\u00e1.<\/p>\n<h2>M\u00c1S INFORMACI\u00d3N SOBRE EL MASIMO RADICAL<\/h2>\n<h3>Masimo Radical Reconstruido<\/h3>\n<p>Soma Tech Intl ofrece el Masimo Radical hasta un 50% por debajo de los precios original con el mismo servicio y garant\u00eda que los nuevos. El Masimo Radical no s\u00f3lo est\u00e1 t\u00e9cnicamente reconstruido, sino que tambi\u00e9n est\u00e1 cosm\u00e9ticamente reacondicionado para que funcione y se vea como nuevo. Cuando se inicia el proceso de reacondicionamiento del Radical \u00e9sta cuidadosamente inspeccionado y probado por nuestros propios ingenieros biom\u00e9dicos quien son certificados para trabajar con pulso de ox\u00edmetro. Si es necesario, se reemplazan las piezas para asegurarse de que todos los aspectos del Masimo Radical funcionen con eficaz. Una vez que todo est\u00e1 en orden de funcionamiento, la unidad se calibra con las especificaciones originales del fabricante. Esto asegura que la unidad est\u00e1 funcionando de la misma manera que cuando sali\u00f3 originalmente del fabricante. Despu\u00e9s de que la m\u00e1quina funciona como nuevo, se somete a un proceso especial de restauraci\u00f3n cosm\u00e9tica. Se limpia, se reparan los peque\u00f1os ara\u00f1azos y abolladuras, se pinta y se sustituyen las calcoman\u00edas si es necesario. Soma Tech Intl cuenta con la certificaci\u00f3n ISO 13485 y se asegura de que se d\u00e9 la mejor calidad a todos los equipos m\u00e9dicos que venden. Antes de que el Radical sea etiquetado como listo para el paciente y empacado para su env\u00edo, pasa por una \u00faltima prueba de control de calidad que asegura que todos los aspectos est\u00e1n funcionando de nuevo como deber\u00edan. Si desea comprar el Masimo Radical reconstruido, p\u00f3ngase en contacto con nosotros en Soma@SomaTechnology.com o ll\u00e1menos al 1-800-GET-SOMA.<\/p>\n<p>Soma Tech Intl tambi\u00e9n est\u00e1 buscando activamente para comprar un Masimo Radical. Si usted o su instalaci\u00f3n est\u00e1 buscando vender su unidad, aseg\u00farese de ponerse en contacto con Soma Tech Intl. Soma tiene un departamento de compras dedicado en ayudar a trav\u00e9s de todo el proceso. La venta de su pulso de ox\u00edmetro usado o de segunda mano a Soma Tech Intl elimina el intermediario en la ecuaci\u00f3n. Esto tambi\u00e9n asegura que su centro m\u00e9dico obtiene el mejor precio por su equipo. Soma cumple al 100% con las normas HIPPA y se asegura de que su equipo llegue a nuestras instalaciones en las mismas condiciones en que sali\u00f3 del suyo. Soma Tech Intl tambi\u00e9n da la opci\u00f3n de cr\u00e9dito de intercambio en su equipo m\u00e9dico. Si usted o su instalaci\u00f3n est\u00e1 buscando recuperar espacio para nuevos equipos, o si usted est\u00e1 buscando para actualizar su equipo actual, p\u00f3ngase en contacto con el departamento de compras en Buyer@SomaTechnology.com o env\u00edenos un mensaje en nuestro sitio web Vender a Soma.<\/p>\n","protected":false},"excerpt":{"rendered":"<p>Ox\u00edmetro de Pulso<\/p>\n","protected":false},"featured_media":21431,"template":"","meta":{"_acf_changed":false,"_relevanssi_hide_post":"","_relevanssi_hide_content":"","_relevanssi_pin_for_all":"","_relevanssi_pin_keywords":"","_relevanssi_unpin_keywords":"","_relevanssi_related_keywords":"","_relevanssi_related_include_ids":"","_relevanssi_related_exclude_ids":"","_relevanssi_related_no_append":"","_relevanssi_related_not_related":"","_relevanssi_related_posts":"","_relevanssi_noindex_reason":"","inline_featured_image":false},"pwb-brand":[1141],"product_brand":[],"product_cat":[65],"product_tag":[6618,7064,7065,7018],"class_list":{"0":"post-4724","1":"product","2":"type-product","3":"status-publish","4":"has-post-thumbnail","6":"pwb-brand-oximetro-de-pulso-masimo","7":"product_cat-oximetro-de-pulso","8":"product_tag-masimo","9":"product_tag-masimo-oximetro-de-pulso","10":"product_tag-masimo-radical","11":"product_tag-oximetro-de-pulso","13":"first","14":"instock","15":"purchasable","16":"product-type-simple"},"acf":[],"brands":[{"id":1141,"name":"Masimo","slug":"oximetro-de-pulso-masimo"}],"_links":{"self":[{"href":"https:\/\/www.somatechnology.com\/spanish\/wp-json\/wp\/v2\/product\/4724","targetHints":{"allow":["GET"]}}],"collection":[{"href":"https:\/\/www.somatechnology.com\/spanish\/wp-json\/wp\/v2\/product"}],"about":[{"href":"https:\/\/www.somatechnology.com\/spanish\/wp-json\/wp\/v2\/types\/product"}],"wp:featuredmedia":[{"embeddable":true,"href":"https:\/\/www.somatechnology.com\/spanish\/wp-json\/wp\/v2\/media\/21431"}],"wp:attachment":[{"href":"https:\/\/www.somatechnology.com\/spanish\/wp-json\/wp\/v2\/media?parent=4724"}],"wp:term":[{"taxonomy":"pwb-brand","embeddable":true,"href":"https:\/\/www.somatechnology.com\/spanish\/wp-json\/wp\/v2\/pwb-brand?post=4724"},{"taxonomy":"product_brand","embeddable":true,"href":"https:\/\/www.somatechnology.com\/spanish\/wp-json\/wp\/v2\/product_brand?post=4724"},{"taxonomy":"product_cat","embeddable":true,"href":"https:\/\/www.somatechnology.com\/spanish\/wp-json\/wp\/v2\/product_cat?post=4724"},{"taxonomy":"product_tag","embeddable":true,"href":"https:\/\/www.somatechnology.com\/spanish\/wp-json\/wp\/v2\/product_tag?post=4724"}],"curies":[{"name":"wp","href":"https:\/\/api.w.org\/{rel}","templated":true}]}}