{"id":4726,"date":"2016-07-19T21:37:20","date_gmt":"2016-07-19T21:37:20","guid":{"rendered":"http:\/\/equipomedicocentral.com\/wordpress\/product\/dyonics-300xl\/"},"modified":"2023-08-23T06:15:18","modified_gmt":"2023-08-23T10:15:18","slug":"dyonics-300xl","status":"publish","type":"product","link":"https:\/\/www.somatechnology.com\/spanish\/equipo-medico-usado-remanufacturado\/sistema-de-video-endoscopia\/fuentes-de-luz\/dyonics-300xl\/","title":{"rendered":"Dyonics 300XL"},"content":{"rendered":"<h2>Caracter\u00edsticas del\u00a0Dyonics 300XL<\/h2>\n<p>La fuente de luz de DYONICS 300XL proporciona la iluminaci\u00f3n abundante para todas las especialidades endosc\u00f3picas. La operaci\u00f3n intuitiva hace que la fuente de luz 300XL sea f\u00e1cil de usar. Se controla digitalmente para asegurar el funcionamiento liso y exacto del obturador. La tecnolog\u00eda avanzada de la l\u00e1mpara de xen\u00f3n y la \u00f3ptica entregan la demanda brillante y equilibrada de los cirujanos de la iluminaci\u00f3n. Excelente ingenier\u00eda, dise\u00f1o eficiente y un rendimiento excepcional \u2013 las cualidades que usted espera del l\u00edder en im\u00e1genes endosc\u00f3picas.<\/p>\n<ul>\n<li>\u00a0Fuente de luz brillante de 300 vatios<\/li>\n<li>Duraci\u00f3n de la l\u00e1mpara m\u00ednima de 500 horas<\/li>\n<li>Compatible con los cables de DYONICS, de Olympus, de Storz, y de Acmi<\/li>\n<\/ul>\n<h2>Especificaciones del\u00a0Dyonics 300XL<\/h2>\n<h3>Dimensiones<\/h3>\n<ul>\n<li>Altura: 4.5 pulg (11,43 cm)<\/li>\n<li>Longitud: 16 pulg (40,64 cm)<\/li>\n<li>Anchura: 17 pulg (43,18 cm)<\/li>\n<li>Peso: 14 lbs (6.35 kg)<\/li>\n<\/ul>\n<h3>Entorno<\/h3>\n<ul>\n<li>Temperatura ambiente de funcionamiento: 40 \u00b0 f a 100 \u00b0 f (5 \u2103 a 38 \u2103)<\/li>\n<li>Temperatura de transporte y almacenamiento: -13\u00b0F to 158\u00b0F (-25\u2103 to 70\u2103)<\/li>\n<\/ul>\n<h3>Informaci\u00f3n General<\/h3>\n<ul>\n<li>Tipo de la l\u00e1mpara: arco corto del xen\u00f3n de 300 vatios<\/li>\n<li>Temperatura de color: 5700K \u2013 6000K<\/li>\n<li>Vida de la l\u00e1mpara: 500 horas<\/li>\n<li>Requisitos de energ\u00eda de entrada: 100-230 VAC, 50\/60 hertzio, 600 va<\/li>\n<li>Fusible: 10A 250V<\/li>\n<li>Cable de alimentaci\u00f3n: dispositivo desconectado<\/li>\n<li>Dispositivo de la clase I: ambiente ordinario<\/li>\n<li>Corriente de la salida a la tierra: menos de 100 microamperios<\/li>\n<li>Recept\u00e1culos de gu\u00eda de luz: dise\u00f1ados para aceptar: DYONICS\/Wolf, Acmi, y la gu\u00eda de luz Storz accesorios<\/li>\n<\/ul>\n<p>&nbsp;<\/p>\n","protected":false},"excerpt":{"rendered":"<p>fuente de luz ridgid<\/p>\n","protected":false},"featured_media":10176,"template":"","meta":{"_acf_changed":false,"_relevanssi_hide_post":"","_relevanssi_hide_content":"","_relevanssi_pin_for_all":"","_relevanssi_pin_keywords":"","_relevanssi_unpin_keywords":"","_relevanssi_related_keywords":"","_relevanssi_related_include_ids":"","_relevanssi_related_exclude_ids":"","_relevanssi_related_no_append":"","_relevanssi_related_not_related":"","_relevanssi_related_posts":"","_relevanssi_noindex_reason":"","inline_featured_image":false},"pwb-brand":[1064],"product_brand":[],"product_cat":[74,84],"product_tag":[2870,1089,5397,2869,5396,2130],"class_list":{"0":"post-4726","1":"product","2":"type-product","3":"status-publish","4":"has-post-thumbnail","6":"pwb-brand-dyonics","7":"product_cat-fuentes-de-luz","8":"product_cat-sistema-de-video-endoscopia","9":"product_tag-300-xl","10":"product_tag-dyonics","11":"product_tag-dyonics-300-xl-fuentes-de-luz","12":"product_tag-dyonics-300xl","13":"product_tag-dyonics-fuentes-de-luz","14":"product_tag-fuentes-de-luz","16":"first","17":"instock","18":"purchasable","19":"product-type-simple"},"acf":[],"brands":[{"id":1064,"name":"Dyonics","slug":"dyonics"}],"_links":{"self":[{"href":"https:\/\/www.somatechnology.com\/spanish\/wp-json\/wp\/v2\/product\/4726","targetHints":{"allow":["GET"]}}],"collection":[{"href":"https:\/\/www.somatechnology.com\/spanish\/wp-json\/wp\/v2\/product"}],"about":[{"href":"https:\/\/www.somatechnology.com\/spanish\/wp-json\/wp\/v2\/types\/product"}],"wp:featuredmedia":[{"embeddable":true,"href":"https:\/\/www.somatechnology.com\/spanish\/wp-json\/wp\/v2\/media\/10176"}],"wp:attachment":[{"href":"https:\/\/www.somatechnology.com\/spanish\/wp-json\/wp\/v2\/media?parent=4726"}],"wp:term":[{"taxonomy":"pwb-brand","embeddable":true,"href":"https:\/\/www.somatechnology.com\/spanish\/wp-json\/wp\/v2\/pwb-brand?post=4726"},{"taxonomy":"product_brand","embeddable":true,"href":"https:\/\/www.somatechnology.com\/spanish\/wp-json\/wp\/v2\/product_brand?post=4726"},{"taxonomy":"product_cat","embeddable":true,"href":"https:\/\/www.somatechnology.com\/spanish\/wp-json\/wp\/v2\/product_cat?post=4726"},{"taxonomy":"product_tag","embeddable":true,"href":"https:\/\/www.somatechnology.com\/spanish\/wp-json\/wp\/v2\/product_tag?post=4726"}],"curies":[{"name":"wp","href":"https:\/\/api.w.org\/{rel}","templated":true}]}}