{"id":4729,"date":"2016-07-19T21:38:17","date_gmt":"2016-07-19T21:38:17","guid":{"rendered":"http:\/\/equipomedicocentral.com\/wordpress\/product\/olympus-clv-s40\/"},"modified":"2023-08-23T06:15:24","modified_gmt":"2023-08-23T10:15:24","slug":"olympus-clv-s40","status":"publish","type":"product","link":"https:\/\/www.somatechnology.com\/spanish\/equipo-medico-usado-remanufacturado\/sistema-de-video-endoscopia\/fuentes-de-luz\/olympus-clv-s40\/","title":{"rendered":"Olympus CLV-S30\/S40"},"content":{"rendered":"<h2>Caracter\u00edsticas del\u00a0Olympus CLV-S30\/S40<\/h2>\n<p>Ideal para la observaci\u00f3n endosc\u00f3pica de la TV. Conectable con telescopios convencionales, fibroscopios y videoscopios de video visera. Adaptable a todos los procedimientos endosc\u00f3picos-el CLV-S40 de gran alcance y conveniente hace los procedimientos endosc\u00f3picos m\u00e1s f\u00e1ciles que nunca.<\/p>\n<ul>\n<li><strong>L\u00e1mpara de xen\u00f3n de gran alcance y de larga duraci\u00f3n de 300 vatios <\/strong>\u2013 Esta l\u00e1mpara de xen\u00f3n de alta calidad proporciona una iluminaci\u00f3n que es ideal para la endoscopia, permitiendo la observaci\u00f3n en sitios profundos o t\u00e9cnicas avanzadas. Adem\u00e1s, puede ser utilizado continuamente por 500 horas (en uso intermitente, la vida de la l\u00e1mpara puede diferir levemente).<\/li>\n<\/ul>\n<ul>\n<li><strong>Control autom\u00e1tico de brillo<\/strong> \u2013 cuando el CLV-S40 est\u00e1 conectado a trav\u00e9s de un cable gu\u00eda ligero a sistemas de v\u00eddeo como el sistema visera; el brillo se puede ajustar autom\u00e1ticamente, ahorrando su tiempo y energ\u00eda.<\/li>\n<li>Standby \u2013 la iluminaci\u00f3n se puede ajustar al modo de espera utilizando un interruptor en el panel frontal o un interruptor remoto en la cabeza de la c\u00e1mara.<\/li>\n<\/ul>\n<ul>\n<li><strong>Memoria en modo de intensidad<\/strong> \u2013 con memoria en modo de intensidad, cuando el CLV-S40 est\u00e1 apagado en el modo de alta intensidad, seguir\u00e1 estando en ese modo cuando se vuelva a encender. Esto tambi\u00e9n es v\u00e1lido para el modo de intensidad normal.<\/li>\n<li><strong>Panel frontal f\u00e1cil de ver<\/strong> \u2013 puede ajustar f\u00e1cilmente el brillo y la potencia con botones e interruptores en el panel frontal.<\/li>\n<\/ul>\n<h3>Dimensiones<\/h3>\n<ul>\n<li>Tama\u00f1o: 295 (W) x 125 (H) x 395.4 (D) mm (maximum)<\/li>\n<li>Peso: 12 kg<\/li>\n<\/ul>\n<h3>Illumination<\/h3>\n<ul>\n<li>L\u00e1mpara: l\u00e1mpara del corto-arco del xen\u00f3n (ozono-libre) 300W<\/li>\n<li>Vida de la l\u00e1mpara: aprox. 500 horas en uso continuo (en uso intermitente, la vida de la l\u00e1mpara puede diferir ligeramente)<\/li>\n<li>Ignici\u00f3n: un regulador de la conmutaci\u00f3n<\/li>\n<li>Ajuste del brillo: control del diafragma de la luz-trayectoria<\/li>\n<li>Enfriamiento: refrigeraci\u00f3n por aire forzado<\/li>\n<li>L\u00e1mpara de la emergencia: l\u00e1mpara del hal\u00f3geno (sin un espejo) 24V 150W<\/li>\n<li>Vida de la l\u00e1mpara de emergencia: aprox. 500 horas en uso continuo (en uso intermitente, la vida de la l\u00e1mpara puede diferir)<\/li>\n<\/ul>\n<h3>Panel frontal<\/h3>\n<ul>\n<li>Indicador de la l\u00e1mpara de emergencia: indica que la l\u00e1mpara de emergencia est\u00e1 funcionando y parpadea cuando la l\u00e1mpara de emergencia est\u00e1 rota<\/li>\n<li>Indicador de memoria en modo de intensidad: indica que se ha seleccionado la memoria en modo de intensidad<\/li>\n<li>Indicador de modo standby: indica que el modo standby est\u00e1 seleccionado<\/li>\n<li>Ajuste de la retenci\u00f3n: los ajustes seleccionados se conservan cuando la fuente de luz est\u00e1 apagada<\/li>\n<\/ul>\n<p>&nbsp;<\/p>\n","protected":false},"excerpt":{"rendered":"<p id=\"tw-target-text\" class=\"tw-data-text tw-ta tw-text-medium\" dir=\"ltr\" data-placeholder=\"Translation\"><span lang=\"es\">Fuente de luz r\u00edgida<\/span><\/p>\n","protected":false},"featured_media":12557,"template":"","meta":{"_acf_changed":false,"_relevanssi_hide_post":"","_relevanssi_hide_content":"","_relevanssi_pin_for_all":"","_relevanssi_pin_keywords":"","_relevanssi_unpin_keywords":"","_relevanssi_related_keywords":"","_relevanssi_related_include_ids":"","_relevanssi_related_exclude_ids":"","_relevanssi_related_no_append":"","_relevanssi_related_not_related":"","_relevanssi_related_posts":"","_relevanssi_noindex_reason":"","inline_featured_image":false},"pwb-brand":[1080],"product_brand":[],"product_cat":[74,84],"product_tag":[138,2137,2134,2133,2136,2135],"class_list":{"0":"post-4729","1":"product","2":"type-product","3":"status-publish","4":"has-post-thumbnail","6":"pwb-brand-equipo-medico-olympus","7":"product_cat-fuentes-de-luz","8":"product_cat-sistema-de-video-endoscopia","9":"product_tag-olympus","10":"product_tag-olympus-clv-light-source","11":"product_tag-olympus-clv-s30","12":"product_tag-olympus-clv-s30-s40","13":"product_tag-olympus-clv-s30-s40-light-source","14":"product_tag-olympus-clv-s40","16":"first","17":"instock","18":"purchasable","19":"product-type-simple"},"acf":[],"brands":[{"id":1080,"name":"Olympus","slug":"equipo-medico-olympus"}],"_links":{"self":[{"href":"https:\/\/www.somatechnology.com\/spanish\/wp-json\/wp\/v2\/product\/4729","targetHints":{"allow":["GET"]}}],"collection":[{"href":"https:\/\/www.somatechnology.com\/spanish\/wp-json\/wp\/v2\/product"}],"about":[{"href":"https:\/\/www.somatechnology.com\/spanish\/wp-json\/wp\/v2\/types\/product"}],"wp:featuredmedia":[{"embeddable":true,"href":"https:\/\/www.somatechnology.com\/spanish\/wp-json\/wp\/v2\/media\/12557"}],"wp:attachment":[{"href":"https:\/\/www.somatechnology.com\/spanish\/wp-json\/wp\/v2\/media?parent=4729"}],"wp:term":[{"taxonomy":"pwb-brand","embeddable":true,"href":"https:\/\/www.somatechnology.com\/spanish\/wp-json\/wp\/v2\/pwb-brand?post=4729"},{"taxonomy":"product_brand","embeddable":true,"href":"https:\/\/www.somatechnology.com\/spanish\/wp-json\/wp\/v2\/product_brand?post=4729"},{"taxonomy":"product_cat","embeddable":true,"href":"https:\/\/www.somatechnology.com\/spanish\/wp-json\/wp\/v2\/product_cat?post=4729"},{"taxonomy":"product_tag","embeddable":true,"href":"https:\/\/www.somatechnology.com\/spanish\/wp-json\/wp\/v2\/product_tag?post=4729"}],"curies":[{"name":"wp","href":"https:\/\/api.w.org\/{rel}","templated":true}]}}