{"id":4732,"date":"2016-07-19T21:38:17","date_gmt":"2016-07-19T21:38:17","guid":{"rendered":"http:\/\/equipomedicocentral.com\/wordpress\/product\/criticare-poet-plus-8100\/"},"modified":"2024-01-09T17:07:36","modified_gmt":"2024-01-09T22:07:36","slug":"criticare-poet-plus-8100","status":"publish","type":"product","link":"https:\/\/www.somatechnology.com\/spanish\/equipo-medico-usado-remanufacturado\/monitores-de-signos-vitales\/monitores-multiparametros\/criticare-poet-plus-8100\/","title":{"rendered":"Criticare Poet Plus 8100"},"content":{"rendered":"<h2>Caracter\u00edsticas del Criticare Poet Plus 8100<\/h2>\n<p>El <strong>Poet Plus \u00ae 8100<\/strong> es la opci\u00f3n perfecta para los departamentos ocupados que exigen la flexibilidad m\u00e1xima, la facilidad de uso insuperable, y el funcionamiento exacto, confiable. Responder a todas las necesidades de monitoreo, desde signos vitales est\u00e1ndar hasta sedaci\u00f3n consciente. Supervise a los adultos, pediatr\u00eda y neonatos en pr\u00e1cticamente todos los departamentos, al lado de la cama o en tr\u00e1nsito. El Poet Plus 8100 monta r\u00e1pidamente y f\u00e1cilmente a las paredes, a los soportes del rodillo, y a los carriles de cama.<\/p>\n<p>Con el compacto, Poet Plus 8100, te concentras en tus pacientes, no en tu monitor. La innovadora interfaz de usuario con men\u00fas sencillos de un nivel y teclas de funci\u00f3n dedicadas garantiza una configuraci\u00f3n s\u00faper r\u00e1pida. La exhibici\u00f3n grande, brillante con los num\u00e9ricos grandes se ve f\u00e1cilmente, incluso de a trav\u00e9s de la habitaci\u00f3n.<\/p>\n<ul>\n<li>Conexi\u00f3n de interfaces ECG, ComfortCuff &#x2122; NIBP, DOX &#x2122; SpO2, HR, temperatura, respiraci\u00f3n y llamada de enfermer\u00eda.<\/li>\n<li>CO2, CO2\/O2, IBP (2 canales), e impresora<\/li>\n<li>Pantalla de color TFT activa de 10,4 \u2033 de f\u00e1cil lectura: permite ver hasta 6 formas de onda simult\u00e1neamente.<\/li>\n<li>F\u00e1cil de aprender, men\u00fas f\u00e1ciles de usar, teclas de funci\u00f3n dedicadas y controles simplificados.<\/li>\n<li>Gesti\u00f3n inteligente de bater\u00edas con bater\u00edas de plomo selladas recargables \u00abhot-swap\u00bb.<\/li>\n<li>Dise\u00f1o ligero y opciones vers\u00e1tiles del montaje-se adapta f\u00e1cilmente a los requisitos del Departamento y del transporte.<\/li>\n<\/ul>\n<h2 dir=\"ltr\" data-placeholder=\"Translation\"><span lang=\"es\">Especificaciones\u00a0<\/span>t\u00e9cnicas<\/h2>\n<h3>ECG<\/h3>\n<ul>\n<li>Conectores: 3-o 5-Lead<\/li>\n<li>Leads: seleccionable por el usuario; I, II, III, AVR, AVL, AVF, V (5-Lead); I, II, o III (3-Lead)<\/li>\n<li>Selecci\u00f3n del aumento: 1\/2mV, 2mV, 4MV<\/li>\n<li>Respuesta de frecuencia: diagn\u00f3stico: 0,05 a 100 hertzios (-3dB); Monitor: 0,5 a 40 Hz (-3dB)<\/li>\n<li>Velocidad del barrido: 12,5, 25, 50m m\/sec<\/li>\n<li>Protecci\u00f3n electroquir\u00fargica: s\u00ed<\/li>\n<li>Protecci\u00f3n del defibrillator: s\u00ed<\/li>\n<li>Detecci\u00f3n\/rechazo del Pacer: s\u00ed<\/li>\n<\/ul>\n<h3>Presi\u00f3n sangu\u00ednea no invasiva<\/h3>\n<ul>\n<li>T\u00e9cnica: medida oscilom\u00e9trico sobre la inflaci\u00f3n<\/li>\n<li>Ciclos de medici\u00f3n autom\u00e1ticos: 2, 3, 5, 10, 15, 30 min; 1, 2, 4 hr<\/li>\n<li>Gama de la medida: adulto: 30 a 300mmHg; Neonato: 0 a 150 mmHg<\/li>\n<li>Resoluci\u00f3n: 1mmHg<\/li>\n<li>Exactitud del transductor: \u00b1 2mmHg o el \u00b1 2% de la lectura, que es siempre mayor, sobre la gama completa<\/li>\n<li>Modo Stat: 5 min de lecturas consecutivas<\/li>\n<\/ul>\n<h3>Oximetr\u00eda de pulso<\/h3>\n<ul>\n<li>Rango: 1% a 99%<\/li>\n<li>Resoluci\u00f3n: el 1%<\/li>\n<li>Exactitud: 70% a 99% Range: el \u00b1 2%; 50% a 69% rango: \u00b1 3%; &lt; 50%: no especificado<\/li>\n<li>M\u00e9todo: doble longitud de onda LED<\/li>\n<\/ul>\n<h3>Ritmo card\u00edaco (pulso)<\/h3>\n<ul>\n<li>Fuente: ECG (primario); IBP, PLETH; Nibp<\/li>\n<li>Gama: 20 a 300bpm<\/li>\n<li>Exactitud: \u00b1 1bpm o el \u00b1 1% (ECG, IBP, SpO2 solamente)<\/li>\n<\/ul>\n<h3>Temperatura<\/h3>\n<ul>\n<li>Canales: 2<\/li>\n<li>Rango, precisi\u00f3n: 68 \u00b0 a 94,8 \u00b0 F (20 \u00b0 a 34,9 \u00b0 C): \u00b1 0,5%; 95 \u00b0 a 107,4 \u00b0 F (35 \u00b0 a 41,9 \u00b0 C): \u00b1 0,2%; 107,6 \u00b0 a 113 \u00b0 F (42 \u00b0 a 45 \u00b0 C): \u00b1 0,5%<\/li>\n<li>Sondeo: YSI-400 y serie YSI-700<\/li>\n<\/ul>\n<h3>Respiraci\u00f3n<\/h3>\n<ul>\n<li>Tarifa: 6 a 150 respiraciones\/minuto<\/li>\n<li>Resoluci\u00f3n: 1 respiraci\u00f3n\/minuto<\/li>\n<li>Exactitud: \u00b1 1% o \u00b1 1 respiraci\u00f3n\/minuto, cualquiera es mayor<\/li>\n<li>Fuente: seleccionable por el usuario: Smart, CO2, ECG-TTI<\/li>\n<\/ul>\n<h3>CO2<\/h3>\n<ul>\n<li>Unidades: mmHg; Torr %; Kpa<\/li>\n<li>Escala de forma de onda: 0 a 3,13%, 0 a 6,25%, 0 a 12,5% y 0 a 25%<\/li>\n<li>M\u00e9todo: infrarrojo no dispersivo; autocalibrado<\/li>\n<li>Compensaci\u00f3n de N2O: manual; ON\/OFF, seleccionable por el usuario<\/li>\n<li>Rango: 0 a 99mmHg; 0 a 99 Torr; 0 a 12,5%; 0 a 12,5 kPa<\/li>\n<li>Resoluci\u00f3n: 1mmHg; 1 Torr; 0,1%; 0,1 kPa<\/li>\n<li>Tarifa de la muestra: SideStream, seleccionable: 150ml\/min o 50ml\/min<\/li>\n<li>Exactitud: + 2mmHg, \u00b1 0,3 el volumen%, \u00b1 0,3 kPa, o \u00b1 2 Torr en 150ml\/min y la tarifa respiratoria de \u00b1 35 respiraciones\/minuto<\/li>\n<li>Tiempo de subida: 350ms en 150ml\/min (10 a 90%)<\/li>\n<\/ul>\n<h3>O2<\/h3>\n<ul>\n<li>Pantalla num\u00e9rica: inspirada, caducada<\/li>\n<li>M\u00e9todo: c\u00e9lula galv\u00e1nica de la oxidaci\u00f3n-reducci\u00f3n<\/li>\n<li>Resoluci\u00f3n: el 1%<\/li>\n<li>Rango: 0 a 100%<\/li>\n<li>Exactitud: el \u00b1 3% Volume%<\/li>\n<li>Tiempo de subida: 600ms en 150ml\/min (10 a 90%)<\/li>\n<\/ul>\n<h3>Presi\u00f3n sangu\u00ednea invasiva<\/h3>\n<ul>\n<li>Canales: 2<\/li>\n<li>Sitios del transductor: seleccionable; Arte, PA, la, RA, CVP, ICP<\/li>\n<li>Gama de presi\u00f3n:-10mmHg a 300mmHg<\/li>\n<li>Compensaci\u00f3n cero: \u00b1 150mmHg<\/li>\n<li>Respuesta de frecuencia: 0 a 20 Hz<\/li>\n<li>Sensibilidad del transductor: 5 \u00b5v\/V\/mmHg<\/li>\n<li>Zero: guiado por men\u00fas<\/li>\n<li>Exactitud: \u00b1 1mmHg o el \u00b1 1%, cualquiera es mayor<\/li>\n<li>Rango de escala:-10 a 10, 0 to20, 0 a 30, 0 a 40, 0 a 60, 0 a 100, 0 a 150, 0 a 200, 0 a 30<\/li>\n<\/ul>\n<h3>Alarmas<\/h3>\n<ul>\n<li>Indicaci\u00f3n: audible; visual (EN475)<\/li>\n<li>Silencio: s\u00ed; 2 min o permanente<\/li>\n<\/ul>\n<h3>Memoria de tendencia<\/h3>\n<ul>\n<li>Tabular: 24 hr a intervalos de 30 seg.<\/li>\n<\/ul>\n<h3>Monitor<\/h3>\n<ul>\n<li>Pantalla: 10,4 \u2033 Active color TFT<\/li>\n<li>Resoluci\u00f3n: 640 x 480 p\u00edxeles<\/li>\n<li>Formas de onda: 6, m\u00e1ximo<\/li>\n<li>Idiomas: Ingl\u00e9s, Franc\u00e9s, alem\u00e1n, Italiano, Portugu\u00e9s, espa\u00f1ol<\/li>\n<\/ul>\n<h3>Controles<\/h3>\n<ul>\n<li>Llaves: 9; activada por membrana<\/li>\n<li>Perilla rotatoria: empuje y gire; 24 pasos\/vuelta<\/li>\n<\/ul>\n<h3>Salidas del sistema<\/h3>\n<ul>\n<li>Puertos com: RS 232-compatible; digital o anal\u00f3gica; DB9 (com 1); Mini-DIN anal\u00f3gico (com 2)<\/li>\n<li>Llamada de la enfermera: interruptor del contacto; 3.5 mm est\u00e9reo Jack tel\u00e9fono, est\u00e1ndar 14mm longitud<\/li>\n<li>Desfibrilador\/Sync: conectador de BNC<\/li>\n<li>Puerto de v\u00eddeo: D-sub de alta densidad de 15 pines<\/li>\n<\/ul>\n<h3>Impresora<\/h3>\n<ul>\n<li>Tipo: impresora termal de la l\u00ednea<\/li>\n<li>Velocidad de papel: 12,5, 25, 50mm\/sec<\/li>\n<\/ul>\n<h3>Mec\u00e1nica<\/h3>\n<ul>\n<li>Peso: unidad baja sin las bater\u00edas: 12 libras; 5.45 kg<\/li>\n<li>Tama\u00f1o: unidad baja: 13,25 \u2033 (H) x 12,5 \u2033 (W) x 8,75 \u2033 (D); 33.65 cm (H) x 31.75 cm (ancho) x 22.22 cm (D)<\/li>\n<\/ul>\n<h3>Requisitos de energ\u00eda<\/h3>\n<ul>\n<li>Voltaje: 100, 120, 220, 240 VAC; 50\/60 Hz<\/li>\n<li>Consumo: 35 W, t\u00edpico<\/li>\n<li>Pilas: 2; \u00e1cido de plomo sellado; vida: 2 HR, t\u00edpica; tiempo de la recarga: 4,5 hr (unidad baja sin la impresora or CO2)<\/li>\n<\/ul>\n<h3>Ambiental<\/h3>\n<ul>\n<li>Temperatura de funcionamiento: 59 \u00b0 a 95 \u00b0 F; 15 \u00b0 a 35 \u00b0 C<\/li>\n<li>Temperatura de almacenaje: 23 \u00b0 a 122 \u00b0 F; -5 \u00b0 a 50 \u00b0 C<\/li>\n<li>Humedad de funcionamiento: 15% a 90%, no condensado<\/li>\n<\/ul>\n","protected":false},"excerpt":{"rendered":"<p>Monitor Multiparametro<\/p>\n","protected":false},"featured_media":11352,"template":"","meta":{"_acf_changed":false,"_relevanssi_hide_post":"","_relevanssi_hide_content":"","_relevanssi_pin_for_all":"","_relevanssi_pin_keywords":"","_relevanssi_unpin_keywords":"","_relevanssi_related_keywords":"","_relevanssi_related_include_ids":"","_relevanssi_related_exclude_ids":"","_relevanssi_related_no_append":"","_relevanssi_related_not_related":"","_relevanssi_related_posts":"","_relevanssi_noindex_reason":"","inline_featured_image":false},"pwb-brand":[1134],"product_brand":[],"product_cat":[50],"product_tag":[3481,3651,3650,3614,3652,3653,3654],"class_list":{"0":"post-4732","1":"product","2":"type-product","3":"status-publish","4":"has-post-thumbnail","6":"pwb-brand-monitores-criticare","7":"product_cat-monitores-multiparametros","8":"product_tag-criticare","9":"product_tag-criticare-monitores-multiparametros","10":"product_tag-criticare-poet-plus-8100","11":"product_tag-monitores-multiparametros","12":"product_tag-poet-plus-8100","13":"product_tag-poet-plus-8100-criticare","14":"product_tag-poet-plus-8100-monitores-multiparametros","16":"first","17":"instock","18":"purchasable","19":"product-type-simple"},"acf":[],"brands":[{"id":1134,"name":"Criticare","slug":"monitores-criticare"}],"_links":{"self":[{"href":"https:\/\/www.somatechnology.com\/spanish\/wp-json\/wp\/v2\/product\/4732","targetHints":{"allow":["GET"]}}],"collection":[{"href":"https:\/\/www.somatechnology.com\/spanish\/wp-json\/wp\/v2\/product"}],"about":[{"href":"https:\/\/www.somatechnology.com\/spanish\/wp-json\/wp\/v2\/types\/product"}],"wp:featuredmedia":[{"embeddable":true,"href":"https:\/\/www.somatechnology.com\/spanish\/wp-json\/wp\/v2\/media\/11352"}],"wp:attachment":[{"href":"https:\/\/www.somatechnology.com\/spanish\/wp-json\/wp\/v2\/media?parent=4732"}],"wp:term":[{"taxonomy":"pwb-brand","embeddable":true,"href":"https:\/\/www.somatechnology.com\/spanish\/wp-json\/wp\/v2\/pwb-brand?post=4732"},{"taxonomy":"product_brand","embeddable":true,"href":"https:\/\/www.somatechnology.com\/spanish\/wp-json\/wp\/v2\/product_brand?post=4732"},{"taxonomy":"product_cat","embeddable":true,"href":"https:\/\/www.somatechnology.com\/spanish\/wp-json\/wp\/v2\/product_cat?post=4732"},{"taxonomy":"product_tag","embeddable":true,"href":"https:\/\/www.somatechnology.com\/spanish\/wp-json\/wp\/v2\/product_tag?post=4732"}],"curies":[{"name":"wp","href":"https:\/\/api.w.org\/{rel}","templated":true}]}}