{"id":4737,"date":"2016-07-19T21:38:17","date_gmt":"2016-07-19T21:38:17","guid":{"rendered":"http:\/\/equipomedicocentral.com\/wordpress\/product\/olympus-clv-160\/"},"modified":"2025-12-11T00:12:25","modified_gmt":"2025-12-11T05:12:25","slug":"olympus-clv-160","status":"publish","type":"product","link":"https:\/\/www.somatechnology.com\/spanish\/equipo-medico-usado-remanufacturado\/sistema-de-video-endoscopia\/fuentes-de-luz\/olympus-clv-160\/","title":{"rendered":"Olympus CLV-160"},"content":{"rendered":"<div class=\"wpb-content-wrapper\"><p>[vc_row][vc_column][vc_column_text css=\u00bb\u00bb]<\/p>\n<h2>Fuente de luz Olympus CLV-160<\/h2>\n<ul>\n<li>L\u00e1mpara de xen\u00f3n de gran alcance 300W para el sistema del videoscopio del CCD del color de Olympus<\/li>\n<li>El dise\u00f1o nuevo y mejorado del condensador ayuda a alcanzar casi 1,3 veces tanta intensidad de luz como el CLV-U40.<\/li>\n<li>La capacidad de iluminaci\u00f3n para cubrir puntos a\u00fan m\u00e1s distantes asegura un brillo suficiente al retroflexionar la punta del telescopio, observando el es\u00f3fago inferior, y m\u00e1s. La mejora en los niveles de ajuste de la luz ayuda a mantener el brillo adecuado incluso cuando se observa a un rango muy cercano o se observa el queilitis g\u00e1strico directamente en el frente.<\/li>\n<li>Reducci\u00f3n de 35% en el tama\u00f1o total en comparaci\u00f3n con su predecesor, con un ancho reducido en un total de 80 mm, ahorrando espacio en su suite de endoscopia.<\/li>\n<li>Interruptores de membrana simples e indicadores claros en el panel frontal para una mejor operabilidad.<\/li>\n<li>Compatible con los videotelescopios y Fibroscopios convencionales del CCD del color de Olympus.<\/li>\n<\/ul>\n<h3>Informaci\u00f3n General<\/h3>\n<ul>\n<li>Anchura: 370<\/li>\n<li>Altura: 135<\/li>\n<li>Profundidad: 420 mm<\/li>\n<li>Peso: 15 kg<\/li>\n<li>Voltaje: CA de NTSC 100-120V AC\/PAL 220-240V<\/li>\n<li>Frecuencia: 50\/60 Hz<\/li>\n<li>Corriente de entrada: NTSC 5A, PAL 3A<\/li>\n<\/ul>\n<div id=\"mttContainer\" class=\"notranslate\" style=\"transform: translate(123px, 90px);\" aria-expanded=\"false\"><\/div>\n<p>[\/vc_column_text][\/vc_column][\/vc_row]<\/p>\n<\/div>","protected":false},"excerpt":{"rendered":"<p>Fuente de Luz<\/p>\n","protected":false},"featured_media":12555,"template":"","meta":{"_acf_changed":false,"_relevanssi_hide_post":"","_relevanssi_hide_content":"","_relevanssi_pin_for_all":"","_relevanssi_pin_keywords":"","_relevanssi_unpin_keywords":"","_relevanssi_related_keywords":"","_relevanssi_related_include_ids":"","_relevanssi_related_exclude_ids":"","_relevanssi_related_no_append":"","_relevanssi_related_not_related":"","_relevanssi_related_posts":"","_relevanssi_noindex_reason":"","inline_featured_image":false},"pwb-brand":[1080],"product_brand":[],"product_cat":[74,84],"product_tag":[2240,138,2239,2238,2237,2228],"class_list":{"0":"post-4737","1":"product","2":"type-product","3":"status-publish","4":"has-post-thumbnail","6":"pwb-brand-equipo-medico-olympus","7":"product_cat-fuentes-de-luz","8":"product_cat-sistema-de-video-endoscopia","9":"product_tag-clv-160-light-source","10":"product_tag-olympus","11":"product_tag-olympus-clv","12":"product_tag-olympus-clv-160","13":"product_tag-olympus-clv-160-light-source","14":"product_tag-olympus-light-source","16":"first","17":"instock","18":"purchasable","19":"product-type-simple"},"acf":[],"brands":[{"id":1080,"name":"Olympus","slug":"equipo-medico-olympus"}],"_links":{"self":[{"href":"https:\/\/www.somatechnology.com\/spanish\/wp-json\/wp\/v2\/product\/4737","targetHints":{"allow":["GET"]}}],"collection":[{"href":"https:\/\/www.somatechnology.com\/spanish\/wp-json\/wp\/v2\/product"}],"about":[{"href":"https:\/\/www.somatechnology.com\/spanish\/wp-json\/wp\/v2\/types\/product"}],"wp:featuredmedia":[{"embeddable":true,"href":"https:\/\/www.somatechnology.com\/spanish\/wp-json\/wp\/v2\/media\/12555"}],"wp:attachment":[{"href":"https:\/\/www.somatechnology.com\/spanish\/wp-json\/wp\/v2\/media?parent=4737"}],"wp:term":[{"taxonomy":"pwb-brand","embeddable":true,"href":"https:\/\/www.somatechnology.com\/spanish\/wp-json\/wp\/v2\/pwb-brand?post=4737"},{"taxonomy":"product_brand","embeddable":true,"href":"https:\/\/www.somatechnology.com\/spanish\/wp-json\/wp\/v2\/product_brand?post=4737"},{"taxonomy":"product_cat","embeddable":true,"href":"https:\/\/www.somatechnology.com\/spanish\/wp-json\/wp\/v2\/product_cat?post=4737"},{"taxonomy":"product_tag","embeddable":true,"href":"https:\/\/www.somatechnology.com\/spanish\/wp-json\/wp\/v2\/product_tag?post=4737"}],"curies":[{"name":"wp","href":"https:\/\/api.w.org\/{rel}","templated":true}]}}