{"id":4740,"date":"2016-07-19T21:38:17","date_gmt":"2016-07-19T21:38:17","guid":{"rendered":"http:\/\/equipomedicocentral.com\/wordpress\/product\/olympus-clv-u20\/"},"modified":"2023-08-23T06:15:30","modified_gmt":"2023-08-23T10:15:30","slug":"olympus-clv-u20","status":"publish","type":"product","link":"https:\/\/www.somatechnology.com\/spanish\/equipo-medico-usado-remanufacturado\/sistema-de-video-endoscopia\/fuentes-de-luz\/olympus-clv-u20\/","title":{"rendered":"Olympus CLV-U20"},"content":{"rendered":"<h2>Caracter\u00edsticas del\u00a0Olympus CLV-U20<\/h2>\n<p>El CLV-U20 es una fuente de luz de xen\u00f3n vers\u00e1til que se puede combinar con varios sistemas. La intensidad luminosa de la fotograf\u00eda fija es capaz de aumentar a 1,5 veces la iluminaci\u00f3n m\u00e1xima de visualizaci\u00f3n, lo que permite im\u00e1genes n\u00edtidas y brillantes. El CLV-U20 satisface virtualmente todos los requisitos endosc\u00f3picos.<\/p>\n<p>&nbsp;<\/p>\n","protected":false},"excerpt":{"rendered":"<p>Fuente de Luz<\/p>\n","protected":false},"featured_media":12558,"template":"","meta":{"_acf_changed":false,"_relevanssi_hide_post":"","_relevanssi_hide_content":"","_relevanssi_pin_for_all":"","_relevanssi_pin_keywords":"","_relevanssi_unpin_keywords":"","_relevanssi_related_keywords":"","_relevanssi_related_include_ids":"","_relevanssi_related_exclude_ids":"","_relevanssi_related_no_append":"","_relevanssi_related_not_related":"","_relevanssi_related_posts":"","_relevanssi_noindex_reason":"","inline_featured_image":false},"pwb-brand":[1080],"product_brand":[],"product_cat":[74,84],"product_tag":[2243,138,2242,2241],"class_list":{"0":"post-4740","1":"product","2":"type-product","3":"status-publish","4":"has-post-thumbnail","6":"pwb-brand-equipo-medico-olympus","7":"product_cat-fuentes-de-luz","8":"product_cat-sistema-de-video-endoscopia","9":"product_tag-clv-u20","10":"product_tag-olympus","11":"product_tag-olympus-clv-u20","12":"product_tag-olympus-clv-u20-light-source","14":"first","15":"instock","16":"purchasable","17":"product-type-simple"},"acf":[],"brands":[{"id":1080,"name":"Olympus","slug":"equipo-medico-olympus"}],"_links":{"self":[{"href":"https:\/\/www.somatechnology.com\/spanish\/wp-json\/wp\/v2\/product\/4740","targetHints":{"allow":["GET"]}}],"collection":[{"href":"https:\/\/www.somatechnology.com\/spanish\/wp-json\/wp\/v2\/product"}],"about":[{"href":"https:\/\/www.somatechnology.com\/spanish\/wp-json\/wp\/v2\/types\/product"}],"wp:featuredmedia":[{"embeddable":true,"href":"https:\/\/www.somatechnology.com\/spanish\/wp-json\/wp\/v2\/media\/12558"}],"wp:attachment":[{"href":"https:\/\/www.somatechnology.com\/spanish\/wp-json\/wp\/v2\/media?parent=4740"}],"wp:term":[{"taxonomy":"pwb-brand","embeddable":true,"href":"https:\/\/www.somatechnology.com\/spanish\/wp-json\/wp\/v2\/pwb-brand?post=4740"},{"taxonomy":"product_brand","embeddable":true,"href":"https:\/\/www.somatechnology.com\/spanish\/wp-json\/wp\/v2\/product_brand?post=4740"},{"taxonomy":"product_cat","embeddable":true,"href":"https:\/\/www.somatechnology.com\/spanish\/wp-json\/wp\/v2\/product_cat?post=4740"},{"taxonomy":"product_tag","embeddable":true,"href":"https:\/\/www.somatechnology.com\/spanish\/wp-json\/wp\/v2\/product_tag?post=4740"}],"curies":[{"name":"wp","href":"https:\/\/api.w.org\/{rel}","templated":true}]}}