{"id":4741,"date":"2016-07-19T21:38:17","date_gmt":"2016-07-19T21:38:17","guid":{"rendered":"http:\/\/equipomedicocentral.com\/wordpress\/product\/sony-up-895md\/"},"modified":"2025-12-11T04:37:51","modified_gmt":"2025-12-11T09:37:51","slug":"sony-up-895md","status":"publish","type":"product","link":"https:\/\/www.somatechnology.com\/spanish\/equipo-medico-usado-remanufacturado\/sistema-de-video-endoscopia\/impresoras\/sony-up-895md\/","title":{"rendered":"Sony UP 895MD"},"content":{"rendered":"<div class=\"wpb-content-wrapper\"><p>[vc_row][vc_column][vc_column_text css=\u00bb\u00bb]<\/p>\n<h2>Impresora Sony UP 895MD<\/h2>\n<h3>Caracter\u00edsticas de la Impresora Sony Up 895 MD B\/N<\/h3>\n<p>La impresora de video anal\u00f3gica A6 en blanco y negro UP-895MD de Sony puede producir brillantes im\u00e1genes fotogr\u00e1ficas. Las caracter\u00edsticas incluyen una densidad de 1280 puntos, 256 tonos de gris, una velocidad de impresi\u00f3n de tan solo 3.9 segundos y m\u00faltiples formatos de impresi\u00f3n (normal, peque\u00f1o y zoom 2x). La impresora Sony UP-895MD es compatible con los formatos NTSC y PAL.<\/p>\n<ul>\n<li>Impresi\u00f3n de alta resoluci\u00f3n de 1280 puntos x 608 l\u00edneas (en modo de escaneo WIDE 2) y 256 pasos de nivel de gris<\/li>\n<li>Resoluci\u00f3n de impresi\u00f3n de 12.8 puntos por mil\u00edmetro o 325 puntos por pulgada<\/li>\n<li>Impresi\u00f3n casi fotogr\u00e1fica, brillante y de alta calidad con papel de impresi\u00f3n recientemente desarrollado, UPP-110HG<\/li>\n<li>Funci\u00f3n de suavizar para una salida de imagen m\u00e1s suave y clara<\/li>\n<li>Selecci\u00f3n autom\u00e1tica de se\u00f1al de video EIA\/CCIR<\/li>\n<li>Fuente de alimentaci\u00f3n mundial para CA 100 a 120 \/ 220 a 240 V<\/li>\n<li>Sistema autom\u00e1tico de carga de papel para una operaci\u00f3n simple<\/li>\n<li>M\u00faltiples copias (hasta un m\u00e1ximo de diez)<\/li>\n<li>Alarma audible cuando la impresora necesita papel o la se\u00f1al de video est\u00e1 ausente<\/li>\n<li>Compacto y ligero<\/li>\n<li>Impresi\u00f3n r\u00e1pida de aproximadamente 3.9 segundos por pantalla (con la funci\u00f3n de suavizado desactivada y la impresora configurada en el modo de impresi\u00f3n EST\u00c1NDAR)<\/li>\n<li>Protecci\u00f3n t\u00e9rmica de la cabeza<\/li>\n<li>Funci\u00f3n de escaneo amplio (NORMAL\/ANCHO 1\/ANCHO 2)<\/li>\n<li>Zoom 2x para la mitad de la imagen en modo EST\u00c1NDAR o LATERAL<\/li>\n<li>Relaci\u00f3n de aspecto 4:3\/1:1 seleccionable<\/li>\n<li>Aprox. 201 impresiones* de UPP-110HG (18 m)<\/li>\n<\/ul>\n<h3>Especificaciones de la Impresora Sony UP 895 MD B\/N<\/h3>\n<h3>Dimensiones<\/h3>\n<p>Altura: 105 mm (4.25 pulgadas)<br \/>\nAncho: 154 mm (6.125 pulgadas)<br \/>\nProfundidad: 260 mm (10.25 pulgadas)<br \/>\nPeso: 3.4 kg (7 libras 8 onzas)<\/p>\n<h3>General<\/h3>\n<p>Cabezal T\u00e9rmico: cabezal t\u00e9rmico de pel\u00edcula delgada, 1280 puntos<br \/>\nGradaciones: 256 pasos de niveles de gris (cuasi)<br \/>\nEntrada y Salida<br \/>\nENTRADA DE VIDEO: se\u00f1al de video compuesto BNC, CCIR o EIA, 1,0 Vp-p, 75 \u03a9\/alta impedancia seleccionable<br \/>\nSALIDA DE VIDEO: BNC, bucle o E a E seleccionable<br \/>\nControl Remoto: miniconector est\u00e9reo para una unidad de control remoto opcional RM-91<\/p>\n<h3>Impresi\u00f3n<\/h3>\n<p>Tama\u00f1o de la imagen impresa: modo de impresi\u00f3n est\u00e1ndar, en relaci\u00f3n 4:3<\/p>\n<h4>EIA<\/h4>\n<p>Normal: 90 x 69 mm (3 5\/8 x 2 3\/4 pulgadas)<br \/>\nAncho 1: 94 x 72 mm (3 3\/4 x 2 7\/8 pulgadas)<br \/>\nAncho 2: 100 x 74 mm (4 x 3 pulgadas)<\/p>\n<h4>CCIR<\/h4>\n<p>Normal: 90 x 68 mm (3 5\/8 x 2 3\/4 pulgadas)<br \/>\nAncho 1: 94 x 71 mm (3 3\/4 x 2 7\/8 pulgadas)<br \/>\nAncho 2: 100 x 74 mm (4 x 3 pulgadas)<br \/>\nP\u00edxeles efectivos: modo de impresi\u00f3n est\u00e1ndar, con una relaci\u00f3n de 4:3<\/p>\n<h4>EIA<\/h4>\n<p>Normal: 1150 puntos x 472 l\u00edneas<br \/>\nAncho 1: 1210 puntos x 490 l\u00edneas<br \/>\nAncho 2: 1280 puntos x 508 l\u00edneas<\/p>\n<h4>CCIR<\/h4>\n<p>Normal: 1150 puntos x 560 l\u00edneas<br \/>\nAncho 1: 1210 puntos x 582 l\u00edneas<br \/>\nAncho 2: 1280 puntos x 608 l\u00edneas<\/p>\n<h4>Memoria de Impresi\u00f3n: Memoria de Marco de 8 Bits<br \/>\nVelocidad de Impresi\u00f3n<\/h4>\n<p>Aprox. 3.9 segundos\/pantalla (modo de impresi\u00f3n EST\u00c1NDAR, modo suavizado apagado)<br \/>\nAprox. 6.8 segundos\/pantalla (modo de impresi\u00f3n LATERAL, modo suavizado apagado)<br \/>\nAprox. 7.8 segundos\/pantalla<\/p>\n<h4>Energ\u00eda<\/h4>\n<p>Requisitos de Alimentaci\u00f3n: CA 100 a 120 \/ 220 a 240 V, 50\/60 Hz<br \/>\nConsumo de Energ\u00eda: M\u00e1x. 120W[\/vc_column_text][\/vc_column][\/vc_row]<\/p>\n<\/div>","protected":false},"excerpt":{"rendered":"<p>Impresora Blanco y Negro<\/p>\n","protected":false},"featured_media":9545,"template":"","meta":{"_acf_changed":false,"_relevanssi_hide_post":"","_relevanssi_hide_content":"","_relevanssi_pin_for_all":"","_relevanssi_pin_keywords":"","_relevanssi_unpin_keywords":"","_relevanssi_related_keywords":"","_relevanssi_related_include_ids":"","_relevanssi_related_exclude_ids":"","_relevanssi_related_no_append":"","_relevanssi_related_not_related":"","_relevanssi_related_posts":"","_relevanssi_noindex_reason":"","inline_featured_image":false},"pwb-brand":[1127],"product_brand":[],"product_cat":[106,84],"product_tag":[2514,1389,2512,2511,2510,2513],"class_list":{"0":"post-4741","1":"product","2":"type-product","3":"status-publish","4":"has-post-thumbnail","6":"pwb-brand-impresoras-sony","7":"product_cat-impresoras","8":"product_cat-sistema-de-video-endoscopia","9":"product_tag-sony","10":"product_tag-sony-up","11":"product_tag-sony-up-895md","12":"product_tag-sony-up-895md-bw","13":"product_tag-sony-up-895md-bw-printer","14":"product_tag-sony-up-bw-printer","16":"first","17":"instock","18":"purchasable","19":"product-type-simple"},"acf":[],"brands":[{"id":1127,"name":"Sony","slug":"impresoras-sony"}],"_links":{"self":[{"href":"https:\/\/www.somatechnology.com\/spanish\/wp-json\/wp\/v2\/product\/4741","targetHints":{"allow":["GET"]}}],"collection":[{"href":"https:\/\/www.somatechnology.com\/spanish\/wp-json\/wp\/v2\/product"}],"about":[{"href":"https:\/\/www.somatechnology.com\/spanish\/wp-json\/wp\/v2\/types\/product"}],"wp:featuredmedia":[{"embeddable":true,"href":"https:\/\/www.somatechnology.com\/spanish\/wp-json\/wp\/v2\/media\/9545"}],"wp:attachment":[{"href":"https:\/\/www.somatechnology.com\/spanish\/wp-json\/wp\/v2\/media?parent=4741"}],"wp:term":[{"taxonomy":"pwb-brand","embeddable":true,"href":"https:\/\/www.somatechnology.com\/spanish\/wp-json\/wp\/v2\/pwb-brand?post=4741"},{"taxonomy":"product_brand","embeddable":true,"href":"https:\/\/www.somatechnology.com\/spanish\/wp-json\/wp\/v2\/product_brand?post=4741"},{"taxonomy":"product_cat","embeddable":true,"href":"https:\/\/www.somatechnology.com\/spanish\/wp-json\/wp\/v2\/product_cat?post=4741"},{"taxonomy":"product_tag","embeddable":true,"href":"https:\/\/www.somatechnology.com\/spanish\/wp-json\/wp\/v2\/product_tag?post=4741"}],"curies":[{"name":"wp","href":"https:\/\/api.w.org\/{rel}","templated":true}]}}