{"id":4756,"date":"2016-07-19T21:39:12","date_gmt":"2016-07-19T21:39:12","guid":{"rendered":"http:\/\/equipomedicocentral.com\/wordpress\/product\/maquet-jostra-hl20\/"},"modified":"2025-08-07T12:07:28","modified_gmt":"2025-08-07T16:07:28","slug":"maquet-jostra-hl20","status":"publish","type":"product","link":"https:\/\/www.somatechnology.com\/spanish\/equipo-medico-usado-remanufacturado\/cardiovascular\/maquinas-de-corazon-y-pulmon\/maquet-jostra-hl20\/","title":{"rendered":"Maquet Jostra HL20"},"content":{"rendered":"<div id=\"tabs\">\n<div class=\"tab-content\">\n<div id=\"descPane\" class=\"tab-pane active\">\n<div id=\"ctl00_ctl00_NestedMaster_PageContent_ctl00_ProductDescription1_DescriptionAjax\">\n<div class=\"widget productDescription\">\n<div class=\"innerSection\">\n<div class=\"content\">\n<div class=\"descriptionWrapper\">\n<h2>Caracter\u00edsticas del Maquet Jostra HL20<\/h2>\n<p>El sistema de la perfusi\u00f3n de <strong>MAQUET Jostra HL 20<\/strong> es confiable, flexible y adaptable. Combina la tecnolog\u00eda compleja necesaria para la cirug\u00eda cardiopulmonar con el manejo claro y sucinto necesario para la gerencia de paciente segura y eficaz. Las bombas de rodillos perist\u00e1ltica funcionan silenciosamente y suavemente en la energ\u00eda de baja tensi\u00f3n suministrada por la consola. Todos los controles y monitores se gestionan desde un \u00fanico panel para lo \u00faltimo en la operaci\u00f3n de f\u00e1cil uso.<\/p>\n<ul>\n<li>Complete el sistema de cuatro bombas<\/li>\n<li>Sistema de control de presi\u00f3n y temperatura<\/li>\n<li>Sistema de protecci\u00f3n de \u00e9mbolos de aire<\/li>\n<li>Unidad de monitor cardioplegia<\/li>\n<li>Una pantalla plana proporciona informaci\u00f3n gr\u00e1fica y de estado funcional de un vistazo; todas las funciones de supervisi\u00f3n y de advertencia est\u00e1n en un panel<\/li>\n<li>Una perilla ajusta todos los ajustes excepto la velocidad de la bomba<\/li>\n<li>La funci\u00f3n de la bomba est\u00e1 dedicada por su nombre, no por su ubicaci\u00f3n, y la funci\u00f3n asignada de la bomba se muestra en su panel frontal<\/li>\n<li>En un apag\u00f3n, un sistema completamente autom\u00e1tico de la bater\u00eda de reserva ser\u00e1 enganchado y funcionar\u00e1 el sistema entero para el tiempo suficiente para terminar la mayor\u00eda de los procedimientos quir\u00fargicos<\/li>\n<li>Todas las bombas y m\u00f3dulos operan con una potencia de 24 voltios para aumentar la seguridad del paciente y del operador<\/li>\n<li>Todas las conexiones el\u00e9ctricas est\u00e1n dentro del HL 20; no hay cables que sobresalgan o que interfieran para romperse, enredarse o desenchufarse accidentalmente<\/li>\n<\/ul>\n<\/div>\n<\/div>\n<\/div>\n<\/div>\n<\/div>\n<\/div>\n<\/div>\n<\/div>\n","protected":false},"excerpt":{"rendered":"<p>El sistema de la perfusi\u00f3n de MAQUET Jostra HL 20 es confiable, flexible y adaptable. Combina la tecnolog\u00eda compleja necesaria para la cirug\u00eda cardiopulmonar con el manejo claro y sucinto necesario para la gerencia de paciente segura y eficaz. Las bombas de rodillos perist\u00e1ltica funcionan silenciosamente y suavemente en la energ\u00eda de baja tensi\u00f3n suministrada por la consola. Todos los controles y monitores se gestionan desde un \u00fanico panel para lo \u00faltimo en la operaci\u00f3n de f\u00e1cil uso.<\/p>\n","protected":false},"featured_media":11180,"template":"","meta":{"_acf_changed":false,"_relevanssi_hide_post":"","_relevanssi_hide_content":"","_relevanssi_pin_for_all":"","_relevanssi_pin_keywords":"","_relevanssi_unpin_keywords":"","_relevanssi_related_keywords":"","_relevanssi_related_include_ids":"","_relevanssi_related_exclude_ids":"","_relevanssi_related_no_append":"","_relevanssi_related_not_related":"","_relevanssi_related_posts":"","_relevanssi_noindex_reason":"","inline_featured_image":false},"pwb-brand":[1109],"product_brand":[],"product_cat":[78],"product_tag":[3258,519,3257,3256,3255,4268,1067,4272,4271,4269,4270],"class_list":{"0":"post-4756","1":"product","2":"type-product","3":"status-publish","4":"has-post-thumbnail","6":"pwb-brand-equipo-medico-maquet","7":"product_cat-maquinas-de-corazon-y-pulmon","8":"product_tag-jostra-hl-20","9":"product_tag-maquet","10":"product_tag-maquet-jostra","11":"product_tag-maquet-jostra-hl","12":"product_tag-maquet-jostra-hl-20","13":"product_tag-maquet-maquinas-de-corazon-y-pulmon","14":"product_tag-maquinas-de-corazon-y-pulmon","15":"product_tag-maquinas-de-corazon-y-pulmon-jostra","16":"product_tag-maquinas-de-corazon-y-pulmon-jostra-hl-20","17":"product_tag-maquinas-de-corazon-y-pulmon-maquet","18":"product_tag-maquinas-de-corazon-y-pulmon-maquet-jostra-hl-20","20":"first","21":"instock","22":"featured","23":"purchasable","24":"product-type-simple"},"acf":[],"brands":[{"id":1109,"name":"Maquet","slug":"equipo-medico-maquet"}],"_links":{"self":[{"href":"https:\/\/www.somatechnology.com\/spanish\/wp-json\/wp\/v2\/product\/4756","targetHints":{"allow":["GET"]}}],"collection":[{"href":"https:\/\/www.somatechnology.com\/spanish\/wp-json\/wp\/v2\/product"}],"about":[{"href":"https:\/\/www.somatechnology.com\/spanish\/wp-json\/wp\/v2\/types\/product"}],"wp:featuredmedia":[{"embeddable":true,"href":"https:\/\/www.somatechnology.com\/spanish\/wp-json\/wp\/v2\/media\/11180"}],"wp:attachment":[{"href":"https:\/\/www.somatechnology.com\/spanish\/wp-json\/wp\/v2\/media?parent=4756"}],"wp:term":[{"taxonomy":"pwb-brand","embeddable":true,"href":"https:\/\/www.somatechnology.com\/spanish\/wp-json\/wp\/v2\/pwb-brand?post=4756"},{"taxonomy":"product_brand","embeddable":true,"href":"https:\/\/www.somatechnology.com\/spanish\/wp-json\/wp\/v2\/product_brand?post=4756"},{"taxonomy":"product_cat","embeddable":true,"href":"https:\/\/www.somatechnology.com\/spanish\/wp-json\/wp\/v2\/product_cat?post=4756"},{"taxonomy":"product_tag","embeddable":true,"href":"https:\/\/www.somatechnology.com\/spanish\/wp-json\/wp\/v2\/product_tag?post=4756"}],"curies":[{"name":"wp","href":"https:\/\/api.w.org\/{rel}","templated":true}]}}