{"id":4758,"date":"2016-07-19T21:39:12","date_gmt":"2016-07-19T21:39:12","guid":{"rendered":"http:\/\/equipomedicocentral.com\/wordpress\/product\/datex-ohmeda-compact-s5-imm\/"},"modified":"2025-09-23T12:08:14","modified_gmt":"2025-09-23T16:08:14","slug":"datex-ohmeda-compact-s5-imm","status":"publish","type":"product","link":"https:\/\/www.somatechnology.com\/spanish\/equipo-medico-usado-remanufacturado\/monitores-de-signos-vitales\/monitores-multiparametros\/datex-ohmeda-compact-s5-imm\/","title":{"rendered":"GE Datex Ohmeda Compact S\/5 iMM"},"content":{"rendered":"<h2 align=\"LEFT\">GE Datex Ohmeda Compact S\/5 iMM<\/h2>\n<p>Monitor S\/5\u00a0 la compatibilidad de la soluci\u00f3n de interfaz para otros dispositivos de cuidado del paciente trae informaci\u00f3n a la pantalla de visualizaci\u00f3n del monitor compacto.<\/p>\n<h3>Caracter\u00edsticas<\/h3>\n<ul>\n<li>Ideal para el seguimiento de la cirug\u00eda del Paco y el d\u00eda<\/li>\n<li>Monitor de cabecera de huella peque\u00f1a con pantalla de color extra grande de 12,1 pulgadas<\/li>\n<li>Formas de onda grandes y num\u00e9ricas para la visi\u00f3n f\u00e1cil de distancias largas y de \u00e1ngulos de visi\u00f3n m\u00faltiples<\/li>\n<li>Hemodin\u00e1mica b\u00e1sica y medidas completas del gas de la v\u00eda a\u00e9rea<\/li>\n<li>Se pueden visualizar hasta 8 formas de onda y 4 campos de d\u00edgitos num\u00e9ricos<\/li>\n<li>las tendencias gr\u00e1ficas y num\u00e9ricas de 24 horas se pueden visualizar y utilizar para acceder a datos hist\u00f3ricos<\/li>\n<li>Alarmas de prioridad y ajustables codificadas por colores que se pueden gestionar en el monitor u opcionalmente desde la red S\/5 \u2122 y la central<\/li>\n<li>An\u00e1lisis de arritmia extendida opcional<\/li>\n<li>Instant\u00e1neas de forma de onda para almacenar y recuperar muestras de forma de onda para an\u00e1lisis posterior<\/li>\n<li>Interfaz intuitiva f\u00e1cil de usar S\/5 dise\u00f1ada para el proceso de cuidado de la anestesia<\/li>\n<li>Seis p\u00e1ginas de visualizaci\u00f3n configurable por el usuario para cada modo<\/li>\n<li>Dispositivo S\/5 \u2122 la compatibilidad de la soluci\u00f3n de interfaz para otros dispositivos de cuidado del paciente trae informaci\u00f3n a la pantalla de visualizaci\u00f3n del monitor compacto<\/li>\n<li>El dise\u00f1o rugoso, resistente a los golpes ofrece una bater\u00eda incorporada y una manija para el monitoreo intra-hospitalario del transporte con el soporte del rodillo, la pared y las opciones del montaje de la cama disponibles<\/li>\n<li>Integraci\u00f3n de datos de transporte con MEM \u2122 opcional<\/li>\n<li>Built-in opcional, registrador termal de tres canales del arsenal<\/li>\n<li>Compatible con la red de DATEX-OHMEDA S\/5 y la central para la comunicaci\u00f3n del supervisar-a-monitor y la visi\u00f3n centralizadora<\/li>\n<\/ul>\n","protected":false},"excerpt":{"rendered":"<p>Monitor S\/5\u00a0 la compatibilidad de la soluci\u00f3n de interfaz para otros dispositivos de cuidado del paciente trae informaci\u00f3n a la pantalla de visualizaci\u00f3n del monitor compacto.<\/p>\n","protected":false},"featured_media":11390,"template":"","meta":{"_acf_changed":false,"_relevanssi_hide_post":"","_relevanssi_hide_content":"","_relevanssi_pin_for_all":"","_relevanssi_pin_keywords":"","_relevanssi_unpin_keywords":"","_relevanssi_related_keywords":"","_relevanssi_related_include_ids":"","_relevanssi_related_exclude_ids":"","_relevanssi_related_no_append":"","_relevanssi_related_not_related":"","_relevanssi_related_posts":"","_relevanssi_noindex_reason":"","inline_featured_image":false},"pwb-brand":[1100],"product_brand":[],"product_cat":[50],"product_tag":[3758,3755,3756,3759,3757],"class_list":{"0":"post-4758","1":"product","2":"type-product","3":"status-publish","4":"has-post-thumbnail","6":"pwb-brand-equipo-medico-ge","7":"product_cat-monitores-multiparametros","8":"product_tag-ge-datex-monitor-multiparametors","9":"product_tag-ge-datex-ohmeda-compact-s-5-imm","10":"product_tag-ge-datex-ohmeda-compact-s-5-imm-monitor-multiparametors","11":"product_tag-ge-datex-ohmeda-monitor-multiparametors","12":"product_tag-monitor-multiparametors","14":"first","15":"instock","16":"purchasable","17":"product-type-simple"},"acf":[],"brands":[{"id":1100,"name":"GE","slug":"equipo-medico-ge"}],"_links":{"self":[{"href":"https:\/\/www.somatechnology.com\/spanish\/wp-json\/wp\/v2\/product\/4758","targetHints":{"allow":["GET"]}}],"collection":[{"href":"https:\/\/www.somatechnology.com\/spanish\/wp-json\/wp\/v2\/product"}],"about":[{"href":"https:\/\/www.somatechnology.com\/spanish\/wp-json\/wp\/v2\/types\/product"}],"wp:featuredmedia":[{"embeddable":true,"href":"https:\/\/www.somatechnology.com\/spanish\/wp-json\/wp\/v2\/media\/11390"}],"wp:attachment":[{"href":"https:\/\/www.somatechnology.com\/spanish\/wp-json\/wp\/v2\/media?parent=4758"}],"wp:term":[{"taxonomy":"pwb-brand","embeddable":true,"href":"https:\/\/www.somatechnology.com\/spanish\/wp-json\/wp\/v2\/pwb-brand?post=4758"},{"taxonomy":"product_brand","embeddable":true,"href":"https:\/\/www.somatechnology.com\/spanish\/wp-json\/wp\/v2\/product_brand?post=4758"},{"taxonomy":"product_cat","embeddable":true,"href":"https:\/\/www.somatechnology.com\/spanish\/wp-json\/wp\/v2\/product_cat?post=4758"},{"taxonomy":"product_tag","embeddable":true,"href":"https:\/\/www.somatechnology.com\/spanish\/wp-json\/wp\/v2\/product_tag?post=4758"}],"curies":[{"name":"wp","href":"https:\/\/api.w.org\/{rel}","templated":true}]}}