{"id":4766,"date":"2016-07-19T21:39:12","date_gmt":"2016-07-19T21:39:12","guid":{"rendered":"http:\/\/equipomedicocentral.com\/wordpress\/product\/ge-oec-9800\/"},"modified":"2023-08-23T06:15:45","modified_gmt":"2023-08-23T10:15:45","slug":"ge-oec-9800","status":"publish","type":"product","link":"https:\/\/www.somatechnology.com\/spanish\/equipo-medico-usado-remanufacturado\/imagenologia-radiologia\/arcos-en-c\/ge-oec-9800\/","title":{"rendered":"GE OEC 9800"},"content":{"rendered":"<h2>Caracter\u00edsticas del\u00a0GE OEC 9800<\/h2>\n<p>El <strong>OEC 9800<\/strong> es el est\u00e1ndar de oro en aplicaciones m\u00f3viles de fluoroscopia y tecnolog\u00eda innovadora de im\u00e1genes de rayos X. Construido sobre el liderazgo y la experiencia de miles de sistemas instalados en todo el mundo, GE ha establecido un nuevo est\u00e1ndar en la imagen de C-arm m\u00f3vil con el OEC 9800.<\/p>\n<ul>\n<li>Monitores de doble pantalla<\/li>\n<li>Intensificador de la imagen del tri-modo 12 pulgadas<\/li>\n<li>almacenaje de la imagen 200<\/li>\n<li>Alta resoluci\u00f3n 1K x 1K<\/li>\n<li>C\u00e1mara CCD<\/li>\n<li>Retener la \u00faltima imagen<\/li>\n<li>Realce del borde<\/li>\n<li>Correcci\u00f3n gamma<\/li>\n<li>Ventanas digitales<\/li>\n<li>Marte-reducci\u00f3n del artefacto del movimiento<\/li>\n<li>Teclado de anotaci\u00f3n del paciente<\/li>\n<\/ul>\n<p>&nbsp;<\/p>\n","protected":false},"excerpt":{"rendered":"<p>Arco en C M\u00f3vil<\/p>\n","protected":false},"featured_media":11510,"template":"","meta":{"_acf_changed":false,"_relevanssi_hide_post":"","_relevanssi_hide_content":"","_relevanssi_pin_for_all":"","_relevanssi_pin_keywords":"","_relevanssi_unpin_keywords":"","_relevanssi_related_keywords":"","_relevanssi_related_include_ids":"","_relevanssi_related_exclude_ids":"","_relevanssi_related_no_append":"","_relevanssi_related_not_related":"","_relevanssi_related_posts":"","_relevanssi_noindex_reason":"","inline_featured_image":false},"pwb-brand":[1100],"product_brand":[],"product_cat":[66],"product_tag":[4008,4523,4524,659],"class_list":{"0":"post-4766","1":"product","2":"type-product","3":"status-publish","4":"has-post-thumbnail","6":"pwb-brand-equipo-medico-ge","7":"product_cat-arcos-en-c","8":"product_tag-arcos-en-c","9":"product_tag-arcos-en-c-ge","10":"product_tag-ge-arcos-en-c","11":"product_tag-ge-oec-9800","13":"first","14":"instock","15":"purchasable","16":"product-type-simple"},"acf":[],"brands":[{"id":1100,"name":"GE","slug":"equipo-medico-ge"}],"_links":{"self":[{"href":"https:\/\/www.somatechnology.com\/spanish\/wp-json\/wp\/v2\/product\/4766","targetHints":{"allow":["GET"]}}],"collection":[{"href":"https:\/\/www.somatechnology.com\/spanish\/wp-json\/wp\/v2\/product"}],"about":[{"href":"https:\/\/www.somatechnology.com\/spanish\/wp-json\/wp\/v2\/types\/product"}],"wp:featuredmedia":[{"embeddable":true,"href":"https:\/\/www.somatechnology.com\/spanish\/wp-json\/wp\/v2\/media\/11510"}],"wp:attachment":[{"href":"https:\/\/www.somatechnology.com\/spanish\/wp-json\/wp\/v2\/media?parent=4766"}],"wp:term":[{"taxonomy":"pwb-brand","embeddable":true,"href":"https:\/\/www.somatechnology.com\/spanish\/wp-json\/wp\/v2\/pwb-brand?post=4766"},{"taxonomy":"product_brand","embeddable":true,"href":"https:\/\/www.somatechnology.com\/spanish\/wp-json\/wp\/v2\/product_brand?post=4766"},{"taxonomy":"product_cat","embeddable":true,"href":"https:\/\/www.somatechnology.com\/spanish\/wp-json\/wp\/v2\/product_cat?post=4766"},{"taxonomy":"product_tag","embeddable":true,"href":"https:\/\/www.somatechnology.com\/spanish\/wp-json\/wp\/v2\/product_tag?post=4766"}],"curies":[{"name":"wp","href":"https:\/\/api.w.org\/{rel}","templated":true}]}}