{"id":4771,"date":"2016-07-19T21:39:12","date_gmt":"2016-07-19T21:39:12","guid":{"rendered":"http:\/\/equipomedicocentral.com\/wordpress\/product\/valleylab-optimumm\/"},"modified":"2025-09-23T12:11:32","modified_gmt":"2025-09-23T16:11:32","slug":"valleylab-optimumm","status":"publish","type":"product","link":"https:\/\/www.somatechnology.com\/spanish\/equipo-medico-usado-remanufacturado\/unidades-electroquirurgicas-electrobisturis\/valleylab-optimumm\/","title":{"rendered":"Medtronic Covidien Valleylab OptiMumm"},"content":{"rendered":"<h2>Caracter\u00edsticas del Evacuador de Humo Valleylab OptiMumm<\/h2>\n<p>El evacuador del humo de OptiMumm es la pieza central de un sistema completo de la evacuaci\u00f3n del humo cuando est\u00e1 utilizado con el accesorio de la evacuaci\u00f3n del humo de AccuVac, el sistema universal del montaje de Valleylab, y cualquiera el generador electroquir\u00fargico de la fuerza FX o la fuerza EZ Generador electroquir\u00fargico.<\/p>\n<ul>\n<li>El OptiMumm efectivamente filtra y elimina el humo quir\u00fargico sin crear ruido adicional en el quir\u00f3fano<\/li>\n<li>El sistema RapidVac se sincroniza con el generador electroquir\u00fargico y funciona autom\u00e1ticamente cuando el generador est\u00e1 encendido<\/li>\n<li>Conveniente, compacto y de uso f\u00e1cil<\/li>\n<\/ul>\n","protected":false},"excerpt":{"rendered":"<p>El evacuador del humo de OptiMumm es la pieza central de un sistema completo de la evacuaci\u00f3n del humo cuando est\u00e1 utilizado con el accesorio de la evacuaci\u00f3n del humo de AccuVac, el sistema universal del montaje de Valleylab, y cualquiera el generador electroquir\u00fargico de la fuerza FX o la fuerza EZ Generador electroquir\u00fargico.<\/p>\n","protected":false},"featured_media":12191,"template":"","meta":{"_acf_changed":false,"_relevanssi_hide_post":"","_relevanssi_hide_content":"","_relevanssi_pin_for_all":"","_relevanssi_pin_keywords":"","_relevanssi_unpin_keywords":"","_relevanssi_related_keywords":"","_relevanssi_related_include_ids":"","_relevanssi_related_exclude_ids":"","_relevanssi_related_no_append":"","_relevanssi_related_not_related":"","_relevanssi_related_posts":"","_relevanssi_noindex_reason":"","inline_featured_image":false},"pwb-brand":[1107],"product_brand":[],"product_cat":[76,9627],"product_tag":[352,4962,1896,1649,1648,4960,1650,1608,5001],"class_list":{"0":"post-4771","1":"product","2":"type-product","3":"status-publish","4":"has-post-thumbnail","6":"pwb-brand-equipo-medico-medtronic","7":"product_cat-unidades-electroquirurgicas-electrobisturis","8":"product_cat-evacuadores-de-humo","9":"product_tag-covidien","10":"product_tag-covidien-electrobisturis","11":"product_tag-electrobisturis","12":"product_tag-meditronic","13":"product_tag-medtronic-covidien-valleylab-optimumm","14":"product_tag-medtronic-electrobisturis","15":"product_tag-optimumm","16":"product_tag-valleylab","17":"product_tag-valleylab-optimumm-electrobisturis","19":"first","20":"instock","21":"purchasable","22":"product-type-simple"},"acf":[],"brands":[{"id":1107,"name":"Medtronic","slug":"equipo-medico-medtronic"}],"_links":{"self":[{"href":"https:\/\/www.somatechnology.com\/spanish\/wp-json\/wp\/v2\/product\/4771","targetHints":{"allow":["GET"]}}],"collection":[{"href":"https:\/\/www.somatechnology.com\/spanish\/wp-json\/wp\/v2\/product"}],"about":[{"href":"https:\/\/www.somatechnology.com\/spanish\/wp-json\/wp\/v2\/types\/product"}],"wp:featuredmedia":[{"embeddable":true,"href":"https:\/\/www.somatechnology.com\/spanish\/wp-json\/wp\/v2\/media\/12191"}],"wp:attachment":[{"href":"https:\/\/www.somatechnology.com\/spanish\/wp-json\/wp\/v2\/media?parent=4771"}],"wp:term":[{"taxonomy":"pwb-brand","embeddable":true,"href":"https:\/\/www.somatechnology.com\/spanish\/wp-json\/wp\/v2\/pwb-brand?post=4771"},{"taxonomy":"product_brand","embeddable":true,"href":"https:\/\/www.somatechnology.com\/spanish\/wp-json\/wp\/v2\/product_brand?post=4771"},{"taxonomy":"product_cat","embeddable":true,"href":"https:\/\/www.somatechnology.com\/spanish\/wp-json\/wp\/v2\/product_cat?post=4771"},{"taxonomy":"product_tag","embeddable":true,"href":"https:\/\/www.somatechnology.com\/spanish\/wp-json\/wp\/v2\/product_tag?post=4771"}],"curies":[{"name":"wp","href":"https:\/\/api.w.org\/{rel}","templated":true}]}}