{"id":4777,"date":"2016-07-19T21:39:59","date_gmt":"2016-07-19T21:39:59","guid":{"rendered":"http:\/\/equipomedicocentral.com\/wordpress\/product\/bovie-aaron-2250\/"},"modified":"2023-08-23T06:15:50","modified_gmt":"2023-08-23T10:15:50","slug":"bovie-aaron-2250","status":"publish","type":"product","link":"https:\/\/www.somatechnology.com\/spanish\/equipo-medico-usado-remanufacturado\/unidades-electroquirurgicas-electrobisturis\/bovie-aaron-2250\/","title":{"rendered":"Bovie Aaron 2250"},"content":{"rendered":"<h2>Caracter\u00edsticas del\u00a0Bovie Aaron 2250<\/h2>\n<p>El<strong> Aaron 2250<\/strong> es un generador electroquir\u00fargico multiuso para su uso en la moderna sala de operaciones y Surgicenter. Ofrece funciones monopolar y bipolares para satisfacer todas sus demandas quir\u00fargicas con seguridad, flexibilidad, confiabilidad, y conveniencia. El generador electroquir\u00fargico 2250 se incorpora en los sistemas de seguridad autom\u00e1ticos incluyendo los circuitos de la uno mismo-prueba, los tonos audibles, las salidas discretas, los trazadores de circuito aislados, y Bovie NEM (supervisi\u00f3n neutral del electrodo).<\/p>\n<p>Cinco modos de salida: corte, mezcla, coagulaci\u00f3n, fulguraci\u00f3n y bipolar<\/p>\n<ul>\n<li>Tonos audibles<\/li>\n<li>Circuitos de auto-prueba<\/li>\n<li>Salida discreta<\/li>\n<li>Correcci\u00f3n de errores digital<\/li>\n<li>Circuitos aislados<\/li>\n<\/ul>\n<h2>Especificaciones del\u00a0Bovie Aaron 2250<\/h2>\n<h3>Potencia de salida<\/h3>\n<ul>\n<li>Corte\/mezcla: 200 vatios\/200Watts<\/li>\n<li>Coagulaci\u00f3n (precisa): 120 vatios<\/li>\n<li>Fulguraci\u00f3n (aerosol): 80 vatios<\/li>\n<li>Bipolar: 80 vatios<\/li>\n<\/ul>\n<h3>Voltaje en Linea<\/h3>\n<ul>\n<li>100-240 VAC \u00b1 10%<\/li>\n<\/ul>\n<h3>Frecuencia<\/h3>\n<ul>\n<li>Frecuencia de la salida: 490 kHz \u00b1 5<\/li>\n<li>Frecuencia de la l\u00ednea: 50-60 Hz<\/li>\n<\/ul>\n<h3>Dimensiones y peso<\/h3>\n<ul>\n<li>Ancho: 31 cm (12.3 \u2033)<\/li>\n<li>Altura: 15.3 cm (6.0 \u2033)<\/li>\n<li>Profundidad: 41,3 cm (16.3 \u2033)<\/li>\n<li>Peso: &lt; 8.8 kg (&lt; 19 lbs.)<\/li>\n<\/ul>\n<p>&nbsp;<\/p>\n","protected":false},"excerpt":{"rendered":"<p>Electrobisturis<\/p>\n","protected":false},"featured_media":9606,"template":"","meta":{"_acf_changed":false,"_relevanssi_hide_post":"","_relevanssi_hide_content":"","_relevanssi_pin_for_all":"","_relevanssi_pin_keywords":"","_relevanssi_unpin_keywords":"","_relevanssi_related_keywords":"","_relevanssi_related_include_ids":"","_relevanssi_related_exclude_ids":"","_relevanssi_related_no_append":"","_relevanssi_related_not_related":"","_relevanssi_related_posts":"","_relevanssi_noindex_reason":"","inline_featured_image":false},"pwb-brand":[1170],"product_brand":[],"product_cat":[76],"product_tag":[1449,1444,1453,1454,1452,1446],"class_list":{"0":"post-4777","1":"product","2":"type-product","3":"status-publish","4":"has-post-thumbnail","6":"pwb-brand-electrobisturis-bovie","7":"product_cat-unidades-electroquirurgicas-electrobisturis","8":"product_tag-bovie","9":"product_tag-bovie-aaron","10":"product_tag-bovie-aaron-2250","11":"product_tag-bovie-aaron-2250-esu","12":"product_tag-bovie-aaron-esu","13":"product_tag-bovie-esu","15":"first","16":"instock","17":"purchasable","18":"product-type-simple"},"acf":[],"brands":[{"id":1170,"name":"Bovie Aaron","slug":"electrobisturis-bovie"}],"_links":{"self":[{"href":"https:\/\/www.somatechnology.com\/spanish\/wp-json\/wp\/v2\/product\/4777","targetHints":{"allow":["GET"]}}],"collection":[{"href":"https:\/\/www.somatechnology.com\/spanish\/wp-json\/wp\/v2\/product"}],"about":[{"href":"https:\/\/www.somatechnology.com\/spanish\/wp-json\/wp\/v2\/types\/product"}],"wp:featuredmedia":[{"embeddable":true,"href":"https:\/\/www.somatechnology.com\/spanish\/wp-json\/wp\/v2\/media\/9606"}],"wp:attachment":[{"href":"https:\/\/www.somatechnology.com\/spanish\/wp-json\/wp\/v2\/media?parent=4777"}],"wp:term":[{"taxonomy":"pwb-brand","embeddable":true,"href":"https:\/\/www.somatechnology.com\/spanish\/wp-json\/wp\/v2\/pwb-brand?post=4777"},{"taxonomy":"product_brand","embeddable":true,"href":"https:\/\/www.somatechnology.com\/spanish\/wp-json\/wp\/v2\/product_brand?post=4777"},{"taxonomy":"product_cat","embeddable":true,"href":"https:\/\/www.somatechnology.com\/spanish\/wp-json\/wp\/v2\/product_cat?post=4777"},{"taxonomy":"product_tag","embeddable":true,"href":"https:\/\/www.somatechnology.com\/spanish\/wp-json\/wp\/v2\/product_tag?post=4777"}],"curies":[{"name":"wp","href":"https:\/\/api.w.org\/{rel}","templated":true}]}}