{"id":4779,"date":"2016-07-19T21:39:59","date_gmt":"2016-07-19T21:39:59","guid":{"rendered":"http:\/\/equipomedicocentral.com\/wordpress\/product\/bovie-aaron-1250\/"},"modified":"2023-08-23T06:15:50","modified_gmt":"2023-08-23T10:15:50","slug":"bovie-aaron-1250","status":"publish","type":"product","link":"https:\/\/www.somatechnology.com\/spanish\/equipo-medico-usado-remanufacturado\/unidades-electroquirurgicas-electrobisturis\/bovie-aaron-1250\/","title":{"rendered":"Bovie Aaron 1250"},"content":{"rendered":"<h2>Caracter\u00edsticas del Bovie Aaron 1250<\/h2>\n<p>Termine con el corte, la mezcla, la coagulaci\u00f3n, el fulguraci\u00f3n, y los modos bipolares, el generador electroquir\u00fargico de Bovie Aaron 1250 de uso m\u00faltiple est\u00e1 listo para cualquier ambiente de la cirug\u00eda. Incorporados en la unidad son caracter\u00edsticas de seguridad autom\u00e1ticas como circuitos de auto-prueba, tonos audibles, salidas discretas, circuitos aislados, y Bovie NEM &#x2122; (control de electrodos neutros) por lo que nunca hay errores inesperados durante su uso. Con 120 vatios de potencia de corte y 90 vatios de mezcla (potencia m\u00e1xima de 80 vatios) y fulguraci\u00f3n (potencia m\u00e1xima de 40 vatios), este generador es uno de los m\u00e1s duros del mercado.<\/p>\n<ul>\n<li>Cinco modos de salida: corte, mezcla, coagulaci\u00f3n, fulguraci\u00f3n y bipolar<\/li>\n<li>Tonos audibles<\/li>\n<li>Circuitos de auto-prueba<\/li>\n<li>Salida discreta<\/li>\n<li>Correcci\u00f3n de errores digital<\/li>\n<li>Circuitos aislados<\/li>\n<\/ul>\n<h2>Especificaciones del Bovie Aaron 1250<\/h2>\n<h3>Potencia de salida<\/h3>\n<ul>\n<li>Corte: 120 vatios<\/li>\n<li>Mezcla: 90 vatios<\/li>\n<li>Coagulaci\u00f3n 80 vatios<\/li>\n<li>Fulguraci\u00f3n 40 vatios<\/li>\n<li>Bipolar: 30 vatios<\/li>\n<\/ul>\n<h3>Voltaje de l\u00ednea<\/h3>\n<ul>\n<li>A1250: 120 VAC \u00b1 10%<\/li>\n<li>A1250-220: 220 VAC \u00b1 10%<\/li>\n<\/ul>\n<h3>Frecuencia de la salida<\/h3>\n<ul>\n<li>490 kHz \u00b1 5<\/li>\n<\/ul>\n<h3>Frecuencia de l\u00ednea<\/h3>\n<ul>\n<li>50-60 Hz<\/li>\n<\/ul>\n<h3>Dimensiones y peso<\/h3>\n<ul>\n<li>Anchura: 26,04 cm (10,25 \u2033)<\/li>\n<li>Altura: 15,24 cm (6 \u2033)<\/li>\n<li>Profundidad: 29,85 cm (11,75 \u2033)<\/li>\n<li>Peso: &lt; 5.5 kg (&lt; 12 lbs.)<\/li>\n<\/ul>\n<p>&nbsp;<\/p>\n","protected":false},"excerpt":{"rendered":"<p>Electrobisturis<\/p>\n","protected":false},"featured_media":11999,"template":"","meta":{"_acf_changed":false,"_relevanssi_hide_post":"","_relevanssi_hide_content":"","_relevanssi_pin_for_all":"","_relevanssi_pin_keywords":"","_relevanssi_unpin_keywords":"","_relevanssi_related_keywords":"","_relevanssi_related_include_ids":"","_relevanssi_related_exclude_ids":"","_relevanssi_related_no_append":"","_relevanssi_related_not_related":"","_relevanssi_related_posts":"","_relevanssi_noindex_reason":"","inline_featured_image":false},"pwb-brand":[1170],"product_brand":[],"product_cat":[76],"product_tag":[1449,1444,1450,1451,1452,1446],"class_list":{"0":"post-4779","1":"product","2":"type-product","3":"status-publish","4":"has-post-thumbnail","6":"pwb-brand-electrobisturis-bovie","7":"product_cat-unidades-electroquirurgicas-electrobisturis","8":"product_tag-bovie","9":"product_tag-bovie-aaron","10":"product_tag-bovie-aaron-1250","11":"product_tag-bovie-aaron-1250-esu","12":"product_tag-bovie-aaron-esu","13":"product_tag-bovie-esu","15":"first","16":"instock","17":"purchasable","18":"product-type-simple"},"acf":[],"brands":[{"id":1170,"name":"Bovie Aaron","slug":"electrobisturis-bovie"}],"_links":{"self":[{"href":"https:\/\/www.somatechnology.com\/spanish\/wp-json\/wp\/v2\/product\/4779","targetHints":{"allow":["GET"]}}],"collection":[{"href":"https:\/\/www.somatechnology.com\/spanish\/wp-json\/wp\/v2\/product"}],"about":[{"href":"https:\/\/www.somatechnology.com\/spanish\/wp-json\/wp\/v2\/types\/product"}],"wp:featuredmedia":[{"embeddable":true,"href":"https:\/\/www.somatechnology.com\/spanish\/wp-json\/wp\/v2\/media\/11999"}],"wp:attachment":[{"href":"https:\/\/www.somatechnology.com\/spanish\/wp-json\/wp\/v2\/media?parent=4779"}],"wp:term":[{"taxonomy":"pwb-brand","embeddable":true,"href":"https:\/\/www.somatechnology.com\/spanish\/wp-json\/wp\/v2\/pwb-brand?post=4779"},{"taxonomy":"product_brand","embeddable":true,"href":"https:\/\/www.somatechnology.com\/spanish\/wp-json\/wp\/v2\/product_brand?post=4779"},{"taxonomy":"product_cat","embeddable":true,"href":"https:\/\/www.somatechnology.com\/spanish\/wp-json\/wp\/v2\/product_cat?post=4779"},{"taxonomy":"product_tag","embeddable":true,"href":"https:\/\/www.somatechnology.com\/spanish\/wp-json\/wp\/v2\/product_tag?post=4779"}],"curies":[{"name":"wp","href":"https:\/\/api.w.org\/{rel}","templated":true}]}}