{"id":4798,"date":"2016-07-19T21:39:59","date_gmt":"2016-07-19T21:39:59","guid":{"rendered":"http:\/\/equipomedicocentral.com\/wordpress\/product\/skytron-3500-surgical-table\/"},"modified":"2025-12-11T02:10:40","modified_gmt":"2025-12-11T07:10:40","slug":"skytron-elite-3500","status":"publish","type":"product","link":"https:\/\/www.somatechnology.com\/spanish\/equipo-medico-usado-remanufacturado\/mesas-de-cirugia\/skytron-elite-3500\/","title":{"rendered":"Skytron Elite 3500"},"content":{"rendered":"<div class=\"wpb-content-wrapper\"><p>[vc_row][vc_column][vc_column_text css=\u00bb\u00bb]<\/p>\n<h2>Skytron Elite 3500<\/h2>\n<p>El Skytron Elite 3500 es una mesa quir\u00fargica de uso general Electro-hidr\u00e1ulicamente operada. Las funciones de colocaci\u00f3n Electro-hidr\u00e1ulicas (funcionadas por el Hand-held, el bot\u00f3n, la unidad de control pendiente) son; Trendelenburg, inclinaci\u00f3n lateral, secci\u00f3n trasera, elevaci\u00f3n, secci\u00f3n de la pierna, diapositiva superior, flexi\u00f3n\/reflejo, elevaci\u00f3n del ri\u00f1\u00f3n, vuelta al nivel, y el sistema de la cerradura\/de freno del piso. Se proporcionan controles manuales para el posicionamiento de la secci\u00f3n principal, liberaci\u00f3n del freno de emergencia y eliminaci\u00f3n de la secci\u00f3n de piernas.<\/p>\n<ul>\n<li>Cierre autom\u00e1tico.<\/li>\n<li>capacidad de elevaci\u00f3n del paciente 500 lbs.<\/li>\n<li>26 \u2033 \u2013 45 \u2033 min\/max elevaci\u00f3n.<\/li>\n<li>Funcionado electro-hidr\u00e1ulico.<\/li>\n<li>Control de mano\/colgante f\u00e1cil de usar.<\/li>\n<li>Permite la proyecci\u00f3n de imagen del lleno-cuerpo.<\/li>\n<\/ul>\n<h3>Dimensiones<\/h3>\n<ul>\n<li>Altura (ajustable): 26 \u2013 45 in (66 \u2013 114,3 cm)<\/li>\n<li>Anchura: 21,8 in (55,2 cm)<\/li>\n<li>Longitud: 79 en (200,7 cm)<\/li>\n<li>Peso (bater\u00eda interna incluyendo): 12,8 lbs (5,8 kilogramos)<\/li>\n<\/ul>\n<h3>Informaci\u00f3n del Energ\u00eda<\/h3>\n<ul>\n<li>Requisitos de energ\u00eda: 120 VAC, 60Hz, 450 vatios<\/li>\n<li>Salida actual: menos de 100 microamperios<\/li>\n<li>Cable el\u00e9ctrico: 15 pies con el conectador del grado del hospital<\/li>\n<\/ul>\n<h3>Movimientos<\/h3>\n<ul>\n<li>Trendelenburg: 25 \u00b0<\/li>\n<li>Trendelenburg inversa: 20 \u00b0<\/li>\n<li>Inclinaci\u00f3n lateral (derecha e izquierda): 20 \u00b0<\/li>\n<li>Back (arriba): 90 \u00b0<\/li>\n<li>Back (abajo): 40 \u00b0<\/li>\n<li>Levantamiento renal: 5,5 \u2033 (14 cm)<\/li>\n<li>Elevaci\u00f3n \u2022 tabla-para arriba: 45 \u2033 (114,3 cm)<\/li>\n<li>Tabla-abajo: 26 \u2033 (66 cm)<\/li>\n<li>Diapositiva superior \u2022 a la cabeza: 7,5 \u2033 (19,1 cm)<\/li>\n<li>A pie: 13,5 \u2033 (34,3 cm)<\/li>\n<li>Pierna (arriba): 2 \u00b0<\/li>\n<li>Pierna (abajo): 98 \u00b0<\/li>\n<li>Secci\u00f3n principal (colocaci\u00f3n manual arriba): 60 \u00b0<\/li>\n<li>Secci\u00f3n principal (colocaci\u00f3n manual abajo): 90 \u00b0<\/li>\n<\/ul>\n<h3>Bater\u00eda (Opcional)<\/h3>\n<ul>\n<li>Tipo: \u00e1cido de plomo<\/li>\n<li>Tiempo de funcionamiento: ~ 2 semanas (bajo condiciones de funcionamiento normales)<\/li>\n<li>Vida \u00fatil: ~ 4 a\u00f1os<\/li>\n<\/ul>\n<p>[\/vc_column_text][\/vc_column][\/vc_row]<\/p>\n<\/div>","protected":false},"excerpt":{"rendered":"<p>Mesa Quir\u00fargica<\/p>\n","protected":false},"featured_media":9549,"template":"","meta":{"_acf_changed":false,"_relevanssi_hide_post":"","_relevanssi_hide_content":"","_relevanssi_pin_for_all":"","_relevanssi_pin_keywords":"","_relevanssi_unpin_keywords":"","_relevanssi_related_keywords":"","_relevanssi_related_include_ids":"","_relevanssi_related_exclude_ids":"","_relevanssi_related_no_append":"","_relevanssi_related_not_related":"","_relevanssi_related_posts":"","_relevanssi_noindex_reason":"","inline_featured_image":false},"pwb-brand":[1186],"product_brand":[],"product_cat":[72],"product_tag":[2527,2526,2507,2506,4160,2522,2525,2523,2524],"class_list":{"0":"post-4798","1":"product","2":"type-product","3":"status-publish","4":"has-post-thumbnail","6":"pwb-brand-equipo-medico-skytron","7":"product_cat-mesas-de-cirugia","8":"product_tag-2527","9":"product_tag-elite-3500","10":"product_tag-mesa-de-quirurgica","11":"product_tag-mesa-quirurgicas","12":"product_tag-mesas-quirurgicas-skytron","13":"product_tag-skytron","14":"product_tag-skytron-3500","15":"product_tag-skytron-elite","16":"product_tag-skytron-elite-3500","18":"first","19":"instock","20":"purchasable","21":"product-type-simple"},"acf":[],"brands":[{"id":1186,"name":"Skytron","slug":"equipo-medico-skytron"}],"_links":{"self":[{"href":"https:\/\/www.somatechnology.com\/spanish\/wp-json\/wp\/v2\/product\/4798","targetHints":{"allow":["GET"]}}],"collection":[{"href":"https:\/\/www.somatechnology.com\/spanish\/wp-json\/wp\/v2\/product"}],"about":[{"href":"https:\/\/www.somatechnology.com\/spanish\/wp-json\/wp\/v2\/types\/product"}],"wp:featuredmedia":[{"embeddable":true,"href":"https:\/\/www.somatechnology.com\/spanish\/wp-json\/wp\/v2\/media\/9549"}],"wp:attachment":[{"href":"https:\/\/www.somatechnology.com\/spanish\/wp-json\/wp\/v2\/media?parent=4798"}],"wp:term":[{"taxonomy":"pwb-brand","embeddable":true,"href":"https:\/\/www.somatechnology.com\/spanish\/wp-json\/wp\/v2\/pwb-brand?post=4798"},{"taxonomy":"product_brand","embeddable":true,"href":"https:\/\/www.somatechnology.com\/spanish\/wp-json\/wp\/v2\/product_brand?post=4798"},{"taxonomy":"product_cat","embeddable":true,"href":"https:\/\/www.somatechnology.com\/spanish\/wp-json\/wp\/v2\/product_cat?post=4798"},{"taxonomy":"product_tag","embeddable":true,"href":"https:\/\/www.somatechnology.com\/spanish\/wp-json\/wp\/v2\/product_tag?post=4798"}],"curies":[{"name":"wp","href":"https:\/\/api.w.org\/{rel}","templated":true}]}}