{"id":4802,"date":"2016-07-19T21:39:59","date_gmt":"2016-07-19T21:39:59","guid":{"rendered":"http:\/\/equipomedicocentral.com\/wordpress\/product\/stryker-721-stretcher\/"},"modified":"2023-08-23T06:16:03","modified_gmt":"2023-08-23T10:16:03","slug":"stryker-721-stretcher","status":"publish","type":"product","link":"https:\/\/www.somatechnology.com\/spanish\/equipo-medico-usado-remanufacturado\/camillas\/stryker-721-stretcher\/","title":{"rendered":"Stryker 721"},"content":{"rendered":"<h2>Caraster\u00edsticas de la Camilla de trasnporte Stryker 721<\/h2>\n<p>Un ensanchador b\u00e1sico rentable del transporte de la fijo-altura Stryker 721 con Fowler (manual), carriles laterales, poste de IV y pozo del tanque de O2. El dise\u00f1o simple del ensanchador del transporte de Stryker proporciona el transporte seguro y eficiente. Id\u00f3neo para el entorno ASC. El Stryker 720 tambi\u00e9n tiene funciones centrales del freno y de la direcci\u00f3n, que ofrece una movilidad de la quinta rueda para una tracci\u00f3n m\u00e1s f\u00e1cil y arrinconar. Adem\u00e1s, el ensanchador del transporte de Stryker tambi\u00e9n ofrece un dise\u00f1o moderno y una capacidad del peso de 500 libras.<\/p>\n<ul>\n<li>Altura fija<\/li>\n<\/ul>\n<ul>\n<li>Trendelenburg manual<\/li>\n<li>3 \u2033 (8 cm) colch\u00f3n<\/li>\n<li>Ruedas Omni Surface &#x2122; de 8 \u2033 (20 cm)<\/li>\n<li>24 \u2033 (61 cm) superficie paciente amplia<\/li>\n<li>Carriles laterales del doblar-a-pie<\/li>\n<li>Cuatro recept\u00e1culos IV<\/li>\n<li>Frenos de cuatro ruedas y anillos de acero con activadores de dos extremos<\/li>\n<li>Bandeja integrada del almacenaje con el sostenedor de botella de ox\u00edgeno<\/li>\n<li>Trabando el manejo del echador<\/li>\n<li>Topes del rodillo<\/li>\n<li>Litera estacionaria del pie-fin<\/li>\n<li>Dise\u00f1o de pedestal doble<\/li>\n<\/ul>\n<h2>Especificaciones de la camilla Stryker 721<\/h2>\n<h3>Dimensions<\/h3>\n<ul>\n<li>Largura total: 83in (211 cm)<\/li>\n<li>Anchura total: 30 in (76 cm)<\/li>\n<li>Capacidad de peso: 500 lb (228 kg)<\/li>\n<\/ul>\n<h3>Altura fija<\/h3>\n<ul>\n<li>28 in, 30 in or 32 in (71, 76, 81 cm)<\/li>\n<\/ul>\n<h3>Respaldo de colocaci\u00f3n de basura<\/h3>\n<ul>\n<li>0\u00b0 \u2013 90\u00b0<\/li>\n<\/ul>\n<h3>Posicionamiento<\/h3>\n<ul>\n<li>12\u00b0 Trend<\/li>\n<\/ul>\n<h3>Superficie<\/h3>\n<ul>\n<li>24 in x 76 in (61 cm x 193 cm<\/li>\n<\/ul>\n<h3>Superficie Opcional<\/h3>\n<ul>\n<li>26 in x 76 in (66 cm x 193 cm)<\/li>\n<\/ul>\n<h3>Rieles laterales<\/h3>\n<ul>\n<li>13 in x 55 in (33 cm x 140 cm)<\/li>\n<\/ul>\n<h3>Tablero de transferencia largo<\/h3>\n<ul>\n<li>10 in x 64.5 in (25 cm x 164 cm)<\/li>\n<\/ul>\n<h3>Tablero de transferencia corto<\/h3>\n<ul>\n<li>8 in x 44 in (20 cm x 112 cm)<\/li>\n<\/ul>\n<p>&nbsp;<\/p>\n","protected":false},"excerpt":{"rendered":"<p>Camilla<\/p>\n","protected":false},"featured_media":12488,"template":"","meta":{"_acf_changed":false,"_relevanssi_hide_post":"","_relevanssi_hide_content":"","_relevanssi_pin_for_all":"","_relevanssi_pin_keywords":"","_relevanssi_unpin_keywords":"","_relevanssi_related_keywords":"","_relevanssi_related_include_ids":"","_relevanssi_related_exclude_ids":"","_relevanssi_related_no_append":"","_relevanssi_related_not_related":"","_relevanssi_related_posts":"","_relevanssi_noindex_reason":"","inline_featured_image":false},"pwb-brand":[1079],"product_brand":[],"product_cat":[58,4778],"product_tag":[5285,5307,5312,178,5316,5317,5306],"class_list":{"0":"post-4802","1":"product","2":"type-product","3":"status-publish","4":"has-post-thumbnail","6":"pwb-brand-equipo-medico-stryker","7":"product_cat-camillas","8":"product_cat-camillas-de-transporte","9":"product_tag-camillas-de-transporte","10":"product_tag-camillas-de-transporte-stryker","11":"product_tag-equipo-medico-de-emergencia","12":"product_tag-stryker","13":"product_tag-stryker-721","14":"product_tag-stryker-721-camillas-de-transporte","15":"product_tag-stryker-camillas-de-transporte","17":"first","18":"instock","19":"purchasable","20":"product-type-simple"},"acf":[],"brands":[{"id":1079,"name":"Stryker","slug":"equipo-medico-stryker"}],"_links":{"self":[{"href":"https:\/\/www.somatechnology.com\/spanish\/wp-json\/wp\/v2\/product\/4802","targetHints":{"allow":["GET"]}}],"collection":[{"href":"https:\/\/www.somatechnology.com\/spanish\/wp-json\/wp\/v2\/product"}],"about":[{"href":"https:\/\/www.somatechnology.com\/spanish\/wp-json\/wp\/v2\/types\/product"}],"wp:featuredmedia":[{"embeddable":true,"href":"https:\/\/www.somatechnology.com\/spanish\/wp-json\/wp\/v2\/media\/12488"}],"wp:attachment":[{"href":"https:\/\/www.somatechnology.com\/spanish\/wp-json\/wp\/v2\/media?parent=4802"}],"wp:term":[{"taxonomy":"pwb-brand","embeddable":true,"href":"https:\/\/www.somatechnology.com\/spanish\/wp-json\/wp\/v2\/pwb-brand?post=4802"},{"taxonomy":"product_brand","embeddable":true,"href":"https:\/\/www.somatechnology.com\/spanish\/wp-json\/wp\/v2\/product_brand?post=4802"},{"taxonomy":"product_cat","embeddable":true,"href":"https:\/\/www.somatechnology.com\/spanish\/wp-json\/wp\/v2\/product_cat?post=4802"},{"taxonomy":"product_tag","embeddable":true,"href":"https:\/\/www.somatechnology.com\/spanish\/wp-json\/wp\/v2\/product_tag?post=4802"}],"curies":[{"name":"wp","href":"https:\/\/api.w.org\/{rel}","templated":true}]}}