{"id":4807,"date":"2016-07-19T21:39:59","date_gmt":"2016-07-19T21:39:59","guid":{"rendered":"http:\/\/equipomedicocentral.com\/wordpress\/product\/philips-hewlett-packard-m1097a\/"},"modified":"2025-09-23T12:07:28","modified_gmt":"2025-09-23T16:07:28","slug":"philips-hewlett-packard-m1097a","status":"publish","type":"product","link":"https:\/\/www.somatechnology.com\/spanish\/equipo-medico-usado-remanufacturado\/monitores-de-signos-vitales\/monitores-multiparametros\/philips-hewlett-packard-m1097a\/","title":{"rendered":"Philips HP M1097A"},"content":{"rendered":"<h2>Caracter\u00edsticas del Philips HP M1097A<\/h2>\n<p>Monitor de pantalla plana de 15 \u00abpara el sistema de supervisi\u00f3n componente de viridis<\/p>\n<p>El rack del m\u00f3dulo enchufable es la interfaz entre los m\u00f3dulos enchufables y el m\u00f3dulo de ordenador.<\/p>\n<p>Los m\u00f3dulos enchufables son la interfaz entre los cables del paciente y el rack del m\u00f3dulo enchufable. Cada m\u00f3dulo enchufable es responsable de los tipos espec\u00edficos de medida del paciente (presi\u00f3n, Temp, y as\u00ed sucesivamente). Estos tipos de medida tambi\u00e9n se conocen como par\u00e1metros.<\/p>\n","protected":false},"excerpt":{"rendered":"<p>Monitores Multiparametros<\/p>\n","protected":false},"featured_media":11253,"template":"","meta":{"_acf_changed":false,"_relevanssi_hide_post":"","_relevanssi_hide_content":"","_relevanssi_pin_for_all":"","_relevanssi_pin_keywords":"","_relevanssi_unpin_keywords":"","_relevanssi_related_keywords":"","_relevanssi_related_include_ids":"","_relevanssi_related_exclude_ids":"","_relevanssi_related_no_append":"","_relevanssi_related_not_related":"","_relevanssi_related_posts":"","_relevanssi_noindex_reason":"","inline_featured_image":false},"pwb-brand":[1102],"product_brand":[],"product_cat":[50],"product_tag":[2115,3898,3531,3614,3896,273,1224,3861,3897],"class_list":{"0":"post-4807","1":"product","2":"type-product","3":"status-publish","4":"has-post-thumbnail","6":"pwb-brand-equipo-medico-philips","7":"product_cat-monitores-multiparametros","8":"product_tag-hp","9":"product_tag-m1097a","10":"product_tag-monitores","11":"product_tag-monitores-multiparametros","12":"product_tag-multiparametros","13":"product_tag-philips","14":"product_tag-philips-hp","15":"product_tag-philips-hp-m1097a","16":"product_tag-philips-m1097a","18":"first","19":"instock","20":"purchasable","21":"product-type-simple"},"acf":[],"brands":[{"id":1102,"name":"Philips","slug":"equipo-medico-philips"}],"_links":{"self":[{"href":"https:\/\/www.somatechnology.com\/spanish\/wp-json\/wp\/v2\/product\/4807","targetHints":{"allow":["GET"]}}],"collection":[{"href":"https:\/\/www.somatechnology.com\/spanish\/wp-json\/wp\/v2\/product"}],"about":[{"href":"https:\/\/www.somatechnology.com\/spanish\/wp-json\/wp\/v2\/types\/product"}],"wp:featuredmedia":[{"embeddable":true,"href":"https:\/\/www.somatechnology.com\/spanish\/wp-json\/wp\/v2\/media\/11253"}],"wp:attachment":[{"href":"https:\/\/www.somatechnology.com\/spanish\/wp-json\/wp\/v2\/media?parent=4807"}],"wp:term":[{"taxonomy":"pwb-brand","embeddable":true,"href":"https:\/\/www.somatechnology.com\/spanish\/wp-json\/wp\/v2\/pwb-brand?post=4807"},{"taxonomy":"product_brand","embeddable":true,"href":"https:\/\/www.somatechnology.com\/spanish\/wp-json\/wp\/v2\/product_brand?post=4807"},{"taxonomy":"product_cat","embeddable":true,"href":"https:\/\/www.somatechnology.com\/spanish\/wp-json\/wp\/v2\/product_cat?post=4807"},{"taxonomy":"product_tag","embeddable":true,"href":"https:\/\/www.somatechnology.com\/spanish\/wp-json\/wp\/v2\/product_tag?post=4807"}],"curies":[{"name":"wp","href":"https:\/\/api.w.org\/{rel}","templated":true}]}}